{"id":2626,"date":"2025-07-18T21:47:46","date_gmt":"2025-07-18T21:47:46","guid":{"rendered":"https:\/\/hagemanestate.com\/?page_id=2626"},"modified":"2025-08-13T20:11:43","modified_gmt":"2025-08-13T20:11:43","slug":"commissie","status":"publish","type":"page","link":"https:\/\/hagemanestate.com\/nl\/biztositas\/","title":{"rendered":"Verzekering"},"content":{"rendered":"<div data-elementor-type=\"wp-page\" data-elementor-id=\"2626\" class=\"elementor elementor-2626\" data-elementor-post-type=\"page\">\n\t\t\t\t<div class=\"elementor-element elementor-element-1153a22 e-flex e-con-boxed e-con e-parent\" data-id=\"1153a22\" data-element_type=\"container\" data-e-type=\"container\" data-settings=\"{&quot;_ob_use_container_extras&quot;:&quot;no&quot;,&quot;_ob_column_hoveranimator&quot;:&quot;no&quot;,&quot;_ob_glider_is_slider&quot;:&quot;no&quot;,&quot;_ob_column_has_pseudo&quot;:&quot;no&quot;}\">\n\t\t\t\t\t<div class=\"e-con-inner\">\n\t\t<div class=\"elementor-element elementor-element-877cde0 e-con-full e-flex e-con e-child\" data-id=\"877cde0\" data-element_type=\"container\" data-e-type=\"container\" data-settings=\"{&quot;_ob_use_container_extras&quot;:&quot;no&quot;,&quot;_ob_column_hoveranimator&quot;:&quot;no&quot;,&quot;_ob_glider_is_slider&quot;:&quot;no&quot;,&quot;_ob_column_has_pseudo&quot;:&quot;no&quot;}\">\n\t\t\t\t<div class=\"elementor-element elementor-element-65a41e7 ob-has-background-overlay elementor-widget elementor-widget-image\" data-id=\"65a41e7\" data-element_type=\"widget\" data-e-type=\"widget\" data-settings=\"{&quot;_ob_photomorph_use&quot;:&quot;no&quot;,&quot;_ob_perspektive_use&quot;:&quot;no&quot;,&quot;_ob_poopart_use&quot;:&quot;yes&quot;,&quot;_ob_shadough_use&quot;:&quot;no&quot;,&quot;_ob_allow_hoveranimator&quot;:&quot;no&quot;,&quot;_ob_widget_stalker_use&quot;:&quot;no&quot;}\" data-widget_type=\"image.default\">\n\t\t\t\t<div class=\"elementor-widget-container\">\n\t\t\t\t\t\t\t\t\t\t\t\t\t\t\t<img fetchpriority=\"high\" decoding=\"async\" width=\"739\" height=\"1024\" src=\"https:\/\/hagemanestate.com\/wp-content\/uploads\/2025\/07\/Coen-HagemanAlairttProfilkep-739x1024.png\" class=\"attachment-large size-large wp-image-1836\" alt=\"Coen Hageman, oprichter van Hageman Estate en meertalig makelaar\" srcset=\"https:\/\/hagemanestate.com\/wp-content\/uploads\/2025\/07\/Coen-HagemanAlairttProfilkep-739x1024.png 739w, https:\/\/hagemanestate.com\/wp-content\/uploads\/2025\/07\/Coen-HagemanAlairttProfilkep-216x300.png 216w, https:\/\/hagemanestate.com\/wp-content\/uploads\/2025\/07\/Coen-HagemanAlairttProfilkep-768x1065.png 768w, https:\/\/hagemanestate.com\/wp-content\/uploads\/2025\/07\/Coen-HagemanAlairttProfilkep-1108x1536.png 1108w, https:\/\/hagemanestate.com\/wp-content\/uploads\/2025\/07\/Coen-HagemanAlairttProfilkep.png 1242w\" sizes=\"(max-width: 739px) 100vw, 739px\" \/>\t\t\t\t\t\t\t\t\t\t\t\t\t\t\t<\/div>\n\t\t\t\t<\/div>\n\t\t\t\t<\/div>\n\t\t<div class=\"elementor-element elementor-element-adccb3a e-con-full e-flex e-con e-child\" data-id=\"adccb3a\" data-element_type=\"container\" data-e-type=\"container\" data-settings=\"{&quot;_ob_use_container_extras&quot;:&quot;no&quot;,&quot;_ob_column_hoveranimator&quot;:&quot;no&quot;,&quot;_ob_glider_is_slider&quot;:&quot;no&quot;,&quot;_ob_column_has_pseudo&quot;:&quot;no&quot;}\">\n\t\t\t\t<div class=\"elementor-element elementor-element-23818df ob-harakiri-inherit ob-has-background-overlay elementor-widget elementor-widget-text-editor\" data-id=\"23818df\" data-element_type=\"widget\" data-e-type=\"widget\" data-settings=\"{&quot;_ob_use_harakiri&quot;:&quot;yes&quot;,&quot;_ob_harakiri_writing_mode&quot;:&quot;inherit&quot;,&quot;_ob_postman_use&quot;:&quot;no&quot;,&quot;_ob_perspektive_use&quot;:&quot;no&quot;,&quot;_ob_poopart_use&quot;:&quot;yes&quot;,&quot;_ob_shadough_use&quot;:&quot;no&quot;,&quot;_ob_allow_hoveranimator&quot;:&quot;no&quot;,&quot;_ob_widget_stalker_use&quot;:&quot;no&quot;}\" data-widget_type=\"text-editor.default\">\n\t\t\t\t<div class=\"elementor-widget-container\">\n\t\t\t\t\t\t\t\t\t<h6 data-start=\"397\" data-end=\"475\">Vastgoedverzekeringsaanbeveling - betrouwbare, persoonlijke oplossingen<br \/><br \/>Een verzekeringsadvies bij het kopen, verkopen, huren of bouwen van een woning kan cruciaal zijn als je je bezittingen wilt beschermen en risico's wilt beperken. Veel mensen beginnen pas na te denken over de juiste verzekering als het probleem zich al heeft voorgedaan - maar de juiste beslissing kan al van tevoren worden genomen. Ik ben geen verzekeringsverkoper, dus ik probeer niets te verkopen \"tegen elke prijs\". Als je echter een ervaren, betrouwbare professional nodig hebt, kan ik iemand aanbevelen die ik vertrouw.<br \/><br \/>Hoe kan een verzekeringsadvies helpen bij onroerend goed?<\/h6><ul><li data-start=\"1036\" data-end=\"1105\">Opstalverzekering - update voor en na verkoop of verhuur<\/li><li>Verzekering op maat voor huurders - vaak vergeten, maar belangrijk om schade van huurders te dekken<\/li><li data-start=\"1206\" data-end=\"1273\">Verzekering tijdens de bouw - bescherming zelfs tijdens de bouw<\/li><li data-start=\"1276\" data-end=\"1349\">Autoverzekering - bijvoorbeeld na naturalisatie, tegen gunstige voorwaarden<\/li><\/ul><h6 data-start=\"1351\" data-end=\"1640\">Ik heb een netwerk van verzekeringsadviseurs die voor verschillende maatschappijen werken, dus je wordt niet in \u00e9\u00e9n richting gestuurd. Het doel is altijd om de beste oplossing voor jouw behoeften te vinden, transparant en zonder verborgen kosten - duidelijk uitgelegd, stap voor stap.<br \/><br \/>Waarom is een verzekeringsadvies voor onroerend goed belangrijk?<\/h6><ul><li data-start=\"1702\" data-end=\"1777\">Materi\u00eble veiligheid: onverwachte schade kan een zware last zijn voor de eigenaar<\/li><li data-start=\"1780\" data-end=\"1841\">Gemoedsrust: je kunt erop vertrouwen dat je waardevolle spullen beschermd zijn<\/li><li data-start=\"1844\" data-end=\"1926\">Aanpassing: niet alle eigenschappen en situaties vereisen hetzelfde pakket<\/li><\/ul><h6 data-start=\"1928\" data-end=\"2205\">Een verzekeringsadvies is niet zomaar een dienst - het is een vangnet dat je kan beschermen tegen onnodige kosten en hoofdpijn. Neem contact met me op en laten we samen de beste oplossing voor jouw situatie vinden!<\/h6>\t\t\t\t\t\t\t\t<\/div>\n\t\t\t\t<\/div>\n\t\t\t\t<\/div>\n\t\t\t\t\t<\/div>\n\t\t\t\t<\/div>\n\t\t\t\t<\/div>","protected":false},"excerpt":{"rendered":"<p>Biztos\u00edt\u00e1si aj\u00e1nl\u00e1s ingatlan \u2013 megb\u00edzhat\u00f3, szem\u00e9lyre szabott megold\u00e1sok A biztos\u00edt\u00e1si aj\u00e1nl\u00e1s ingatlan v\u00e1s\u00e1rl\u00e1s, elad\u00e1s, b\u00e9rbead\u00e1s vagy \u00e9p\u00edtkez\u00e9s sor\u00e1n kulcsfontoss\u00e1g\u00fa lehet, ha szeretn\u00e9 megv\u00e9deni \u00e9rt\u00e9keit \u00e9s cs\u00f6kkenteni a kock\u00e1zatokat. Sokan csak akkor kezdenek el gondolkodni a megfelel\u0151 biztos\u00edt\u00e1son, amikor m\u00e1r bek\u00f6vetkezett a probl\u00e9ma \u2013 pedig a j\u00f3 d\u00f6nt\u00e9s el\u0151re meghozhat\u00f3. Nem vagyok biztos\u00edt\u00e1si \u00fcgyn\u00f6k, \u00edgy nem &#8230; <a title=\"Verzekering\" class=\"read-more\" href=\"https:\/\/hagemanestate.com\/nl\/biztositas\/\" aria-label=\"Lees meer over Biztos\u00edt\u00e1s\">Lees verder<\/a><\/p>","protected":false},"author":1,"featured_media":0,"parent":0,"menu_order":0,"comment_status":"closed","ping_status":"closed","template":"elementor_header_footer","meta":{"footnotes":""},"class_list":["post-2626","page","type-page","status-publish"],"yoast_head":"<!-- This site is optimized with the Yoast SEO Premium plugin v27.3 (Yoast SEO v27.3) - https:\/\/yoast.com\/product\/yoast-seo-premium-wordpress\/ -->\n<title>Biztos\u00edt\u00e1si aj\u00e1nl\u00e1s ingatlan \u2013 Megb\u00edzhat\u00f3 szakemberekkel |hagemanestate.com<\/title>\n<meta name=\"description\" content=\"Biztos\u00edt\u00e1si aj\u00e1nl\u00e1s ingatlan v\u00e1s\u00e1rl\u00e1shoz, elad\u00e1shoz vagy b\u00e9rbead\u00e1shoz. Megb\u00edzhat\u00f3 szakemberek, \u00e9rthet\u0151 tan\u00e1csad\u00e1s, rejtett k\u00f6lts\u00e9gek n\u00e9lk\u00fcl.\" \/>\n<meta name=\"robots\" content=\"index, follow, max-snippet:-1, max-image-preview:large, max-video-preview:-1\" \/>\n<link rel=\"canonical\" href=\"https:\/\/hagemanestate.com\/nl\/commissie\/\" \/>\n<meta property=\"og:locale\" content=\"nl_NL\" \/>\n<meta property=\"og:type\" content=\"article\" \/>\n<meta property=\"og:title\" content=\"Biztos\u00edt\u00e1s\" \/>\n<meta property=\"og:description\" content=\"Biztos\u00edt\u00e1si aj\u00e1nl\u00e1s ingatlan v\u00e1s\u00e1rl\u00e1shoz, elad\u00e1shoz vagy b\u00e9rbead\u00e1shoz. Megb\u00edzhat\u00f3 szakemberek, \u00e9rthet\u0151 tan\u00e1csad\u00e1s, rejtett k\u00f6lts\u00e9gek n\u00e9lk\u00fcl.\" \/>\n<meta property=\"og:url\" content=\"https:\/\/hagemanestate.com\/nl\/commissie\/\" \/>\n<meta property=\"og:site_name\" content=\"hagemanestate.com\" \/>\n<meta property=\"article:publisher\" content=\"https:\/\/www.facebook.com\/coen.hageman\" \/>\n<meta property=\"article:modified_time\" content=\"2025-08-13T20:11:43+00:00\" \/>\n<meta property=\"og:image\" content=\"https:\/\/hagemanestate.com\/wp-content\/uploads\/2025\/07\/Coen-HagemanAlairttProfilkep-739x1024.png\" \/>\n<meta name=\"twitter:card\" content=\"summary_large_image\" \/>\n<meta name=\"twitter:label1\" content=\"Geschatte leestijd\" \/>\n\t<meta name=\"twitter:data1\" content=\"2 minuten\" \/>\n<script type=\"application\/ld+json\" class=\"yoast-schema-graph\">{\"@context\":\"https:\\\/\\\/schema.org\",\"@graph\":[{\"@type\":\"WebPage\",\"@id\":\"https:\\\/\\\/hagemanestate.com\\\/biztositas\\\/\",\"url\":\"https:\\\/\\\/hagemanestate.com\\\/biztositas\\\/\",\"name\":\"Biztos\u00edt\u00e1si aj\u00e1nl\u00e1s ingatlan \u2013 Megb\u00edzhat\u00f3 szakemberekkel |hagemanestate.com\",\"isPartOf\":{\"@id\":\"https:\\\/\\\/hagemanestate.com\\\/#website\"},\"primaryImageOfPage\":{\"@id\":\"https:\\\/\\\/hagemanestate.com\\\/biztositas\\\/#primaryimage\"},\"image\":{\"@id\":\"https:\\\/\\\/hagemanestate.com\\\/biztositas\\\/#primaryimage\"},\"thumbnailUrl\":\"https:\\\/\\\/hagemanestate.com\\\/wp-content\\\/uploads\\\/2025\\\/07\\\/Coen-HagemanAlairttProfilkep-739x1024.png\",\"datePublished\":\"2025-07-18T21:47:46+00:00\",\"dateModified\":\"2025-08-13T20:11:43+00:00\",\"description\":\"Biztos\u00edt\u00e1si aj\u00e1nl\u00e1s ingatlan v\u00e1s\u00e1rl\u00e1shoz, elad\u00e1shoz vagy b\u00e9rbead\u00e1shoz. Megb\u00edzhat\u00f3 szakemberek, \u00e9rthet\u0151 tan\u00e1csad\u00e1s, rejtett k\u00f6lts\u00e9gek n\u00e9lk\u00fcl.\",\"breadcrumb\":{\"@id\":\"https:\\\/\\\/hagemanestate.com\\\/biztositas\\\/#breadcrumb\"},\"inLanguage\":\"nl-NL\",\"potentialAction\":[{\"@type\":\"ReadAction\",\"target\":[\"https:\\\/\\\/hagemanestate.com\\\/biztositas\\\/\"]}]},{\"@type\":\"ImageObject\",\"inLanguage\":\"nl-NL\",\"@id\":\"https:\\\/\\\/hagemanestate.com\\\/biztositas\\\/#primaryimage\",\"url\":\"https:\\\/\\\/hagemanestate.com\\\/wp-content\\\/uploads\\\/2025\\\/07\\\/Coen-HagemanAlairttProfilkep-739x1024.png\",\"contentUrl\":\"https:\\\/\\\/hagemanestate.com\\\/wp-content\\\/uploads\\\/2025\\\/07\\\/Coen-HagemanAlairttProfilkep-739x1024.png\"},{\"@type\":\"BreadcrumbList\",\"@id\":\"https:\\\/\\\/hagemanestate.com\\\/biztositas\\\/#breadcrumb\",\"itemListElement\":[{\"@type\":\"ListItem\",\"position\":1,\"name\":\"Kezd\u0151lap\",\"item\":\"https:\\\/\\\/hagemanestate.com\\\/\"},{\"@type\":\"ListItem\",\"position\":2,\"name\":\"Biztos\u00edt\u00e1s\"}]},{\"@type\":\"WebSite\",\"@id\":\"https:\\\/\\\/hagemanestate.com\\\/#website\",\"url\":\"https:\\\/\\\/hagemanestate.com\\\/\",\"name\":\"hagemanestate.com\",\"description\":\"\ud83c\udded\ud83c\uddfa Magyar: Ingatlank\u00f6zvet\u00edt\u0151 Somogyban \u2013 Elad\u00f3 \u00e9s kiad\u00f3 h\u00e1zak, lak\u00e1sok | Hageman Estate   \ud83c\uddec\ud83c\udde7 English: Real Estate Hungary \u2013 Buy or rent property in Somogy | Hageman Estate   \ud83c\udde9\ud83c\uddea Immobilien Ungarn \u2013 Kaufen oder mieten in der Region Somogy | Hageman Estate   \ud83c\uddf3\ud83c\uddf1 Nederlands: Makelaar Hongarije \u2013 Koop of huur vastgoed in Somogy | Hageman Estate\",\"publisher\":{\"@id\":\"https:\\\/\\\/hagemanestate.com\\\/#organization\"},\"potentialAction\":[{\"@type\":\"SearchAction\",\"target\":{\"@type\":\"EntryPoint\",\"urlTemplate\":\"https:\\\/\\\/hagemanestate.com\\\/?s={search_term_string}\"},\"query-input\":{\"@type\":\"PropertyValueSpecification\",\"valueRequired\":true,\"valueName\":\"search_term_string\"}}],\"inLanguage\":\"nl-NL\"},{\"@type\":\"Organization\",\"@id\":\"https:\\\/\\\/hagemanestate.com\\\/#organization\",\"name\":\"hagemanestate.com\",\"url\":\"https:\\\/\\\/hagemanestate.com\\\/\",\"logo\":{\"@type\":\"ImageObject\",\"inLanguage\":\"nl-NL\",\"@id\":\"https:\\\/\\\/hagemanestate.com\\\/#\\\/schema\\\/logo\\\/image\\\/\",\"url\":\"https:\\\/\\\/hagemanestate.com\\\/wp-content\\\/uploads\\\/2025\\\/05\\\/2025.-01.-30.-17_18_09-1024x575.png\",\"contentUrl\":\"https:\\\/\\\/hagemanestate.com\\\/wp-content\\\/uploads\\\/2025\\\/05\\\/2025.-01.-30.-17_18_09-1024x575.png\",\"width\":1024,\"height\":575,\"caption\":\"hagemanestate.com\"},\"image\":{\"@id\":\"https:\\\/\\\/hagemanestate.com\\\/#\\\/schema\\\/logo\\\/image\\\/\"},\"sameAs\":[\"https:\\\/\\\/www.facebook.com\\\/coen.hageman\",\"https:\\\/\\\/www.instagram.com\\\/coenhagemanestate\\\/\",\"https:\\\/\\\/www.tiktok.com\\\/@coenhagemaningatlan\"],\"description\":\"Hageman Estate is een gecertificeerd makelaarskantoor in de provincie Somogy, Hongarije. Wij zijn gespecialiseerd in de aan- en verkoop van landelijk vastgoed en begeleiden buitenlandse kopers \u2013 voornamelijk uit Nederland en West-Europa \u2013 persoonlijk van de eerste bezichtiging tot de sleuteloverdracht.\",\"email\":\"coenhageman@gmail.com\",\"telephone\":\"+36 30 391 9975\",\"legalName\":\"Hageman Estate\",\"foundingDate\":\"2025-07-04\",\"numberOfEmployees\":{\"@type\":\"QuantitativeValue\",\"minValue\":\"1\",\"maxValue\":\"10\"}}]}<\/script>\n<!-- \/ Yoast SEO Premium plugin. -->","yoast_head_json":{"title":"Aanbeveling voor onroerendgoedverzekering - Met vertrouwde professionals |hagemanestate.com","description":"Verzekeringsadvies voor het kopen, verkopen of verhuren van een huis. Betrouwbare professionals, duidelijk advies, geen verborgen kosten.","robots":{"index":"index","follow":"follow","max-snippet":"max-snippet:-1","max-image-preview":"max-image-preview:large","max-video-preview":"max-video-preview:-1"},"canonical":"https:\/\/hagemanestate.com\/nl\/commissie\/","og_locale":"nl_NL","og_type":"article","og_title":"Biztos\u00edt\u00e1s","og_description":"Biztos\u00edt\u00e1si aj\u00e1nl\u00e1s ingatlan v\u00e1s\u00e1rl\u00e1shoz, elad\u00e1shoz vagy b\u00e9rbead\u00e1shoz. Megb\u00edzhat\u00f3 szakemberek, \u00e9rthet\u0151 tan\u00e1csad\u00e1s, rejtett k\u00f6lts\u00e9gek n\u00e9lk\u00fcl.","og_url":"https:\/\/hagemanestate.com\/nl\/commissie\/","og_site_name":"hagemanestate.com","article_publisher":"https:\/\/www.facebook.com\/coen.hageman","article_modified_time":"2025-08-13T20:11:43+00:00","og_image":[{"url":"https:\/\/hagemanestate.com\/wp-content\/uploads\/2025\/07\/Coen-HagemanAlairttProfilkep-739x1024.png","type":"","width":"","height":""}],"twitter_card":"summary_large_image","twitter_misc":{"Geschatte leestijd":"2 minuten"},"schema":{"@context":"https:\/\/schema.org","@graph":[{"@type":"WebPage","@id":"https:\/\/hagemanestate.com\/biztositas\/","url":"https:\/\/hagemanestate.com\/biztositas\/","name":"Aanbeveling voor onroerendgoedverzekering - Met vertrouwde professionals |hagemanestate.com","isPartOf":{"@id":"https:\/\/hagemanestate.com\/#website"},"primaryImageOfPage":{"@id":"https:\/\/hagemanestate.com\/biztositas\/#primaryimage"},"image":{"@id":"https:\/\/hagemanestate.com\/biztositas\/#primaryimage"},"thumbnailUrl":"https:\/\/hagemanestate.com\/wp-content\/uploads\/2025\/07\/Coen-HagemanAlairttProfilkep-739x1024.png","datePublished":"2025-07-18T21:47:46+00:00","dateModified":"2025-08-13T20:11:43+00:00","description":"Verzekeringsadvies voor het kopen, verkopen of verhuren van een huis. Betrouwbare professionals, duidelijk advies, geen verborgen kosten.","breadcrumb":{"@id":"https:\/\/hagemanestate.com\/biztositas\/#breadcrumb"},"inLanguage":"nl-NL","potentialAction":[{"@type":"ReadAction","target":["https:\/\/hagemanestate.com\/biztositas\/"]}]},{"@type":"ImageObject","inLanguage":"nl-NL","@id":"https:\/\/hagemanestate.com\/biztositas\/#primaryimage","url":"https:\/\/hagemanestate.com\/wp-content\/uploads\/2025\/07\/Coen-HagemanAlairttProfilkep-739x1024.png","contentUrl":"https:\/\/hagemanestate.com\/wp-content\/uploads\/2025\/07\/Coen-HagemanAlairttProfilkep-739x1024.png"},{"@type":"BreadcrumbList","@id":"https:\/\/hagemanestate.com\/biztositas\/#breadcrumb","itemListElement":[{"@type":"ListItem","position":1,"name":"Kezd\u0151lap","item":"https:\/\/hagemanestate.com\/"},{"@type":"ListItem","position":2,"name":"Biztos\u00edt\u00e1s"}]},{"@type":"WebSite","@id":"https:\/\/hagemanestate.com\/#website","url":"https:\/\/hagemanestate.com\/","name":"hagemanestate.com","description":"\ud83c\udded\ud83c\uddfa English: Real Estate Hungary - Kopen of huren van onroerend goed in Somogy | Hageman Estate \ud83c\uddec\ud83c\udde7 English: Real Estate Hungary - Kopen of huren van onroerend goed in Somogy | Hageman Estate \ud83c\udde9\ud83c\uddea Hungary, real estate - Kopen of huren in Somogy | Hageman Estate \ud83c\uddf3\ud83c\uddf1 Nederlands: Makelaar Hongarije - Koop of huur vastgoed in Somogy | Hageman Estate","publisher":{"@id":"https:\/\/hagemanestate.com\/#organization"},"potentialAction":[{"@type":"SearchAction","target":{"@type":"EntryPoint","urlTemplate":"https:\/\/hagemanestate.com\/?s={search_term_string}"},"query-input":{"@type":"PropertyValueSpecification","valueRequired":true,"valueName":"search_term_string"}}],"inLanguage":"nl-NL"},{"@type":"Organization","@id":"https:\/\/hagemanestate.com\/#organization","name":"hagemanestate.com","url":"https:\/\/hagemanestate.com\/","logo":{"@type":"ImageObject","inLanguage":"nl-NL","@id":"https:\/\/hagemanestate.com\/#\/schema\/logo\/image\/","url":"https:\/\/hagemanestate.com\/wp-content\/uploads\/2025\/05\/2025.-01.-30.-17_18_09-1024x575.png","contentUrl":"https:\/\/hagemanestate.com\/wp-content\/uploads\/2025\/05\/2025.-01.-30.-17_18_09-1024x575.png","width":1024,"height":575,"caption":"hagemanestate.com"},"image":{"@id":"https:\/\/hagemanestate.com\/#\/schema\/logo\/image\/"},"sameAs":["https:\/\/www.facebook.com\/coen.hageman","https:\/\/www.instagram.com\/coenhagemanestate\/","https:\/\/www.tiktok.com\/@coenhagemaningatlan"],"description":"Hageman Estate is een gecertificeerd makelaarskantoor in de provincie Somogy, Hongarije. Wij zijn gespecialiseerd in de aan- en verkoop van landelijk vastgoed en begeleiden buitenlandse kopers - voornamelijk uit Nederland en West-Europa - personnlijk van de eerste bezichtiging tot de sleuteloverdracht.","email":"coenhageman@gmail.com","telephone":"+36 30 391 9975","legalName":"Hageman Estate","foundingDate":"2025-07-04","numberOfEmployees":{"@type":"QuantitativeValue","minValue":"1","maxValue":"10"}}]}},"_links":{"self":[{"href":"https:\/\/hagemanestate.com\/nl\/wp-json\/wp\/v2\/pages\/2626","targetHints":{"allow":["GET"]}}],"collection":[{"href":"https:\/\/hagemanestate.com\/nl\/wp-json\/wp\/v2\/pages"}],"about":[{"href":"https:\/\/hagemanestate.com\/nl\/wp-json\/wp\/v2\/types\/page"}],"author":[{"embeddable":true,"href":"https:\/\/hagemanestate.com\/nl\/wp-json\/wp\/v2\/users\/1"}],"replies":[{"embeddable":true,"href":"https:\/\/hagemanestate.com\/nl\/wp-json\/wp\/v2\/comments?post=2626"}],"version-history":[{"count":0,"href":"https:\/\/hagemanestate.com\/nl\/wp-json\/wp\/v2\/pages\/2626\/revisions"}],"wp:attachment":[{"href":"https:\/\/hagemanestate.com\/nl\/wp-json\/wp\/v2\/media?parent=2626"}],"curies":[{"name":"wp","href":"https:\/\/api.w.org\/{rel}","templated":true}]}}