{"id":2624,"date":"2025-07-18T21:58:02","date_gmt":"2025-07-18T21:58:02","guid":{"rendered":"https:\/\/hagemanestate.com\/?page_id=2624"},"modified":"2025-08-13T20:19:30","modified_gmt":"2025-08-13T20:19:30","slug":"algemene-informatie","status":"publish","type":"page","link":"https:\/\/hagemanestate.com\/nl\/generalkivitelezes\/","title":{"rendered":"Algemene bouw"},"content":{"rendered":"<div data-elementor-type=\"wp-page\" data-elementor-id=\"2624\" class=\"elementor elementor-2624\" data-elementor-post-type=\"page\">\n\t\t\t\t<div class=\"elementor-element elementor-element-0a25034 e-flex e-con-boxed e-con e-parent\" data-id=\"0a25034\" data-element_type=\"container\" data-e-type=\"container\" data-settings=\"{&quot;_ob_use_container_extras&quot;:&quot;no&quot;,&quot;_ob_column_hoveranimator&quot;:&quot;no&quot;,&quot;_ob_glider_is_slider&quot;:&quot;no&quot;,&quot;_ob_column_has_pseudo&quot;:&quot;no&quot;}\">\n\t\t\t\t\t<div class=\"e-con-inner\">\n\t\t<div class=\"elementor-element elementor-element-376c6a0 e-con-full e-flex e-con e-child\" data-id=\"376c6a0\" data-element_type=\"container\" data-e-type=\"container\" data-settings=\"{&quot;_ob_use_container_extras&quot;:&quot;no&quot;,&quot;_ob_column_hoveranimator&quot;:&quot;no&quot;,&quot;_ob_glider_is_slider&quot;:&quot;no&quot;,&quot;_ob_column_has_pseudo&quot;:&quot;no&quot;}\">\n\t\t\t\t<div class=\"elementor-element elementor-element-85b2c77 ob-has-background-overlay elementor-widget elementor-widget-image\" data-id=\"85b2c77\" data-element_type=\"widget\" data-e-type=\"widget\" data-settings=\"{&quot;_ob_photomorph_use&quot;:&quot;no&quot;,&quot;_ob_perspektive_use&quot;:&quot;no&quot;,&quot;_ob_poopart_use&quot;:&quot;yes&quot;,&quot;_ob_shadough_use&quot;:&quot;no&quot;,&quot;_ob_allow_hoveranimator&quot;:&quot;no&quot;,&quot;_ob_widget_stalker_use&quot;:&quot;no&quot;}\" data-widget_type=\"image.default\">\n\t\t\t\t<div class=\"elementor-widget-container\">\n\t\t\t\t\t\t\t\t\t\t\t\t\t\t\t<img fetchpriority=\"high\" decoding=\"async\" width=\"739\" height=\"1024\" src=\"https:\/\/hagemanestate.com\/wp-content\/uploads\/2025\/07\/Coen-HagemanAlairttProfilkep-739x1024.png\" class=\"attachment-large size-large wp-image-1836\" alt=\"Coen Hageman, oprichter van Hageman Estate en meertalig makelaar\" srcset=\"https:\/\/hagemanestate.com\/wp-content\/uploads\/2025\/07\/Coen-HagemanAlairttProfilkep-739x1024.png 739w, https:\/\/hagemanestate.com\/wp-content\/uploads\/2025\/07\/Coen-HagemanAlairttProfilkep-216x300.png 216w, https:\/\/hagemanestate.com\/wp-content\/uploads\/2025\/07\/Coen-HagemanAlairttProfilkep-768x1065.png 768w, https:\/\/hagemanestate.com\/wp-content\/uploads\/2025\/07\/Coen-HagemanAlairttProfilkep-1108x1536.png 1108w, https:\/\/hagemanestate.com\/wp-content\/uploads\/2025\/07\/Coen-HagemanAlairttProfilkep.png 1242w\" sizes=\"(max-width: 739px) 100vw, 739px\" \/>\t\t\t\t\t\t\t\t\t\t\t\t\t\t\t<\/div>\n\t\t\t\t<\/div>\n\t\t\t\t<\/div>\n\t\t<div class=\"elementor-element elementor-element-439fafe e-con-full e-flex e-con e-child\" data-id=\"439fafe\" data-element_type=\"container\" data-e-type=\"container\" data-settings=\"{&quot;_ob_use_container_extras&quot;:&quot;no&quot;,&quot;_ob_column_hoveranimator&quot;:&quot;no&quot;,&quot;_ob_glider_is_slider&quot;:&quot;no&quot;,&quot;_ob_column_has_pseudo&quot;:&quot;no&quot;}\">\n\t\t\t\t<div class=\"elementor-element elementor-element-f744706 ob-harakiri-inherit ob-has-background-overlay elementor-widget elementor-widget-text-editor\" data-id=\"f744706\" data-element_type=\"widget\" data-e-type=\"widget\" data-settings=\"{&quot;_ob_use_harakiri&quot;:&quot;yes&quot;,&quot;_ob_harakiri_writing_mode&quot;:&quot;inherit&quot;,&quot;_ob_postman_use&quot;:&quot;no&quot;,&quot;_ob_perspektive_use&quot;:&quot;no&quot;,&quot;_ob_poopart_use&quot;:&quot;yes&quot;,&quot;_ob_shadough_use&quot;:&quot;no&quot;,&quot;_ob_allow_hoveranimator&quot;:&quot;no&quot;,&quot;_ob_widget_stalker_use&quot;:&quot;no&quot;}\" data-widget_type=\"text-editor.default\">\n\t\t\t\t<div class=\"elementor-widget-container\">\n\t\t\t\t\t\t\t\t\t<h2 data-start=\"496\" data-end=\"587\">Algemene bouw in Somogy County - met lokale connecties en zonder taalbarri\u00e8res<\/h2><p data-start=\"589\" data-end=\"932\">Algemene bouwwerkzaamheden in Somogy County verlopen soepel als er geen communicatiebarri\u00e8res zijn. Het is ook belangrijk dat de aannemer het werk daadwerkelijk uitvoert. Hoewel ik de fysieke bouw niet zelf doe, heb ik door de jaren heen betrouwbare professionele relaties opgebouwd. Hierdoor kan ik snelle, eerlijk geprijsde en kwalitatieve oplossingen bieden.<\/p><h3 data-start=\"934\" data-end=\"975\">Hoe heb ik deze ervaring opgedaan?<\/h3><p data-start=\"976\" data-end=\"1274\">Ik verhuisde naar Hongarije vanuit Nederland met mijn familie toen ik 10 was. We gingen allemaal naar Hongaarse scholen, dus we waren de eerste kinderen die Hongaars leerden. Als enige broer was ik verantwoordelijk voor de vertaling en de bouw. Dit was al een grote verantwoordelijkheid toen ik op de basisschool zat.<\/p><p data-start=\"1276\" data-end=\"1574\">Ik was er toen niet blij mee. Maar nu weet ik dat ik mijn lokale kennis en mijn brede professionele netwerk in Somogy County hieraan te danken heb. Dit netwerk is sindsdien blijven groeien. Vandaag de dag kan ik algemene aannemingsdiensten aanbieden waarvan zowel buitenlandse als Hongaarse klanten profiteren.<\/p><h3 data-start=\"1576\" data-end=\"1601\">Waar kan ik mee helpen?<\/h3><ul><li data-start=\"1604\" data-end=\"1758\">Bouw relaties op met betrouwbare aannemers - Ik beveel alleen professionals aan met wie ik heb samengewerkt en van wie ik weet dat ze afmaken waar ze aan beginnen.<\/li><li data-start=\"1761\" data-end=\"1921\">Vertaling en administratie voor buitenlanders - als je geen Engels spreekt, zorg ik ervoor dat je behoeften nauwkeurig worden overgebracht. De implementatie verloopt dus volgens plan.<\/li><li data-start=\"1924\" data-end=\"2076\">Een lokaal proces op maat - ik ken de lokale werkpatronen, beschikbaarheid en prijslogica. Je hoeft geen weken te wachten op een reactie.<\/li><\/ul><p data-start=\"2078\" data-end=\"2332\">Of het nu gaat om een kleine renovatie of een groot bouwproject, ik weet precies wie ik kan vertrouwen - en wie niet. Voor mij is het belangrijkste bij algemene aanneming dat de kwaliteit van het werk net zo goed is als wanneer ik het zelf zou doen.<\/p>\t\t\t\t\t\t\t\t<\/div>\n\t\t\t\t<\/div>\n\t\t\t\t<\/div>\n\t\t\t\t\t<\/div>\n\t\t\t\t<\/div>\n\t\t\t\t<\/div>","protected":false},"excerpt":{"rendered":"<p>Gener\u00e1lkivitelez\u00e9s Somogy megy\u00e9ben \u2013 helyi kapcsolatokkal \u00e9s nyelvi akad\u00e1lyok n\u00e9lk\u00fcl A gener\u00e1lkivitelez\u00e9s Somogy megy\u00e9ben akkor g\u00f6rd\u00fcl\u00e9keny, ha nincs kommunik\u00e1ci\u00f3s akad\u00e1ly. Fontos az is, hogy a kivitelez\u0151 val\u00f3ban elv\u00e9gezze a v\u00e1llalt munk\u00e1t. B\u00e1r magam nem v\u00e9gzem a fizikai kivitelez\u00e9st, \u00e9vek alatt megb\u00edzhat\u00f3 szakmai kapcsolatokat \u00e9p\u00edtettem ki. Ennek k\u00f6sz\u00f6nhet\u0151en gyors, korrekt \u00e1r\u00fa \u00e9s min\u0151s\u00e9gi megold\u00e1sokat tudok aj\u00e1nlani. &#8230; <a title=\"Algemene bouw\" class=\"read-more\" href=\"https:\/\/hagemanestate.com\/nl\/generalkivitelezes\/\" aria-label=\"Lees meer over Gener\u00e1lkivitelez\u00e9s\">Lees verder<\/a><\/p>","protected":false},"author":1,"featured_media":0,"parent":0,"menu_order":0,"comment_status":"closed","ping_status":"closed","template":"elementor_header_footer","meta":{"footnotes":""},"class_list":["post-2624","page","type-page","status-publish"],"yoast_head":"<!-- This site is optimized with the Yoast SEO Premium plugin v27.3 (Yoast SEO v27.3) - https:\/\/yoast.com\/product\/yoast-seo-premium-wordpress\/ -->\n<title>Gener\u00e1lkivitelez\u00e9s Somogy megy\u00e9ben \u2013 Megb\u00edzhat\u00f3 szakember<\/title>\n<meta name=\"description\" content=\"Gener\u00e1lkivitelez\u00e9s Somogy megy\u00e9ben helyi kapcsolatokkal, megb\u00edzhat\u00f3 szakemberekkel \u00e9s nyelvi akad\u00e1lyok n\u00e9lk\u00fcl \u2013 g\u00f6rd\u00fcl\u00e9keny \u00fcgyint\u00e9z\u00e9ssel.\" \/>\n<meta name=\"robots\" content=\"index, follow, max-snippet:-1, max-image-preview:large, max-video-preview:-1\" \/>\n<link rel=\"canonical\" href=\"https:\/\/hagemanestate.com\/nl\/algemene-informatie\/\" \/>\n<meta property=\"og:locale\" content=\"nl_NL\" \/>\n<meta property=\"og:type\" content=\"article\" \/>\n<meta property=\"og:title\" content=\"Gener\u00e1lkivitelez\u00e9s\" \/>\n<meta property=\"og:description\" content=\"Gener\u00e1lkivitelez\u00e9s Somogy megy\u00e9ben helyi kapcsolatokkal, megb\u00edzhat\u00f3 szakemberekkel \u00e9s nyelvi akad\u00e1lyok n\u00e9lk\u00fcl \u2013 g\u00f6rd\u00fcl\u00e9keny \u00fcgyint\u00e9z\u00e9ssel.\" \/>\n<meta property=\"og:url\" content=\"https:\/\/hagemanestate.com\/nl\/algemene-informatie\/\" \/>\n<meta property=\"og:site_name\" content=\"hagemanestate.com\" \/>\n<meta property=\"article:publisher\" content=\"https:\/\/www.facebook.com\/coen.hageman\" \/>\n<meta property=\"article:modified_time\" content=\"2025-08-13T20:19:30+00:00\" \/>\n<meta property=\"og:image\" content=\"https:\/\/hagemanestate.com\/wp-content\/uploads\/2025\/07\/Coen-HagemanAlairttProfilkep-739x1024.png\" \/>\n<meta name=\"twitter:card\" content=\"summary_large_image\" \/>\n<meta name=\"twitter:label1\" content=\"Geschatte leestijd\" \/>\n\t<meta name=\"twitter:data1\" content=\"2 minuten\" \/>\n<script type=\"application\/ld+json\" class=\"yoast-schema-graph\">{\"@context\":\"https:\\\/\\\/schema.org\",\"@graph\":[{\"@type\":\"WebPage\",\"@id\":\"https:\\\/\\\/hagemanestate.com\\\/generalkivitelezes\\\/\",\"url\":\"https:\\\/\\\/hagemanestate.com\\\/generalkivitelezes\\\/\",\"name\":\"Gener\u00e1lkivitelez\u00e9s Somogy megy\u00e9ben \u2013 Megb\u00edzhat\u00f3 szakember\",\"isPartOf\":{\"@id\":\"https:\\\/\\\/hagemanestate.com\\\/#website\"},\"primaryImageOfPage\":{\"@id\":\"https:\\\/\\\/hagemanestate.com\\\/generalkivitelezes\\\/#primaryimage\"},\"image\":{\"@id\":\"https:\\\/\\\/hagemanestate.com\\\/generalkivitelezes\\\/#primaryimage\"},\"thumbnailUrl\":\"https:\\\/\\\/hagemanestate.com\\\/wp-content\\\/uploads\\\/2025\\\/07\\\/Coen-HagemanAlairttProfilkep-739x1024.png\",\"datePublished\":\"2025-07-18T21:58:02+00:00\",\"dateModified\":\"2025-08-13T20:19:30+00:00\",\"description\":\"Gener\u00e1lkivitelez\u00e9s Somogy megy\u00e9ben helyi kapcsolatokkal, megb\u00edzhat\u00f3 szakemberekkel \u00e9s nyelvi akad\u00e1lyok n\u00e9lk\u00fcl \u2013 g\u00f6rd\u00fcl\u00e9keny \u00fcgyint\u00e9z\u00e9ssel.\",\"breadcrumb\":{\"@id\":\"https:\\\/\\\/hagemanestate.com\\\/generalkivitelezes\\\/#breadcrumb\"},\"inLanguage\":\"nl-NL\",\"potentialAction\":[{\"@type\":\"ReadAction\",\"target\":[\"https:\\\/\\\/hagemanestate.com\\\/generalkivitelezes\\\/\"]}]},{\"@type\":\"ImageObject\",\"inLanguage\":\"nl-NL\",\"@id\":\"https:\\\/\\\/hagemanestate.com\\\/generalkivitelezes\\\/#primaryimage\",\"url\":\"https:\\\/\\\/hagemanestate.com\\\/wp-content\\\/uploads\\\/2025\\\/07\\\/Coen-HagemanAlairttProfilkep-739x1024.png\",\"contentUrl\":\"https:\\\/\\\/hagemanestate.com\\\/wp-content\\\/uploads\\\/2025\\\/07\\\/Coen-HagemanAlairttProfilkep-739x1024.png\"},{\"@type\":\"BreadcrumbList\",\"@id\":\"https:\\\/\\\/hagemanestate.com\\\/generalkivitelezes\\\/#breadcrumb\",\"itemListElement\":[{\"@type\":\"ListItem\",\"position\":1,\"name\":\"Kezd\u0151lap\",\"item\":\"https:\\\/\\\/hagemanestate.com\\\/\"},{\"@type\":\"ListItem\",\"position\":2,\"name\":\"Gener\u00e1lkivitelez\u00e9s\"}]},{\"@type\":\"WebSite\",\"@id\":\"https:\\\/\\\/hagemanestate.com\\\/#website\",\"url\":\"https:\\\/\\\/hagemanestate.com\\\/\",\"name\":\"hagemanestate.com\",\"description\":\"\ud83c\udded\ud83c\uddfa Magyar: Ingatlank\u00f6zvet\u00edt\u0151 Somogyban \u2013 Elad\u00f3 \u00e9s kiad\u00f3 h\u00e1zak, lak\u00e1sok | Hageman Estate   \ud83c\uddec\ud83c\udde7 English: Real Estate Hungary \u2013 Buy or rent property in Somogy | Hageman Estate   \ud83c\udde9\ud83c\uddea Immobilien Ungarn \u2013 Kaufen oder mieten in der Region Somogy | Hageman Estate   \ud83c\uddf3\ud83c\uddf1 Nederlands: Makelaar Hongarije \u2013 Koop of huur vastgoed in Somogy | Hageman Estate\",\"publisher\":{\"@id\":\"https:\\\/\\\/hagemanestate.com\\\/#organization\"},\"potentialAction\":[{\"@type\":\"SearchAction\",\"target\":{\"@type\":\"EntryPoint\",\"urlTemplate\":\"https:\\\/\\\/hagemanestate.com\\\/?s={search_term_string}\"},\"query-input\":{\"@type\":\"PropertyValueSpecification\",\"valueRequired\":true,\"valueName\":\"search_term_string\"}}],\"inLanguage\":\"nl-NL\"},{\"@type\":\"Organization\",\"@id\":\"https:\\\/\\\/hagemanestate.com\\\/#organization\",\"name\":\"hagemanestate.com\",\"url\":\"https:\\\/\\\/hagemanestate.com\\\/\",\"logo\":{\"@type\":\"ImageObject\",\"inLanguage\":\"nl-NL\",\"@id\":\"https:\\\/\\\/hagemanestate.com\\\/#\\\/schema\\\/logo\\\/image\\\/\",\"url\":\"https:\\\/\\\/hagemanestate.com\\\/wp-content\\\/uploads\\\/2025\\\/05\\\/2025.-01.-30.-17_18_09-1024x575.png\",\"contentUrl\":\"https:\\\/\\\/hagemanestate.com\\\/wp-content\\\/uploads\\\/2025\\\/05\\\/2025.-01.-30.-17_18_09-1024x575.png\",\"width\":1024,\"height\":575,\"caption\":\"hagemanestate.com\"},\"image\":{\"@id\":\"https:\\\/\\\/hagemanestate.com\\\/#\\\/schema\\\/logo\\\/image\\\/\"},\"sameAs\":[\"https:\\\/\\\/www.facebook.com\\\/coen.hageman\",\"https:\\\/\\\/www.instagram.com\\\/coenhagemanestate\\\/\",\"https:\\\/\\\/www.tiktok.com\\\/@coenhagemaningatlan\"],\"description\":\"Hageman Estate is een gecertificeerd makelaarskantoor in de provincie Somogy, Hongarije. Wij zijn gespecialiseerd in de aan- en verkoop van landelijk vastgoed en begeleiden buitenlandse kopers \u2013 voornamelijk uit Nederland en West-Europa \u2013 persoonlijk van de eerste bezichtiging tot de sleuteloverdracht.\",\"email\":\"coenhageman@gmail.com\",\"telephone\":\"+36 30 391 9975\",\"legalName\":\"Hageman Estate\",\"foundingDate\":\"2025-07-04\",\"numberOfEmployees\":{\"@type\":\"QuantitativeValue\",\"minValue\":\"1\",\"maxValue\":\"10\"}}]}<\/script>\n<!-- \/ Yoast SEO Premium plugin. -->","yoast_head_json":{"title":"Algemene aanneming in Somogy County - Betrouwbare professionals","description":"Algemene bouw in Somogy County met lokale contacten, betrouwbare vakmensen en geen taalbarri\u00e8res - vlotte administratie.","robots":{"index":"index","follow":"follow","max-snippet":"max-snippet:-1","max-image-preview":"max-image-preview:large","max-video-preview":"max-video-preview:-1"},"canonical":"https:\/\/hagemanestate.com\/nl\/algemene-informatie\/","og_locale":"nl_NL","og_type":"article","og_title":"Gener\u00e1lkivitelez\u00e9s","og_description":"Gener\u00e1lkivitelez\u00e9s Somogy megy\u00e9ben helyi kapcsolatokkal, megb\u00edzhat\u00f3 szakemberekkel \u00e9s nyelvi akad\u00e1lyok n\u00e9lk\u00fcl \u2013 g\u00f6rd\u00fcl\u00e9keny \u00fcgyint\u00e9z\u00e9ssel.","og_url":"https:\/\/hagemanestate.com\/nl\/algemene-informatie\/","og_site_name":"hagemanestate.com","article_publisher":"https:\/\/www.facebook.com\/coen.hageman","article_modified_time":"2025-08-13T20:19:30+00:00","og_image":[{"url":"https:\/\/hagemanestate.com\/wp-content\/uploads\/2025\/07\/Coen-HagemanAlairttProfilkep-739x1024.png","type":"","width":"","height":""}],"twitter_card":"summary_large_image","twitter_misc":{"Geschatte leestijd":"2 minuten"},"schema":{"@context":"https:\/\/schema.org","@graph":[{"@type":"WebPage","@id":"https:\/\/hagemanestate.com\/generalkivitelezes\/","url":"https:\/\/hagemanestate.com\/generalkivitelezes\/","name":"Algemene aanneming in Somogy County - Betrouwbare professionals","isPartOf":{"@id":"https:\/\/hagemanestate.com\/#website"},"primaryImageOfPage":{"@id":"https:\/\/hagemanestate.com\/generalkivitelezes\/#primaryimage"},"image":{"@id":"https:\/\/hagemanestate.com\/generalkivitelezes\/#primaryimage"},"thumbnailUrl":"https:\/\/hagemanestate.com\/wp-content\/uploads\/2025\/07\/Coen-HagemanAlairttProfilkep-739x1024.png","datePublished":"2025-07-18T21:58:02+00:00","dateModified":"2025-08-13T20:19:30+00:00","description":"Algemene bouw in Somogy County met lokale contacten, betrouwbare vakmensen en geen taalbarri\u00e8res - vlotte administratie.","breadcrumb":{"@id":"https:\/\/hagemanestate.com\/generalkivitelezes\/#breadcrumb"},"inLanguage":"nl-NL","potentialAction":[{"@type":"ReadAction","target":["https:\/\/hagemanestate.com\/generalkivitelezes\/"]}]},{"@type":"ImageObject","inLanguage":"nl-NL","@id":"https:\/\/hagemanestate.com\/generalkivitelezes\/#primaryimage","url":"https:\/\/hagemanestate.com\/wp-content\/uploads\/2025\/07\/Coen-HagemanAlairttProfilkep-739x1024.png","contentUrl":"https:\/\/hagemanestate.com\/wp-content\/uploads\/2025\/07\/Coen-HagemanAlairttProfilkep-739x1024.png"},{"@type":"BreadcrumbList","@id":"https:\/\/hagemanestate.com\/generalkivitelezes\/#breadcrumb","itemListElement":[{"@type":"ListItem","position":1,"name":"Kezd\u0151lap","item":"https:\/\/hagemanestate.com\/"},{"@type":"ListItem","position":2,"name":"Gener\u00e1lkivitelez\u00e9s"}]},{"@type":"WebSite","@id":"https:\/\/hagemanestate.com\/#website","url":"https:\/\/hagemanestate.com\/","name":"hagemanestate.com","description":"\ud83c\udded\ud83c\uddfa English: Real Estate Hungary - Kopen of huren van onroerend goed in Somogy | Hageman Estate \ud83c\uddec\ud83c\udde7 English: Real Estate Hungary - Kopen of huren van onroerend goed in Somogy | Hageman Estate \ud83c\udde9\ud83c\uddea Hungary, real estate - Kopen of huren in Somogy | Hageman Estate \ud83c\uddf3\ud83c\uddf1 Nederlands: Makelaar Hongarije - Koop of huur vastgoed in Somogy | Hageman Estate","publisher":{"@id":"https:\/\/hagemanestate.com\/#organization"},"potentialAction":[{"@type":"SearchAction","target":{"@type":"EntryPoint","urlTemplate":"https:\/\/hagemanestate.com\/?s={search_term_string}"},"query-input":{"@type":"PropertyValueSpecification","valueRequired":true,"valueName":"search_term_string"}}],"inLanguage":"nl-NL"},{"@type":"Organization","@id":"https:\/\/hagemanestate.com\/#organization","name":"hagemanestate.com","url":"https:\/\/hagemanestate.com\/","logo":{"@type":"ImageObject","inLanguage":"nl-NL","@id":"https:\/\/hagemanestate.com\/#\/schema\/logo\/image\/","url":"https:\/\/hagemanestate.com\/wp-content\/uploads\/2025\/05\/2025.-01.-30.-17_18_09-1024x575.png","contentUrl":"https:\/\/hagemanestate.com\/wp-content\/uploads\/2025\/05\/2025.-01.-30.-17_18_09-1024x575.png","width":1024,"height":575,"caption":"hagemanestate.com"},"image":{"@id":"https:\/\/hagemanestate.com\/#\/schema\/logo\/image\/"},"sameAs":["https:\/\/www.facebook.com\/coen.hageman","https:\/\/www.instagram.com\/coenhagemanestate\/","https:\/\/www.tiktok.com\/@coenhagemaningatlan"],"description":"Hageman Estate is een gecertificeerd makelaarskantoor in de provincie Somogy, Hongarije. Wij zijn gespecialiseerd in de aan- en verkoop van landelijk vastgoed en begeleiden buitenlandse kopers - voornamelijk uit Nederland en West-Europa - personnlijk van de eerste bezichtiging tot de sleuteloverdracht.","email":"coenhageman@gmail.com","telephone":"+36 30 391 9975","legalName":"Hageman Estate","foundingDate":"2025-07-04","numberOfEmployees":{"@type":"QuantitativeValue","minValue":"1","maxValue":"10"}}]}},"_links":{"self":[{"href":"https:\/\/hagemanestate.com\/nl\/wp-json\/wp\/v2\/pages\/2624","targetHints":{"allow":["GET"]}}],"collection":[{"href":"https:\/\/hagemanestate.com\/nl\/wp-json\/wp\/v2\/pages"}],"about":[{"href":"https:\/\/hagemanestate.com\/nl\/wp-json\/wp\/v2\/types\/page"}],"author":[{"embeddable":true,"href":"https:\/\/hagemanestate.com\/nl\/wp-json\/wp\/v2\/users\/1"}],"replies":[{"embeddable":true,"href":"https:\/\/hagemanestate.com\/nl\/wp-json\/wp\/v2\/comments?post=2624"}],"version-history":[{"count":0,"href":"https:\/\/hagemanestate.com\/nl\/wp-json\/wp\/v2\/pages\/2624\/revisions"}],"wp:attachment":[{"href":"https:\/\/hagemanestate.com\/nl\/wp-json\/wp\/v2\/media?parent=2624"}],"curies":[{"name":"wp","href":"https:\/\/api.w.org\/{rel}","templated":true}]}}