{"id":2620,"date":"2025-07-18T21:58:36","date_gmt":"2025-07-18T21:58:36","guid":{"rendered":"https:\/\/hagemanestate.com\/?page_id=2620"},"modified":"2025-08-19T22:57:59","modified_gmt":"2025-08-19T22:57:59","slug":"ingatlankozvetites","status":"publish","type":"page","link":"https:\/\/hagemanestate.com\/nl\/ingatlankozvetites\/","title":{"rendered":"Makelaardij in onroerend goed"},"content":{"rendered":"<div data-elementor-type=\"wp-page\" data-elementor-id=\"2620\" class=\"elementor elementor-2620\" data-elementor-post-type=\"page\">\n\t\t\t\t<div class=\"elementor-element elementor-element-2daeda9 e-flex e-con-boxed e-con e-parent\" data-id=\"2daeda9\" data-element_type=\"container\" data-e-type=\"container\" data-settings=\"{&quot;_ob_use_container_extras&quot;:&quot;no&quot;,&quot;_ob_column_hoveranimator&quot;:&quot;no&quot;,&quot;_ob_glider_is_slider&quot;:&quot;no&quot;,&quot;_ob_column_has_pseudo&quot;:&quot;no&quot;}\">\n\t\t\t\t\t<div class=\"e-con-inner\">\n\t\t<div class=\"elementor-element elementor-element-6f217ae e-con-full e-flex e-con e-child\" data-id=\"6f217ae\" data-element_type=\"container\" data-e-type=\"container\" data-settings=\"{&quot;_ob_use_container_extras&quot;:&quot;no&quot;,&quot;_ob_column_hoveranimator&quot;:&quot;no&quot;,&quot;_ob_glider_is_slider&quot;:&quot;no&quot;,&quot;_ob_column_has_pseudo&quot;:&quot;no&quot;}\">\n\t\t\t\t<div class=\"elementor-element elementor-element-9843b9b ob-has-background-overlay elementor-widget elementor-widget-image\" data-id=\"9843b9b\" data-element_type=\"widget\" data-e-type=\"widget\" data-settings=\"{&quot;_ob_photomorph_use&quot;:&quot;no&quot;,&quot;_ob_perspektive_use&quot;:&quot;no&quot;,&quot;_ob_poopart_use&quot;:&quot;yes&quot;,&quot;_ob_shadough_use&quot;:&quot;no&quot;,&quot;_ob_allow_hoveranimator&quot;:&quot;no&quot;,&quot;_ob_widget_stalker_use&quot;:&quot;no&quot;}\" data-widget_type=\"image.default\">\n\t\t\t\t<div class=\"elementor-widget-container\">\n\t\t\t\t\t\t\t\t\t\t\t\t\t\t\t<img fetchpriority=\"high\" decoding=\"async\" width=\"739\" height=\"1024\" src=\"https:\/\/hagemanestate.com\/wp-content\/uploads\/2025\/07\/Coen-HagemanAlairttProfilkep-739x1024.png\" class=\"attachment-large size-large wp-image-1836\" alt=\"Coen Hageman, oprichter van Hageman Estate en meertalig makelaar\" srcset=\"https:\/\/hagemanestate.com\/wp-content\/uploads\/2025\/07\/Coen-HagemanAlairttProfilkep-739x1024.png 739w, https:\/\/hagemanestate.com\/wp-content\/uploads\/2025\/07\/Coen-HagemanAlairttProfilkep-216x300.png 216w, https:\/\/hagemanestate.com\/wp-content\/uploads\/2025\/07\/Coen-HagemanAlairttProfilkep-768x1065.png 768w, https:\/\/hagemanestate.com\/wp-content\/uploads\/2025\/07\/Coen-HagemanAlairttProfilkep-1108x1536.png 1108w, https:\/\/hagemanestate.com\/wp-content\/uploads\/2025\/07\/Coen-HagemanAlairttProfilkep.png 1242w\" sizes=\"(max-width: 739px) 100vw, 739px\" \/>\t\t\t\t\t\t\t\t\t\t\t\t\t\t\t<\/div>\n\t\t\t\t<\/div>\n\t\t\t\t<\/div>\n\t\t<div class=\"elementor-element elementor-element-2b443db e-con-full e-flex e-con e-child\" data-id=\"2b443db\" data-element_type=\"container\" data-e-type=\"container\" data-settings=\"{&quot;_ob_use_container_extras&quot;:&quot;no&quot;,&quot;_ob_column_hoveranimator&quot;:&quot;no&quot;,&quot;_ob_glider_is_slider&quot;:&quot;no&quot;,&quot;_ob_column_has_pseudo&quot;:&quot;no&quot;}\">\n\t\t\t\t<div class=\"elementor-element elementor-element-c45a06e ob-harakiri-inherit ob-has-background-overlay elementor-widget elementor-widget-text-editor\" data-id=\"c45a06e\" data-element_type=\"widget\" data-e-type=\"widget\" data-settings=\"{&quot;_ob_use_harakiri&quot;:&quot;yes&quot;,&quot;_ob_harakiri_writing_mode&quot;:&quot;inherit&quot;,&quot;_ob_postman_use&quot;:&quot;no&quot;,&quot;_ob_perspektive_use&quot;:&quot;no&quot;,&quot;_ob_poopart_use&quot;:&quot;yes&quot;,&quot;_ob_shadough_use&quot;:&quot;no&quot;,&quot;_ob_allow_hoveranimator&quot;:&quot;no&quot;,&quot;_ob_widget_stalker_use&quot;:&quot;no&quot;}\" data-widget_type=\"text-editor.default\">\n\t\t\t\t<div class=\"elementor-widget-container\">\n\t\t\t\t\t\t\t\t\t<p>Vastgoedbemiddeling \u2013 transparant, professioneel, zonder verborgen kosten<\/p><p>De basis van mijn werk als vastgoedmakelaar is eerlijkheid, transparantie en echte toegevoegde waarde.<\/p><p>Ik beweer niet de meest ervaren op de markt te zijn \u2013 op 25-jarige leeftijd zou dat ook niet geloofwaardig zijn. Wat ik wel kan garanderen: een hoog niveau van marketingdenken, internationale marktkennis, en voor elke klant aandacht, flexibiliteit en echt werk.<\/p><p>Wat ik bied:<\/p><p>\u2705 Gepersonaliseerde marketingstrategie<br \/>\u2013 Ik pas deze alleen toe wanneer het echt zinvol is: fotografie, dronevideo, portal-uitgelicht, social media targeting, etc.<br \/>\u2013 Dit doe ik meestal op eigen kosten, want ik geloof in mijn werk.<\/p><p>\u2705 Geen verborgen kosten<br \/>\u2013 Er zijn geen verrassingen of kleine lettertjes trucjes.<br \/>\u2013 De bemiddelingskosten omvatten alles wat we vooraf bespreken.<\/p><p>\u2705 Internationale netwerking en gerichte verkoop<br \/>\u2013 Ik communiceer in vier talen: Hongaars, Nederlands, Duits en Engels.<br \/>\u2013 Ik ben actief op de Hongaarse, Nederlandse, Duitse en Oostenrijkse vastgoedmarkt, dus ik ben ook effectief in het bereiken van buitenlandse kopers.<\/p><p>\u2705 Lokale kennis en netwerk<br \/>\u2013 Ik woon sinds mijn 10e jaar in het comitaat Somogy, dus ik ken de regio, de marktomstandigheden en de lokale spelers goed.<br \/>\u2013 Ik werk voornamelijk in de comitaten Somogy, Tolna, Baranya en Zala, maar voor speciale panden neem ik opdrachten aan in heel Transdanubi\u00eb.<\/p><p>Enkele woorden over de realiteit<\/p><p>Velen denken dat mijn Nederlandse afkomst op zich al garandeert dat een pand \"in een oogwenk\" aan een buitenlandse koper wordt verkocht. Dat werkt niet zo. Ik ben geen ziener, maar:<\/p><p>\u27a1\ufe0f Wat ik kan garanderen: ik haal het maximale uit het pand, voor de beste prijs, in de kortst mogelijke tijd.<br \/>\u27a1\ufe0f Ik communiceer de marktsituatie eerlijk aan elke klant en ben bij elke stap van het proces aanwezig.<\/p><p>Als u een makelaar zoekt die echt oplet en uw pand niet als lopende bandwerk behandelt, dan sta ik u graag ter beschikking.<\/p>\t\t\t\t\t\t\t\t<\/div>\n\t\t\t\t<\/div>\n\t\t\t\t<\/div>\n\t\t\t\t\t<\/div>\n\t\t\t\t<\/div>\n\t\t\t\t<\/div>","protected":false},"excerpt":{"rendered":"<p>Ingatlank\u00f6zvet\u00edt\u00e9s \u2013 \u00e1tl\u00e1that\u00f3an, profin, rejtett k\u00f6lts\u00e9gek n\u00e9lk\u00fcl Az ingatlank\u00f6zvet\u00edt\u0151i munk\u00e1m alapja az \u0151szintes\u00e9g, \u00e1tl\u00e1that\u00f3s\u00e1g \u00e9s val\u00f3di hozz\u00e1adott \u00e9rt\u00e9k. Nem \u00e1ll\u00edtom, hogy \u00e9n vagyok a legtapasztaltabb a piacon \u2013 25 \u00e9vesen ez nem is lenne hiteles. Amit viszont biztos\u00edtani tudok: magas szint\u0171 marketinges gondolkod\u00e1s, nemzetk\u00f6zi piacismeret, \u00e9s minden \u00fcgyfelem sz\u00e1m\u00e1ra figyelem, rugalmass\u00e1g \u00e9s val\u00f3di munka. Amit &#8230; <a title=\"Makelaardij in onroerend goed\" class=\"read-more\" href=\"https:\/\/hagemanestate.com\/nl\/ingatlankozvetites\/\" aria-label=\"Lees meer over Ingatlank\u00f6zvet\u00edt\u00e9s\">Lees verder<\/a><\/p>","protected":false},"author":1,"featured_media":0,"parent":0,"menu_order":0,"comment_status":"closed","ping_status":"closed","template":"elementor_header_footer","meta":{"footnotes":""},"class_list":["post-2620","page","type-page","status-publish"],"yoast_head":"<!-- This site is optimized with the Yoast SEO Premium plugin v27.3 (Yoast SEO v27.3) - https:\/\/yoast.com\/product\/yoast-seo-premium-wordpress\/ -->\n<title>Ingatlank\u00f6zvet\u00edt\u00e9s Somogyban | Profi, \u00e1tl\u00e1that\u00f3 szolg\u00e1ltat\u00e1sok<\/title>\n<meta name=\"description\" content=\"\u00c1tl\u00e1that\u00f3 ingatlank\u00f6zvet\u00edt\u00e9s Somogy, Tolna, Baranya \u00e9s Zala megy\u00e9kben. Szem\u00e9lyre szabott marketing, nemzetk\u00f6zi kapcsolatok \u00e9s rejtett k\u00f6lts\u00e9gek n\u00e9lk\u00fcli szolg\u00e1ltat\u00e1sok.\" \/>\n<meta name=\"robots\" content=\"index, follow, max-snippet:-1, max-image-preview:large, max-video-preview:-1\" \/>\n<link rel=\"canonical\" href=\"https:\/\/hagemanestate.com\/nl\/ingatlankozvetites\/\" \/>\n<meta property=\"og:locale\" content=\"nl_NL\" \/>\n<meta property=\"og:type\" content=\"article\" \/>\n<meta property=\"og:title\" content=\"Ingatlank\u00f6zvet\u00edt\u00e9s\" \/>\n<meta property=\"og:description\" content=\"\u00c1tl\u00e1that\u00f3 ingatlank\u00f6zvet\u00edt\u00e9s Somogy, Tolna, Baranya \u00e9s Zala megy\u00e9kben. Szem\u00e9lyre szabott marketing, nemzetk\u00f6zi kapcsolatok \u00e9s rejtett k\u00f6lts\u00e9gek n\u00e9lk\u00fcli szolg\u00e1ltat\u00e1sok.\" \/>\n<meta property=\"og:url\" content=\"https:\/\/hagemanestate.com\/nl\/ingatlankozvetites\/\" \/>\n<meta property=\"og:site_name\" content=\"hagemanestate.com\" \/>\n<meta property=\"article:publisher\" content=\"https:\/\/www.facebook.com\/coen.hageman\" \/>\n<meta property=\"article:modified_time\" content=\"2025-08-19T22:57:59+00:00\" \/>\n<meta property=\"og:image\" content=\"https:\/\/hagemanestate.com\/wp-content\/uploads\/2025\/07\/Coen-HagemanAlairttProfilkep-739x1024.png\" \/>\n<meta name=\"twitter:card\" content=\"summary_large_image\" \/>\n<meta name=\"twitter:label1\" content=\"Geschatte leestijd\" \/>\n\t<meta name=\"twitter:data1\" content=\"2 minuten\" \/>\n<script type=\"application\/ld+json\" class=\"yoast-schema-graph\">{\"@context\":\"https:\\\/\\\/schema.org\",\"@graph\":[{\"@type\":\"WebPage\",\"@id\":\"https:\\\/\\\/hagemanestate.com\\\/ingatlankozvetites\\\/\",\"url\":\"https:\\\/\\\/hagemanestate.com\\\/ingatlankozvetites\\\/\",\"name\":\"Ingatlank\u00f6zvet\u00edt\u00e9s Somogyban | Profi, \u00e1tl\u00e1that\u00f3 szolg\u00e1ltat\u00e1sok\",\"isPartOf\":{\"@id\":\"https:\\\/\\\/hagemanestate.com\\\/#website\"},\"primaryImageOfPage\":{\"@id\":\"https:\\\/\\\/hagemanestate.com\\\/ingatlankozvetites\\\/#primaryimage\"},\"image\":{\"@id\":\"https:\\\/\\\/hagemanestate.com\\\/ingatlankozvetites\\\/#primaryimage\"},\"thumbnailUrl\":\"https:\\\/\\\/hagemanestate.com\\\/wp-content\\\/uploads\\\/2025\\\/07\\\/Coen-HagemanAlairttProfilkep-739x1024.png\",\"datePublished\":\"2025-07-18T21:58:36+00:00\",\"dateModified\":\"2025-08-19T22:57:59+00:00\",\"description\":\"\u00c1tl\u00e1that\u00f3 ingatlank\u00f6zvet\u00edt\u00e9s Somogy, Tolna, Baranya \u00e9s Zala megy\u00e9kben. Szem\u00e9lyre szabott marketing, nemzetk\u00f6zi kapcsolatok \u00e9s rejtett k\u00f6lts\u00e9gek n\u00e9lk\u00fcli szolg\u00e1ltat\u00e1sok.\",\"breadcrumb\":{\"@id\":\"https:\\\/\\\/hagemanestate.com\\\/ingatlankozvetites\\\/#breadcrumb\"},\"inLanguage\":\"nl-NL\",\"potentialAction\":[{\"@type\":\"ReadAction\",\"target\":[\"https:\\\/\\\/hagemanestate.com\\\/ingatlankozvetites\\\/\"]}]},{\"@type\":\"ImageObject\",\"inLanguage\":\"nl-NL\",\"@id\":\"https:\\\/\\\/hagemanestate.com\\\/ingatlankozvetites\\\/#primaryimage\",\"url\":\"https:\\\/\\\/hagemanestate.com\\\/wp-content\\\/uploads\\\/2025\\\/07\\\/Coen-HagemanAlairttProfilkep-739x1024.png\",\"contentUrl\":\"https:\\\/\\\/hagemanestate.com\\\/wp-content\\\/uploads\\\/2025\\\/07\\\/Coen-HagemanAlairttProfilkep-739x1024.png\"},{\"@type\":\"BreadcrumbList\",\"@id\":\"https:\\\/\\\/hagemanestate.com\\\/ingatlankozvetites\\\/#breadcrumb\",\"itemListElement\":[{\"@type\":\"ListItem\",\"position\":1,\"name\":\"Kezd\u0151lap\",\"item\":\"https:\\\/\\\/hagemanestate.com\\\/\"},{\"@type\":\"ListItem\",\"position\":2,\"name\":\"Ingatlank\u00f6zvet\u00edt\u00e9s\"}]},{\"@type\":\"WebSite\",\"@id\":\"https:\\\/\\\/hagemanestate.com\\\/#website\",\"url\":\"https:\\\/\\\/hagemanestate.com\\\/\",\"name\":\"hagemanestate.com\",\"description\":\"\ud83c\udded\ud83c\uddfa Magyar: Ingatlank\u00f6zvet\u00edt\u0151 Somogyban \u2013 Elad\u00f3 \u00e9s kiad\u00f3 h\u00e1zak, lak\u00e1sok | Hageman Estate   \ud83c\uddec\ud83c\udde7 English: Real Estate Hungary \u2013 Buy or rent property in Somogy | Hageman Estate   \ud83c\udde9\ud83c\uddea Immobilien Ungarn \u2013 Kaufen oder mieten in der Region Somogy | Hageman Estate   \ud83c\uddf3\ud83c\uddf1 Nederlands: Makelaar Hongarije \u2013 Koop of huur vastgoed in Somogy | Hageman Estate\",\"publisher\":{\"@id\":\"https:\\\/\\\/hagemanestate.com\\\/#organization\"},\"potentialAction\":[{\"@type\":\"SearchAction\",\"target\":{\"@type\":\"EntryPoint\",\"urlTemplate\":\"https:\\\/\\\/hagemanestate.com\\\/?s={search_term_string}\"},\"query-input\":{\"@type\":\"PropertyValueSpecification\",\"valueRequired\":true,\"valueName\":\"search_term_string\"}}],\"inLanguage\":\"nl-NL\"},{\"@type\":\"Organization\",\"@id\":\"https:\\\/\\\/hagemanestate.com\\\/#organization\",\"name\":\"hagemanestate.com\",\"url\":\"https:\\\/\\\/hagemanestate.com\\\/\",\"logo\":{\"@type\":\"ImageObject\",\"inLanguage\":\"nl-NL\",\"@id\":\"https:\\\/\\\/hagemanestate.com\\\/#\\\/schema\\\/logo\\\/image\\\/\",\"url\":\"https:\\\/\\\/hagemanestate.com\\\/wp-content\\\/uploads\\\/2025\\\/05\\\/2025.-01.-30.-17_18_09-1024x575.png\",\"contentUrl\":\"https:\\\/\\\/hagemanestate.com\\\/wp-content\\\/uploads\\\/2025\\\/05\\\/2025.-01.-30.-17_18_09-1024x575.png\",\"width\":1024,\"height\":575,\"caption\":\"hagemanestate.com\"},\"image\":{\"@id\":\"https:\\\/\\\/hagemanestate.com\\\/#\\\/schema\\\/logo\\\/image\\\/\"},\"sameAs\":[\"https:\\\/\\\/www.facebook.com\\\/coen.hageman\",\"https:\\\/\\\/www.instagram.com\\\/coenhagemanestate\\\/\",\"https:\\\/\\\/www.tiktok.com\\\/@coenhagemaningatlan\"],\"description\":\"Hageman Estate is een gecertificeerd makelaarskantoor in de provincie Somogy, Hongarije. Wij zijn gespecialiseerd in de aan- en verkoop van landelijk vastgoed en begeleiden buitenlandse kopers \u2013 voornamelijk uit Nederland en West-Europa \u2013 persoonlijk van de eerste bezichtiging tot de sleuteloverdracht.\",\"email\":\"coenhageman@gmail.com\",\"telephone\":\"+36 30 391 9975\",\"legalName\":\"Hageman Estate\",\"foundingDate\":\"2025-07-04\",\"numberOfEmployees\":{\"@type\":\"QuantitativeValue\",\"minValue\":\"1\",\"maxValue\":\"10\"}}]}<\/script>\n<!-- \/ Yoast SEO Premium plugin. -->","yoast_head_json":{"title":"Makelaarskantoor in Somogy | Professionele, transparante diensten","description":"Transparante makelaardij in onroerend goed in de districten Somogy, Tolna, Baranya en Zala. Persoonlijke marketing, internationale contacten en diensten zonder verborgen kosten.","robots":{"index":"index","follow":"follow","max-snippet":"max-snippet:-1","max-image-preview":"max-image-preview:large","max-video-preview":"max-video-preview:-1"},"canonical":"https:\/\/hagemanestate.com\/nl\/ingatlankozvetites\/","og_locale":"nl_NL","og_type":"article","og_title":"Ingatlank\u00f6zvet\u00edt\u00e9s","og_description":"\u00c1tl\u00e1that\u00f3 ingatlank\u00f6zvet\u00edt\u00e9s Somogy, Tolna, Baranya \u00e9s Zala megy\u00e9kben. Szem\u00e9lyre szabott marketing, nemzetk\u00f6zi kapcsolatok \u00e9s rejtett k\u00f6lts\u00e9gek n\u00e9lk\u00fcli szolg\u00e1ltat\u00e1sok.","og_url":"https:\/\/hagemanestate.com\/nl\/ingatlankozvetites\/","og_site_name":"hagemanestate.com","article_publisher":"https:\/\/www.facebook.com\/coen.hageman","article_modified_time":"2025-08-19T22:57:59+00:00","og_image":[{"url":"https:\/\/hagemanestate.com\/wp-content\/uploads\/2025\/07\/Coen-HagemanAlairttProfilkep-739x1024.png","type":"","width":"","height":""}],"twitter_card":"summary_large_image","twitter_misc":{"Geschatte leestijd":"2 minuten"},"schema":{"@context":"https:\/\/schema.org","@graph":[{"@type":"WebPage","@id":"https:\/\/hagemanestate.com\/ingatlankozvetites\/","url":"https:\/\/hagemanestate.com\/ingatlankozvetites\/","name":"Makelaarskantoor in Somogy | Professionele, transparante diensten","isPartOf":{"@id":"https:\/\/hagemanestate.com\/#website"},"primaryImageOfPage":{"@id":"https:\/\/hagemanestate.com\/ingatlankozvetites\/#primaryimage"},"image":{"@id":"https:\/\/hagemanestate.com\/ingatlankozvetites\/#primaryimage"},"thumbnailUrl":"https:\/\/hagemanestate.com\/wp-content\/uploads\/2025\/07\/Coen-HagemanAlairttProfilkep-739x1024.png","datePublished":"2025-07-18T21:58:36+00:00","dateModified":"2025-08-19T22:57:59+00:00","description":"Transparante makelaardij in onroerend goed in de districten Somogy, Tolna, Baranya en Zala. Persoonlijke marketing, internationale contacten en diensten zonder verborgen kosten.","breadcrumb":{"@id":"https:\/\/hagemanestate.com\/ingatlankozvetites\/#breadcrumb"},"inLanguage":"nl-NL","potentialAction":[{"@type":"ReadAction","target":["https:\/\/hagemanestate.com\/ingatlankozvetites\/"]}]},{"@type":"ImageObject","inLanguage":"nl-NL","@id":"https:\/\/hagemanestate.com\/ingatlankozvetites\/#primaryimage","url":"https:\/\/hagemanestate.com\/wp-content\/uploads\/2025\/07\/Coen-HagemanAlairttProfilkep-739x1024.png","contentUrl":"https:\/\/hagemanestate.com\/wp-content\/uploads\/2025\/07\/Coen-HagemanAlairttProfilkep-739x1024.png"},{"@type":"BreadcrumbList","@id":"https:\/\/hagemanestate.com\/ingatlankozvetites\/#breadcrumb","itemListElement":[{"@type":"ListItem","position":1,"name":"Kezd\u0151lap","item":"https:\/\/hagemanestate.com\/"},{"@type":"ListItem","position":2,"name":"Ingatlank\u00f6zvet\u00edt\u00e9s"}]},{"@type":"WebSite","@id":"https:\/\/hagemanestate.com\/#website","url":"https:\/\/hagemanestate.com\/","name":"hagemanestate.com","description":"\ud83c\udded\ud83c\uddfa English: Real Estate Hungary - Kopen of huren van onroerend goed in Somogy | Hageman Estate \ud83c\uddec\ud83c\udde7 English: Real Estate Hungary - Kopen of huren van onroerend goed in Somogy | Hageman Estate \ud83c\udde9\ud83c\uddea Hungary, real estate - Kopen of huren in Somogy | Hageman Estate \ud83c\uddf3\ud83c\uddf1 Nederlands: Makelaar Hongarije - Koop of huur vastgoed in Somogy | Hageman Estate","publisher":{"@id":"https:\/\/hagemanestate.com\/#organization"},"potentialAction":[{"@type":"SearchAction","target":{"@type":"EntryPoint","urlTemplate":"https:\/\/hagemanestate.com\/?s={search_term_string}"},"query-input":{"@type":"PropertyValueSpecification","valueRequired":true,"valueName":"search_term_string"}}],"inLanguage":"nl-NL"},{"@type":"Organization","@id":"https:\/\/hagemanestate.com\/#organization","name":"hagemanestate.com","url":"https:\/\/hagemanestate.com\/","logo":{"@type":"ImageObject","inLanguage":"nl-NL","@id":"https:\/\/hagemanestate.com\/#\/schema\/logo\/image\/","url":"https:\/\/hagemanestate.com\/wp-content\/uploads\/2025\/05\/2025.-01.-30.-17_18_09-1024x575.png","contentUrl":"https:\/\/hagemanestate.com\/wp-content\/uploads\/2025\/05\/2025.-01.-30.-17_18_09-1024x575.png","width":1024,"height":575,"caption":"hagemanestate.com"},"image":{"@id":"https:\/\/hagemanestate.com\/#\/schema\/logo\/image\/"},"sameAs":["https:\/\/www.facebook.com\/coen.hageman","https:\/\/www.instagram.com\/coenhagemanestate\/","https:\/\/www.tiktok.com\/@coenhagemaningatlan"],"description":"Hageman Estate is een gecertificeerd makelaarskantoor in de provincie Somogy, Hongarije. Wij zijn gespecialiseerd in de aan- en verkoop van landelijk vastgoed en begeleiden buitenlandse kopers - voornamelijk uit Nederland en West-Europa - personnlijk van de eerste bezichtiging tot de sleuteloverdracht.","email":"coenhageman@gmail.com","telephone":"+36 30 391 9975","legalName":"Hageman Estate","foundingDate":"2025-07-04","numberOfEmployees":{"@type":"QuantitativeValue","minValue":"1","maxValue":"10"}}]}},"_links":{"self":[{"href":"https:\/\/hagemanestate.com\/nl\/wp-json\/wp\/v2\/pages\/2620","targetHints":{"allow":["GET"]}}],"collection":[{"href":"https:\/\/hagemanestate.com\/nl\/wp-json\/wp\/v2\/pages"}],"about":[{"href":"https:\/\/hagemanestate.com\/nl\/wp-json\/wp\/v2\/types\/page"}],"author":[{"embeddable":true,"href":"https:\/\/hagemanestate.com\/nl\/wp-json\/wp\/v2\/users\/1"}],"replies":[{"embeddable":true,"href":"https:\/\/hagemanestate.com\/nl\/wp-json\/wp\/v2\/comments?post=2620"}],"version-history":[{"count":0,"href":"https:\/\/hagemanestate.com\/nl\/wp-json\/wp\/v2\/pages\/2620\/revisions"}],"wp:attachment":[{"href":"https:\/\/hagemanestate.com\/nl\/wp-json\/wp\/v2\/media?parent=2620"}],"curies":[{"name":"wp","href":"https:\/\/api.w.org\/{rel}","templated":true}]}}