{"id":2269,"date":"2025-07-13T23:37:26","date_gmt":"2025-07-13T23:37:26","guid":{"rendered":"https:\/\/hagemanestate.com\/?page_id=2269"},"modified":"2025-07-22T16:44:39","modified_gmt":"2025-07-22T16:44:39","slug":"hagedis","status":"publish","type":"page","link":"https:\/\/hagemanestate.com\/nl\/gyik\/","title":{"rendered":"VVV"},"content":{"rendered":"<div data-elementor-type=\"wp-page\" data-elementor-id=\"2269\" class=\"elementor elementor-2269\" data-elementor-post-type=\"page\">\n\t\t\t\t<div class=\"elementor-element elementor-element-04edbf6 e-flex e-con-boxed e-con e-parent\" data-id=\"04edbf6\" data-element_type=\"container\" data-e-type=\"container\" data-settings=\"{&quot;background_background&quot;:&quot;classic&quot;,&quot;_ob_use_container_extras&quot;:&quot;no&quot;,&quot;_ob_column_hoveranimator&quot;:&quot;no&quot;,&quot;_ob_glider_is_slider&quot;:&quot;no&quot;,&quot;_ob_column_has_pseudo&quot;:&quot;no&quot;}\">\n\t\t\t\t\t<div class=\"e-con-inner\">\n\t\t\t\t<div class=\"elementor-element elementor-element-a2dd445 ob-harakiri-inherit ob-has-background-overlay elementor-widget elementor-widget-heading\" data-id=\"a2dd445\" data-element_type=\"widget\" data-e-type=\"widget\" data-settings=\"{&quot;_ob_use_harakiri&quot;:&quot;yes&quot;,&quot;_ob_harakiri_writing_mode&quot;:&quot;inherit&quot;,&quot;_ob_harakiri_text_clip&quot;:&quot;none&quot;,&quot;_ob_perspektive_use&quot;:&quot;no&quot;,&quot;_ob_poopart_use&quot;:&quot;yes&quot;,&quot;_ob_shadough_use&quot;:&quot;no&quot;,&quot;_ob_allow_hoveranimator&quot;:&quot;no&quot;,&quot;_ob_widget_stalker_use&quot;:&quot;no&quot;}\" data-widget_type=\"heading.default\">\n\t\t\t\t<div class=\"elementor-widget-container\">\n\t\t\t\t\t<h2 class=\"elementor-heading-title elementor-size-default\">Veelgestelde Vragen<\/h2>\t\t\t\t<\/div>\n\t\t\t\t<\/div>\n\t\t<div class=\"elementor-element elementor-element-c1c4d0c e-con-full e-flex e-con e-child\" data-id=\"c1c4d0c\" data-element_type=\"container\" data-e-type=\"container\" data-settings=\"{&quot;_ob_use_container_extras&quot;:&quot;no&quot;,&quot;_ob_column_hoveranimator&quot;:&quot;no&quot;,&quot;_ob_glider_is_slider&quot;:&quot;no&quot;,&quot;_ob_column_has_pseudo&quot;:&quot;no&quot;}\">\n\t\t\t\t<div class=\"elementor-element elementor-element-a968159 elementor-widget__width-initial elementor-widget-tablet__width-inherit ob-has-background-overlay elementor-widget elementor-widget-toggle\" data-id=\"a968159\" data-element_type=\"widget\" data-e-type=\"widget\" data-settings=\"{&quot;_ob_perspektive_use&quot;:&quot;no&quot;,&quot;_ob_poopart_use&quot;:&quot;yes&quot;,&quot;_ob_shadough_use&quot;:&quot;no&quot;,&quot;_ob_allow_hoveranimator&quot;:&quot;no&quot;,&quot;_ob_widget_stalker_use&quot;:&quot;no&quot;}\" data-widget_type=\"toggle.default\">\n\t\t\t\t<div class=\"elementor-widget-container\">\n\t\t\t\t\t\t\t<div class=\"elementor-toggle\">\n\t\t\t\t\t\t\t<div class=\"elementor-toggle-item\">\n\t\t\t\t\t<h4 id=\"elementor-tab-title-1771\" class=\"elementor-tab-title\" data-tab=\"1\" role=\"button\" aria-controls=\"elementor-tab-content-1771\" aria-expanded=\"false\">\n\t\t\t\t\t\t\t\t\t\t\t\t<span class=\"elementor-toggle-icon elementor-toggle-icon-right\" aria-hidden=\"true\">\n\t\t\t\t\t\t\t\t\t\t\t\t\t\t\t<span class=\"elementor-toggle-icon-closed\"><svg xmlns=\"http:\/\/www.w3.org\/2000\/svg\" id=\"b159ff04-3740-4ac3-96cc-b414ded50b3a\" data-name=\"Layer 1\" width=\"16\" height=\"16\" viewbox=\"0 0 16 16\"><polygon points=\"8.39 7.64 8.39 0 7.61 0 7.61 7.64 0 7.64 0 8.4 7.61 8.4 7.61 16 8.39 16 8.39 8.4 16 8.4 16 7.64 8.39 7.64\"><\/polygon><\/svg><\/span>\n\t\t\t\t\t\t\t\t<span class=\"elementor-toggle-icon-opened\"><svg xmlns=\"http:\/\/www.w3.org\/2000\/svg\" id=\"adf49d60-5815-4ece-8d49-00a021de5c06\" data-name=\"Layer 1\" width=\"16\" height=\"16\" viewbox=\"0 0 16 16\"><rect width=\"16\" height=\"16\" style=\"opacity:0\"><\/rect><rect y=\"7.64\" width=\"16\" height=\"0.76\"><\/rect><\/svg><\/span>\n\t\t\t\t\t\t\t\t\t\t\t\t\t<\/span>\n\t\t\t\t\t\t\t\t\t\t\t\t<a class=\"elementor-toggle-title\" tabindex=\"0\">Voor Buitenlandse Klanten \u2013 Geen Commissie, Alleen Flexibele Diensten<\/a>\n\t\t\t\t\t<\/h4>\n\n\t\t\t\t\t<div id=\"elementor-tab-content-1771\" class=\"elementor-tab-content elementor-clearfix\" data-tab=\"1\" role=\"region\" aria-labelledby=\"elementor-tab-title-1771\"><p>Ik begrijp dat voor buitenlandse kopers het kopen van onroerend goed en de bijbehorende administratie in Hongarije vaak ingewikkeld, tijdrovend en stressvol kan zijn. Daarom hoeven kopers bij mij geen enkele commissie te betalen \u2013 zo zijn er geen verborgen kosten of onaangename verrassingen bovenop de koopprijs van het vastgoed.<\/p><p>Wat ik in plaats daarvan aanbied: een optioneel, aanpasbaar dienstenpakket dat het proces vereenvoudigt:<\/p><ul><li>Volledige ondersteuning bij de aankoop van onroerend goed<\/li><li>Homologatie van voertuigen (kentekenregistratie van buitenlandse voertuigen)<\/li><li>Aanvragen van adreskaart (Lakc\u00edmk\u00e1rtya) en sofinummer (TAJ-k\u00e1rtya)<\/li><li>Overdracht van nutsvoorzieningen en andere administratieve taken<\/li><li>Vertaling en tolkondersteuning<\/li><li>Lokaal netwerk en persoonlijke afhandeling<\/li><\/ul><p>Dit pakket is niet verplicht; u kiest het alleen als u wilt dat alles soepel, snel en transparant verloopt, zonder taal- of administratieve belemmeringen.<\/p><\/div>\n\t\t\t\t<\/div>\n\t\t\t\t\t\t\t<div class=\"elementor-toggle-item\">\n\t\t\t\t\t<h4 id=\"elementor-tab-title-1772\" class=\"elementor-tab-title\" data-tab=\"2\" role=\"button\" aria-controls=\"elementor-tab-content-1772\" aria-expanded=\"false\">\n\t\t\t\t\t\t\t\t\t\t\t\t<span class=\"elementor-toggle-icon elementor-toggle-icon-right\" aria-hidden=\"true\">\n\t\t\t\t\t\t\t\t\t\t\t\t\t\t\t<span class=\"elementor-toggle-icon-closed\"><svg xmlns=\"http:\/\/www.w3.org\/2000\/svg\" id=\"b159ff04-3740-4ac3-96cc-b414ded50b3a\" data-name=\"Layer 1\" width=\"16\" height=\"16\" viewbox=\"0 0 16 16\"><polygon points=\"8.39 7.64 8.39 0 7.61 0 7.61 7.64 0 7.64 0 8.4 7.61 8.4 7.61 16 8.39 16 8.39 8.4 16 8.4 16 7.64 8.39 7.64\"><\/polygon><\/svg><\/span>\n\t\t\t\t\t\t\t\t<span class=\"elementor-toggle-icon-opened\"><svg xmlns=\"http:\/\/www.w3.org\/2000\/svg\" id=\"adf49d60-5815-4ece-8d49-00a021de5c06\" data-name=\"Layer 1\" width=\"16\" height=\"16\" viewbox=\"0 0 16 16\"><rect width=\"16\" height=\"16\" style=\"opacity:0\"><\/rect><rect y=\"7.64\" width=\"16\" height=\"0.76\"><\/rect><\/svg><\/span>\n\t\t\t\t\t\t\t\t\t\t\t\t\t<\/span>\n\t\t\t\t\t\t\t\t\t\t\t\t<a class=\"elementor-toggle-title\" tabindex=\"0\">Waarom Zou U Mij Kiezen?<\/a>\n\t\t\t\t\t<\/h4>\n\n\t\t\t\t\t<div id=\"elementor-tab-content-1772\" class=\"elementor-tab-content elementor-clearfix\" data-tab=\"2\" role=\"region\" aria-labelledby=\"elementor-tab-title-1772\"><ul><li>Als koper zijn er geen verborgen commissies of extra kosten.<\/li><li>Meer dan 10 jaar lokale kennis en ervaring in het comitaat Somogy en Transdanubi\u00eb.<\/li><li>Ik communiceer in meerdere talen, zodat iedereen helder en soepel kan samenwerken.<\/li><li>Gepersonaliseerde, flexibele oplossingen afgestemd op de behoeften van buitenlandse klanten.<\/li><\/ul><p>\ud83d\udcde Heeft u vragen? Neem gerust contact met mij op!<\/p><\/div>\n\t\t\t\t<\/div>\n\t\t\t\t\t\t\t\t<\/div>\n\t\t\t\t\t\t<\/div>\n\t\t\t\t<\/div>\n\t\t\t\t<\/div>\n\t\t\t\t\t<\/div>\n\t\t\t\t<\/div>\n\t\t\t\t<\/div>","protected":false},"excerpt":{"rendered":"<p>Gyakran Ism\u00e9telt K\u00e9rd\u00e9sek K\u00fclf\u00f6ldi \u00fcgyfeleknek \u2013 jutal\u00e9k n\u00e9lk\u00fcl, csak rugalmas szolg\u00e1ltat\u00e1sokkal Tudom, hogy a k\u00fclf\u00f6ldi v\u00e1s\u00e1rl\u00f3k sz\u00e1m\u00e1ra Magyarorsz\u00e1gon az ingatlanv\u00e1s\u00e1rl\u00e1s \u00e9s az \u00fcgyint\u00e9z\u00e9s sokszor bonyolult, id\u0151ig\u00e9nyes \u00e9s stresszes lehet. \u00c9ppen ez\u00e9rt n\u00e1lam a vev\u0151knek semmilyen jutal\u00e9kot nem kell fizetni\u00fck \u2013 \u00edgy az ingatlan \u00e1r\u00e1n t\u00fal nincs rejtett k\u00f6lts\u00e9g vagy kellemetlen meglepet\u00e9s. Amit k\u00edn\u00e1lok helyette: egy &#8230; <a title=\"VVV\" class=\"read-more\" href=\"https:\/\/hagemanestate.com\/nl\/gyik\/\" aria-label=\"Lees meer over Gyik\">Lees verder<\/a><\/p>","protected":false},"author":1,"featured_media":0,"parent":0,"menu_order":0,"comment_status":"closed","ping_status":"closed","template":"elementor_header_footer","meta":{"footnotes":""},"class_list":["post-2269","page","type-page","status-publish"],"yoast_head":"<!-- This site is optimized with the Yoast SEO Premium plugin v27.3 (Yoast SEO v27.3) - https:\/\/yoast.com\/product\/yoast-seo-premium-wordpress\/ -->\n<title>Gyik - hagemanestate.com<\/title>\n<meta name=\"robots\" content=\"index, follow, max-snippet:-1, max-image-preview:large, max-video-preview:-1\" \/>\n<link rel=\"canonical\" href=\"https:\/\/hagemanestate.com\/nl\/hagedis\/\" \/>\n<meta property=\"og:locale\" content=\"nl_NL\" \/>\n<meta property=\"og:type\" content=\"article\" \/>\n<meta property=\"og:title\" content=\"Gyik\" \/>\n<meta property=\"og:description\" content=\"Gyakran Ism\u00e9telt K\u00e9rd\u00e9sek K\u00fclf\u00f6ldi \u00fcgyfeleknek \u2013 jutal\u00e9k n\u00e9lk\u00fcl, csak rugalmas szolg\u00e1ltat\u00e1sokkal Tudom, hogy a k\u00fclf\u00f6ldi v\u00e1s\u00e1rl\u00f3k sz\u00e1m\u00e1ra Magyarorsz\u00e1gon az ingatlanv\u00e1s\u00e1rl\u00e1s \u00e9s az \u00fcgyint\u00e9z\u00e9s sokszor bonyolult, id\u0151ig\u00e9nyes \u00e9s stresszes lehet. \u00c9ppen ez\u00e9rt n\u00e1lam a vev\u0151knek semmilyen jutal\u00e9kot nem kell fizetni\u00fck \u2013 \u00edgy az ingatlan \u00e1r\u00e1n t\u00fal nincs rejtett k\u00f6lts\u00e9g vagy kellemetlen meglepet\u00e9s. Amit k\u00edn\u00e1lok helyette: egy ... Lees verder\" \/>\n<meta property=\"og:url\" content=\"https:\/\/hagemanestate.com\/nl\/hagedis\/\" \/>\n<meta property=\"og:site_name\" content=\"hagemanestate.com\" \/>\n<meta property=\"article:publisher\" content=\"https:\/\/www.facebook.com\/coen.hageman\" \/>\n<meta property=\"article:modified_time\" content=\"2025-07-22T16:44:39+00:00\" \/>\n<meta property=\"og:image\" content=\"https:\/\/hagemanestate.com\/wp-content\/uploads\/2025\/05\/2025.-01.-30.-17_18_09-1024x575.png\" \/>\n\t<meta property=\"og:image:width\" content=\"1024\" \/>\n\t<meta property=\"og:image:height\" content=\"575\" \/>\n\t<meta property=\"og:image:type\" content=\"image\/png\" \/>\n<meta name=\"twitter:card\" content=\"summary_large_image\" \/>\n<meta name=\"twitter:label1\" content=\"Geschatte leestijd\" \/>\n\t<meta name=\"twitter:data1\" content=\"1 minuut\" \/>\n<script type=\"application\/ld+json\" class=\"yoast-schema-graph\">{\"@context\":\"https:\\\/\\\/schema.org\",\"@graph\":[{\"@type\":\"WebPage\",\"@id\":\"https:\\\/\\\/hagemanestate.com\\\/gyik\\\/\",\"url\":\"https:\\\/\\\/hagemanestate.com\\\/gyik\\\/\",\"name\":\"Gyik - hagemanestate.com\",\"isPartOf\":{\"@id\":\"https:\\\/\\\/hagemanestate.com\\\/#website\"},\"datePublished\":\"2025-07-13T23:37:26+00:00\",\"dateModified\":\"2025-07-22T16:44:39+00:00\",\"breadcrumb\":{\"@id\":\"https:\\\/\\\/hagemanestate.com\\\/gyik\\\/#breadcrumb\"},\"inLanguage\":\"nl-NL\",\"potentialAction\":[{\"@type\":\"ReadAction\",\"target\":[\"https:\\\/\\\/hagemanestate.com\\\/gyik\\\/\"]}]},{\"@type\":\"BreadcrumbList\",\"@id\":\"https:\\\/\\\/hagemanestate.com\\\/gyik\\\/#breadcrumb\",\"itemListElement\":[{\"@type\":\"ListItem\",\"position\":1,\"name\":\"Kezd\u0151lap\",\"item\":\"https:\\\/\\\/hagemanestate.com\\\/\"},{\"@type\":\"ListItem\",\"position\":2,\"name\":\"Gyik\"}]},{\"@type\":\"WebSite\",\"@id\":\"https:\\\/\\\/hagemanestate.com\\\/#website\",\"url\":\"https:\\\/\\\/hagemanestate.com\\\/\",\"name\":\"hagemanestate.com\",\"description\":\"\ud83c\udded\ud83c\uddfa Magyar: Ingatlank\u00f6zvet\u00edt\u0151 Somogyban \u2013 Elad\u00f3 \u00e9s kiad\u00f3 h\u00e1zak, lak\u00e1sok | Hageman Estate   \ud83c\uddec\ud83c\udde7 English: Real Estate Hungary \u2013 Buy or rent property in Somogy | Hageman Estate   \ud83c\udde9\ud83c\uddea Immobilien Ungarn \u2013 Kaufen oder mieten in der Region Somogy | Hageman Estate   \ud83c\uddf3\ud83c\uddf1 Nederlands: Makelaar Hongarije \u2013 Koop of huur vastgoed in Somogy | Hageman Estate\",\"publisher\":{\"@id\":\"https:\\\/\\\/hagemanestate.com\\\/#organization\"},\"potentialAction\":[{\"@type\":\"SearchAction\",\"target\":{\"@type\":\"EntryPoint\",\"urlTemplate\":\"https:\\\/\\\/hagemanestate.com\\\/?s={search_term_string}\"},\"query-input\":{\"@type\":\"PropertyValueSpecification\",\"valueRequired\":true,\"valueName\":\"search_term_string\"}}],\"inLanguage\":\"nl-NL\"},{\"@type\":\"Organization\",\"@id\":\"https:\\\/\\\/hagemanestate.com\\\/#organization\",\"name\":\"hagemanestate.com\",\"url\":\"https:\\\/\\\/hagemanestate.com\\\/\",\"logo\":{\"@type\":\"ImageObject\",\"inLanguage\":\"nl-NL\",\"@id\":\"https:\\\/\\\/hagemanestate.com\\\/#\\\/schema\\\/logo\\\/image\\\/\",\"url\":\"https:\\\/\\\/hagemanestate.com\\\/wp-content\\\/uploads\\\/2025\\\/05\\\/2025.-01.-30.-17_18_09-1024x575.png\",\"contentUrl\":\"https:\\\/\\\/hagemanestate.com\\\/wp-content\\\/uploads\\\/2025\\\/05\\\/2025.-01.-30.-17_18_09-1024x575.png\",\"width\":1024,\"height\":575,\"caption\":\"hagemanestate.com\"},\"image\":{\"@id\":\"https:\\\/\\\/hagemanestate.com\\\/#\\\/schema\\\/logo\\\/image\\\/\"},\"sameAs\":[\"https:\\\/\\\/www.facebook.com\\\/coen.hageman\",\"https:\\\/\\\/www.instagram.com\\\/coenhagemanestate\\\/\",\"https:\\\/\\\/www.tiktok.com\\\/@coenhagemaningatlan\"],\"description\":\"Hageman Estate is een gecertificeerd makelaarskantoor in de provincie Somogy, Hongarije. Wij zijn gespecialiseerd in de aan- en verkoop van landelijk vastgoed en begeleiden buitenlandse kopers \u2013 voornamelijk uit Nederland en West-Europa \u2013 persoonlijk van de eerste bezichtiging tot de sleuteloverdracht.\",\"email\":\"coenhageman@gmail.com\",\"telephone\":\"+36 30 391 9975\",\"legalName\":\"Hageman Estate\",\"foundingDate\":\"2025-07-04\",\"numberOfEmployees\":{\"@type\":\"QuantitativeValue\",\"minValue\":\"1\",\"maxValue\":\"10\"}}]}<\/script>\n<!-- \/ Yoast SEO Premium plugin. -->","yoast_head_json":{"title":"Zigeuner - hagemanestate.nl","robots":{"index":"index","follow":"follow","max-snippet":"max-snippet:-1","max-image-preview":"max-image-preview:large","max-video-preview":"max-video-preview:-1"},"canonical":"https:\/\/hagemanestate.com\/nl\/hagedis\/","og_locale":"nl_NL","og_type":"article","og_title":"Gyik","og_description":"Gyakran Ism\u00e9telt K\u00e9rd\u00e9sek K\u00fclf\u00f6ldi \u00fcgyfeleknek \u2013 jutal\u00e9k n\u00e9lk\u00fcl, csak rugalmas szolg\u00e1ltat\u00e1sokkal Tudom, hogy a k\u00fclf\u00f6ldi v\u00e1s\u00e1rl\u00f3k sz\u00e1m\u00e1ra Magyarorsz\u00e1gon az ingatlanv\u00e1s\u00e1rl\u00e1s \u00e9s az \u00fcgyint\u00e9z\u00e9s sokszor bonyolult, id\u0151ig\u00e9nyes \u00e9s stresszes lehet. \u00c9ppen ez\u00e9rt n\u00e1lam a vev\u0151knek semmilyen jutal\u00e9kot nem kell fizetni\u00fck \u2013 \u00edgy az ingatlan \u00e1r\u00e1n t\u00fal nincs rejtett k\u00f6lts\u00e9g vagy kellemetlen meglepet\u00e9s. Amit k\u00edn\u00e1lok helyette: egy ... Lees verder","og_url":"https:\/\/hagemanestate.com\/nl\/hagedis\/","og_site_name":"hagemanestate.com","article_publisher":"https:\/\/www.facebook.com\/coen.hageman","article_modified_time":"2025-07-22T16:44:39+00:00","og_image":[{"width":1024,"height":575,"url":"https:\/\/hagemanestate.com\/wp-content\/uploads\/2025\/05\/2025.-01.-30.-17_18_09-1024x575.png","type":"image\/png"}],"twitter_card":"summary_large_image","twitter_misc":{"Geschatte leestijd":"1 minuut"},"schema":{"@context":"https:\/\/schema.org","@graph":[{"@type":"WebPage","@id":"https:\/\/hagemanestate.com\/gyik\/","url":"https:\/\/hagemanestate.com\/gyik\/","name":"Zigeuner - hagemanestate.nl","isPartOf":{"@id":"https:\/\/hagemanestate.com\/#website"},"datePublished":"2025-07-13T23:37:26+00:00","dateModified":"2025-07-22T16:44:39+00:00","breadcrumb":{"@id":"https:\/\/hagemanestate.com\/gyik\/#breadcrumb"},"inLanguage":"nl-NL","potentialAction":[{"@type":"ReadAction","target":["https:\/\/hagemanestate.com\/gyik\/"]}]},{"@type":"BreadcrumbList","@id":"https:\/\/hagemanestate.com\/gyik\/#breadcrumb","itemListElement":[{"@type":"ListItem","position":1,"name":"Kezd\u0151lap","item":"https:\/\/hagemanestate.com\/"},{"@type":"ListItem","position":2,"name":"Gyik"}]},{"@type":"WebSite","@id":"https:\/\/hagemanestate.com\/#website","url":"https:\/\/hagemanestate.com\/","name":"hagemanestate.com","description":"\ud83c\udded\ud83c\uddfa English: Real Estate Hungary - Kopen of huren van onroerend goed in Somogy | Hageman Estate \ud83c\uddec\ud83c\udde7 English: Real Estate Hungary - Kopen of huren van onroerend goed in Somogy | Hageman Estate \ud83c\udde9\ud83c\uddea Hungary, real estate - Kopen of huren in Somogy | Hageman Estate \ud83c\uddf3\ud83c\uddf1 Nederlands: Makelaar Hongarije - Koop of huur vastgoed in Somogy | Hageman Estate","publisher":{"@id":"https:\/\/hagemanestate.com\/#organization"},"potentialAction":[{"@type":"SearchAction","target":{"@type":"EntryPoint","urlTemplate":"https:\/\/hagemanestate.com\/?s={search_term_string}"},"query-input":{"@type":"PropertyValueSpecification","valueRequired":true,"valueName":"search_term_string"}}],"inLanguage":"nl-NL"},{"@type":"Organization","@id":"https:\/\/hagemanestate.com\/#organization","name":"hagemanestate.com","url":"https:\/\/hagemanestate.com\/","logo":{"@type":"ImageObject","inLanguage":"nl-NL","@id":"https:\/\/hagemanestate.com\/#\/schema\/logo\/image\/","url":"https:\/\/hagemanestate.com\/wp-content\/uploads\/2025\/05\/2025.-01.-30.-17_18_09-1024x575.png","contentUrl":"https:\/\/hagemanestate.com\/wp-content\/uploads\/2025\/05\/2025.-01.-30.-17_18_09-1024x575.png","width":1024,"height":575,"caption":"hagemanestate.com"},"image":{"@id":"https:\/\/hagemanestate.com\/#\/schema\/logo\/image\/"},"sameAs":["https:\/\/www.facebook.com\/coen.hageman","https:\/\/www.instagram.com\/coenhagemanestate\/","https:\/\/www.tiktok.com\/@coenhagemaningatlan"],"description":"Hageman Estate is een gecertificeerd makelaarskantoor in de provincie Somogy, Hongarije. Wij zijn gespecialiseerd in de aan- en verkoop van landelijk vastgoed en begeleiden buitenlandse kopers - voornamelijk uit Nederland en West-Europa - personnlijk van de eerste bezichtiging tot de sleuteloverdracht.","email":"coenhageman@gmail.com","telephone":"+36 30 391 9975","legalName":"Hageman Estate","foundingDate":"2025-07-04","numberOfEmployees":{"@type":"QuantitativeValue","minValue":"1","maxValue":"10"}}]}},"_links":{"self":[{"href":"https:\/\/hagemanestate.com\/nl\/wp-json\/wp\/v2\/pages\/2269","targetHints":{"allow":["GET"]}}],"collection":[{"href":"https:\/\/hagemanestate.com\/nl\/wp-json\/wp\/v2\/pages"}],"about":[{"href":"https:\/\/hagemanestate.com\/nl\/wp-json\/wp\/v2\/types\/page"}],"author":[{"embeddable":true,"href":"https:\/\/hagemanestate.com\/nl\/wp-json\/wp\/v2\/users\/1"}],"replies":[{"embeddable":true,"href":"https:\/\/hagemanestate.com\/nl\/wp-json\/wp\/v2\/comments?post=2269"}],"version-history":[{"count":0,"href":"https:\/\/hagemanestate.com\/nl\/wp-json\/wp\/v2\/pages\/2269\/revisions"}],"wp:attachment":[{"href":"https:\/\/hagemanestate.com\/nl\/wp-json\/wp\/v2\/media?parent=2269"}],"curies":[{"name":"wp","href":"https:\/\/api.w.org\/{rel}","templated":true}]}}