{"id":18516,"date":"2026-04-24T15:04:09","date_gmt":"2026-04-24T15:04:09","guid":{"rendered":"https:\/\/hagemanestate.com\/?page_id=18516"},"modified":"2026-05-11T17:56:46","modified_gmt":"2026-05-11T17:56:46","slug":"about","status":"publish","type":"page","link":"https:\/\/hagemanestate.com\/en\/rolam\/","title":{"rendered":"About me"},"content":{"rendered":"<div data-elementor-type=\"wp-page\" data-elementor-id=\"18516\" class=\"elementor elementor-18516\" data-elementor-post-type=\"page\">\n\t\t\t\t\t\t<section class=\"elementor-section elementor-top-section elementor-element elementor-element-6526d4b elementor-section-height-min-height animated-slow elementor-section-boxed elementor-section-height-default elementor-section-items-middle elementor-invisible\" data-id=\"6526d4b\" data-element_type=\"section\" data-e-type=\"section\" data-settings=\"{&quot;background_background&quot;:&quot;classic&quot;,&quot;animation&quot;:&quot;fadeIn&quot;}\">\n\t\t\t\t\t\t\t<div class=\"elementor-background-overlay\"><\/div>\n\t\t\t\t\t\t\t<div class=\"elementor-container elementor-column-gap-default\">\n\t\t\t\t\t<div class=\"elementor-column elementor-col-100 elementor-top-column elementor-element elementor-element-f4c167b\" data-id=\"f4c167b\" data-element_type=\"column\" data-e-type=\"column\">\n\t\t\t<div class=\"elementor-widget-wrap elementor-element-populated\">\n\t\t\t\t\t\t\t<\/div>\n\t\t<\/div>\n\t\t\t\t\t<\/div>\n\t\t<\/section>\n\t\t<div class=\"elementor-element elementor-element-10c2c17 e-flex e-con-boxed e-con e-parent\" data-id=\"10c2c17\" data-element_type=\"container\" data-e-type=\"container\" data-settings=\"{&quot;background_background&quot;:&quot;classic&quot;}\">\n\t\t\t\t\t<div class=\"e-con-inner\">\n\t\t<div class=\"elementor-element elementor-element-c0d1bbe e-con-full e-flex e-con e-child\" data-id=\"c0d1bbe\" data-element_type=\"container\" data-e-type=\"container\">\n\t\t\t\t<div class=\"elementor-element elementor-element-8604104 elementor-widget__width-initial elementor-invisible elementor-widget elementor-widget-heading\" data-id=\"8604104\" data-element_type=\"widget\" data-e-type=\"widget\" data-settings=\"{&quot;_animation&quot;:&quot;fadeIn&quot;}\" data-widget_type=\"heading.default\">\n\t\t\t\t\t<h1 class=\"elementor-heading-title elementor-size-default\">Introduction<\/h1>\t\t\t\t<\/div>\n\t\t\t\t<\/div>\n\t\t<div class=\"elementor-element elementor-element-7dfc626 e-con-full e-flex e-con e-child\" data-id=\"7dfc626\" data-element_type=\"container\" data-e-type=\"container\" data-settings=\"{&quot;background_background&quot;:&quot;classic&quot;}\">\n\t\t\t\t<div class=\"elementor-element elementor-element-e482621 elementor-absolute elementor-invisible elementor-widget elementor-widget-heading\" data-id=\"e482621\" data-element_type=\"widget\" data-e-type=\"widget\" data-settings=\"{&quot;_animation&quot;:&quot;fadeIn&quot;,&quot;_position&quot;:&quot;absolute&quot;}\" data-widget_type=\"heading.default\">\n\t\t\t\t\t<h1 class=\"elementor-heading-title elementor-size-default\">Properties for sale in Somogy county \u2013 real estate brokerage in 4 languages<\/h1>\t\t\t\t<\/div>\n\t\t\t\t<\/div>\n\t\t\t\t\t<\/div>\n\t\t\t\t<\/div>\n\t\t<div class=\"elementor-element elementor-element-4ae4312 e-flex e-con-boxed e-con e-parent\" data-id=\"4ae4312\" data-element_type=\"container\" data-e-type=\"container\" data-settings=\"{&quot;background_background&quot;:&quot;classic&quot;}\">\n\t\t\t\t\t<div class=\"e-con-inner\">\n\t\t<div class=\"elementor-element elementor-element-c3e6d92 e-con-full e-flex e-con e-child\" data-id=\"c3e6d92\" data-element_type=\"container\" data-e-type=\"container\">\n\t\t<div class=\"elementor-element elementor-element-7dfbac0 e-con-full e-flex e-con e-child\" data-id=\"7dfbac0\" data-element_type=\"container\" data-e-type=\"container\">\n\t\t<div class=\"elementor-element elementor-element-f6aebd7 e-con-full e-flex e-con e-child\" data-id=\"f6aebd7\" data-element_type=\"container\" data-e-type=\"container\">\n\t\t\t\t<div class=\"elementor-element elementor-element-2731d35 elementor-widget elementor-widget-text-editor\" data-id=\"2731d35\" data-element_type=\"widget\" data-e-type=\"widget\" data-widget_type=\"text-editor.default\">\n\t\t\t\t\t\t\t\t\t<p>Hello, I&#039;m Hageman Coen, founder of Hageman Estate and a licensed real estate agent in Somogy County.<\/p><p>I was born in the Netherlands, but Hungary has been my home since I was 10 years old. I earned my degree in business and marketing at the University of P\u00e9cs, and I apply the knowledge I gained in the real estate market every day.<\/p><p>I previously worked at Heckenast Real Estate, where I gained practical knowledge that allows me to accurately understand the needs of my clients - whether it&#039;s selling or buying.<\/p><p class=\"translation-block\">I speak four languages: <strong>Hungarian, Dutch, English and German<\/strong> . This allows me to communicate effectively not only with local but also foreign interested parties \u2013 this is especially important when selling rural properties, where the proportion of foreign buyers is increasing.<\/p><p>Transparency, trust, and customer focus \u2013 these are my most important values, along which I work.<\/p>\t\t\t\t\t\t\t\t<\/div>\n\t\t\t\t<\/div>\n\t\t<div class=\"elementor-element elementor-element-75520d5 e-con-full e-flex e-con e-child\" data-id=\"75520d5\" data-element_type=\"container\" data-e-type=\"container\">\n\t\t\t\t<div class=\"elementor-element elementor-element-d147fb8 elementor-widget elementor-widget-image\" data-id=\"d147fb8\" data-element_type=\"widget\" data-e-type=\"widget\" data-widget_type=\"image.default\">\n\t\t\t\t\t\t\t\t\t\t\t\t\t\t\t<img decoding=\"async\" src=\"https:\/\/hagemanestate.com\/wp-content\/uploads\/elementor\/thumbs\/Kepernyofoto-2026-04-24-14.01.01-rmhdn5bso68jej716xxu6oqcm18y7ut0ehs7065jcw.png\" title=\"Kepernyofoto-2026-04-24-14.01.01\" alt=\"Kepernyofoto-2026-04-24-14.01.01\" loading=\"lazy\" \/>\t\t\t\t\t\t\t\t\t\t\t\t\t\t\t<\/div>\n\t\t\t\t<\/div>\n\t\t\t\t<\/div>\n\t\t\t\t<\/div>\n\t\t\t\t\t<\/div>\n\t\t\t\t<\/div>\n\t\t<div class=\"elementor-element elementor-element-ugqkxv71w e-flex e-con-boxed elementor-invisible e-con e-parent\" data-id=\"ugqkxv71w\" data-element_type=\"container\" data-e-type=\"container\" data-settings=\"{&quot;background_background&quot;:&quot;gradient&quot;,&quot;animation&quot;:&quot;fadeIn&quot;}\">\n\t\t\t\t\t<div class=\"e-con-inner\">\n\t\t<div class=\"elementor-element elementor-element-3h7z174xi e-con-full e-flex e-con e-child\" data-id=\"3h7z174xi\" data-element_type=\"container\" data-e-type=\"container\">\n\t\t<div class=\"elementor-element elementor-element-31hn132my e-con-full e-flex e-con e-child\" data-id=\"31hn132my\" data-element_type=\"container\" data-e-type=\"container\">\n\t\t<div class=\"elementor-element elementor-element-4922ct2u7 e-con-full e-flex e-con e-child\" data-id=\"4922ct2u7\" data-element_type=\"container\" data-e-type=\"container\">\n\t\t\t\t<div class=\"elementor-element elementor-element-5fk7hbd1u elementor-widget elementor-widget-image\" data-id=\"5fk7hbd1u\" data-element_type=\"widget\" data-e-type=\"widget\" data-widget_type=\"image.default\">\n\t\t\t\t\t\t\t\t\t\t\t\t\t\t\t<img fetchpriority=\"high\" decoding=\"async\" width=\"1024\" height=\"768\" src=\"https:\/\/hagemanestate.com\/wp-content\/uploads\/2026\/05\/DJI_20260213143712_0103_D-scaled-1.jpg\" class=\"attachment-large size-large wp-image-18893\" alt=\"\" srcset=\"https:\/\/hagemanestate.com\/wp-content\/uploads\/2026\/05\/DJI_20260213143712_0103_D-scaled-1.jpg 1600w, https:\/\/hagemanestate.com\/wp-content\/uploads\/2026\/05\/DJI_20260213143712_0103_D-scaled-1-1536x1152.jpg 1536w, https:\/\/hagemanestate.com\/wp-content\/uploads\/2026\/05\/DJI_20260213143712_0103_D-scaled-1-16x12.jpg 16w, https:\/\/hagemanestate.com\/wp-content\/uploads\/2026\/05\/DJI_20260213143712_0103_D-scaled-1-584x438.jpg 584w\" sizes=\"(max-width: 1024px) 100vw, 1024px\" \/>\t\t\t\t\t\t\t\t\t\t\t\t\t\t\t<\/div>\n\t\t\t\t<\/div>\n\t\t<div class=\"elementor-element elementor-element-brtj5kq73 e-con-full e-flex e-con e-child\" data-id=\"brtj5kq73\" data-element_type=\"container\" data-e-type=\"container\">\n\t\t\t\t<div class=\"elementor-element elementor-element-x2310n662 elementor-widget elementor-widget-text-editor\" data-id=\"x2310n662\" data-element_type=\"widget\" data-e-type=\"widget\" data-widget_type=\"text-editor.default\">\n\t\t\t\t\t\t\t\t\t<p>International relations and multilingual communication<br \/>Thanks to my Dutch origin and language skills, I have an outstanding network of contacts with foreign buyers \u2013 especially from Western Europe \u2013 so I can specifically reach those looking for rural Hungarian property.<\/p><p>Personalized marketing \u2013 at your own expense<br \/>In the case of an exclusive or semi-exclusive assignment, I apply a unique marketing strategy tailored to the given property:<\/p><ul><li>Professional photography with a photographer<\/li><li>Custom-made, high-quality real estate video<\/li><li>Targeted online ads that actually reach the right audience<\/li><\/ul><p>\u00a0Small portfolio, big attention<br \/>I consciously only work with a limited number of properties at a time - this allows me to provide each of my clients with maximum attention and marketing spend.<\/p><p>\u00a0Transparent and fair cooperation<br \/>I will keep you informed of every step of the process, there are no hidden costs or unpleasant surprises.<\/p>\t\t\t\t\t\t\t\t<\/div>\n\t\t\t\t<\/div>\n\t\t\t\t<\/div>\n\t\t\t\t<\/div>\n\t\t\t\t\t<\/div>\n\t\t\t\t<\/div>\n\t\t<div class=\"elementor-element elementor-element-afea4de e-flex e-con-boxed e-con e-parent\" data-id=\"afea4de\" data-element_type=\"container\" data-e-type=\"container\" data-settings=\"{&quot;background_background&quot;:&quot;classic&quot;}\">\n\t\t\t\t\t<div class=\"e-con-inner\">\n\t\t<div class=\"elementor-element elementor-element-8b6cbff e-con-full e-flex e-con e-child\" data-id=\"8b6cbff\" data-element_type=\"container\" data-e-type=\"container\">\n\t\t\t\t<div class=\"elementor-element elementor-element-1987c17 elementor-widget__width-initial elementor-invisible elementor-widget elementor-widget-heading\" data-id=\"1987c17\" data-element_type=\"widget\" data-e-type=\"widget\" data-settings=\"{&quot;_animation&quot;:&quot;fadeIn&quot;}\" data-widget_type=\"heading.default\">\n\t\t\t\t\t<h1 class=\"elementor-heading-title elementor-size-default\">For customers<\/h1>\t\t\t\t<\/div>\n\t\t\t\t<\/div>\n\t\t<div class=\"elementor-element elementor-element-d6994b9 e-con-full e-flex e-con e-child\" data-id=\"d6994b9\" data-element_type=\"container\" data-e-type=\"container\" data-settings=\"{&quot;background_background&quot;:&quot;classic&quot;}\">\n\t\t\t\t<div class=\"elementor-element elementor-element-0f0314a elementor-invisible elementor-widget elementor-widget-heading\" data-id=\"0f0314a\" data-element_type=\"widget\" data-e-type=\"widget\" data-settings=\"{&quot;_animation&quot;:&quot;fadeIn&quot;}\" data-widget_type=\"heading.default\">\n\t\t\t\t\t<h1 class=\"elementor-heading-title elementor-size-default\">In search of the ideal home<\/h1>\t\t\t\t<\/div>\n\t\t\t\t<\/div>\n\t\t\t\t\t<\/div>\n\t\t\t\t<\/div>\n\t\t<div class=\"elementor-element elementor-element-0cc92ac e-flex e-con-boxed e-con e-parent\" data-id=\"0cc92ac\" data-element_type=\"container\" data-e-type=\"container\" data-settings=\"{&quot;background_background&quot;:&quot;classic&quot;}\">\n\t\t\t\t\t<div class=\"e-con-inner\">\n\t\t<div class=\"elementor-element elementor-element-be8b323 e-con-full e-flex e-con e-child\" data-id=\"be8b323\" data-element_type=\"container\" data-e-type=\"container\">\n\t\t<div class=\"elementor-element elementor-element-849ad95 e-con-full e-flex e-con e-child\" data-id=\"849ad95\" data-element_type=\"container\" data-e-type=\"container\">\n\t\t<div class=\"elementor-element elementor-element-fb75518 e-con-full e-flex e-con e-child\" data-id=\"fb75518\" data-element_type=\"container\" data-e-type=\"container\">\n\t\t\t\t<div class=\"elementor-element elementor-element-ba199f8 elementor-widget elementor-widget-text-editor\" data-id=\"ba199f8\" data-element_type=\"widget\" data-e-type=\"widget\" data-widget_type=\"text-editor.default\">\n\t\t\t\t\t\t\t\t\t<p>Property search according to individual needs<br \/>If you haven&#039;t found your dream home yet, I can help you select and find the best option for you, whether in the countryside or for investment purposes.<\/p><p>Support for foreign customers<br \/>I speak Dutch, English and German, so I can help foreign clients who are not familiar with the specifics of the Hungarian system \u2013 translation, communication, administration from the first step to the handover of the keys.<\/p><p>Transparent information<br \/>I explain every process in a clear manner \u2013 there are no surprises, hidden costs or misunderstandings.<\/p><p>Extra services<\/p><ul><li>Valuation recommendation from a trusted expert<\/li><li>Full-scale general construction<\/li><li>Obtaining an energy certificate<\/li><li>Providing legal support<\/li><li>Home staging consulting (preparing a property for sale)<\/li><li>Complete coordination of the home purchase process for foreign clients<\/li><li>Consultation<\/li><li>Comprehensive Special Package for Foreigners.<\/li><li>Insurance<\/li><\/ul>\t\t\t\t\t\t\t\t<\/div>\n\t\t\t\t<\/div>\n\t\t<div class=\"elementor-element elementor-element-3d859f0 e-con-full e-flex e-con e-child\" data-id=\"3d859f0\" data-element_type=\"container\" data-e-type=\"container\">\n\t\t\t\t<div class=\"elementor-element elementor-element-7ae1d20 elementor-widget elementor-widget-image\" data-id=\"7ae1d20\" data-element_type=\"widget\" data-e-type=\"widget\" data-widget_type=\"image.default\">\n\t\t\t\t\t\t\t\t\t\t\t\t\t\t\t<img decoding=\"async\" width=\"1600\" height=\"1067\" src=\"https:\/\/hagemanestate.com\/wp-content\/uploads\/2026\/05\/DSC07975-HDR-scaled-1.png\" class=\"attachment-full size-full wp-image-18882\" alt=\"\" srcset=\"https:\/\/hagemanestate.com\/wp-content\/uploads\/2026\/05\/DSC07975-HDR-scaled-1.png 1600w, https:\/\/hagemanestate.com\/wp-content\/uploads\/2026\/05\/DSC07975-HDR-scaled-1-1536x1024.png 1536w, https:\/\/hagemanestate.com\/wp-content\/uploads\/2026\/05\/DSC07975-HDR-scaled-1-18x12.png 18w\" sizes=\"(max-width: 1600px) 100vw, 1600px\" \/>\t\t\t\t\t\t\t\t\t\t\t\t\t\t\t<\/div>\n\t\t\t\t<\/div>\n\t\t\t\t<\/div>\n\t\t\t\t<\/div>\n\t\t\t\t\t<\/div>\n\t\t\t\t<\/div>\n\t\t\t\t<\/div>","protected":false},"excerpt":{"rendered":"<p>Bemutatkoz\u00e1s Somogy megye elad\u00f3 ingatlanjai \u2013 ingatlank\u00f6zvet\u00edt\u00e9s 4 nyelven \u00dcdv\u00f6zl\u00f6m, Hageman Coen vagyok, a Hageman Estate alap\u00edt\u00f3ja \u00e9s okleveles ingatlank\u00f6zvet\u00edt\u0151 Somogy megy\u00e9ben. Hollandi\u00e1ban sz\u00fclettem, de m\u00e1r 10 \u00e9ves korom \u00f3ta Magyarorsz\u00e1g az otthonom. \u00dczleti \u00e9s marketing diplom\u00e1mat a P\u00e9csi Tudom\u00e1nyegyetemen szereztem, \u00e9s a megszerzett tud\u00e1st nap mint nap alkalmazom az ingatlanpiacon. Kor\u00e1bban a Heckenast Ingatlann\u00e1l [&hellip;]<\/p>\n","protected":false},"author":1,"featured_media":0,"parent":0,"menu_order":0,"comment_status":"closed","ping_status":"closed","template":"elementor_header_footer","meta":{"footnotes":""},"class_list":["post-18516","page","type-page","status-publish","hentry"],"yoast_head":"<!-- This site is optimized with the Yoast SEO plugin v27.5 - https:\/\/yoast.com\/product\/yoast-seo-wordpress\/ -->\n<title>Ingatlank\u00f6zvet\u00edt\u0151 Somogy megy\u00e9ben 4 nyelven - Hageman Estate<\/title>\n<meta name=\"description\" content=\"Hageman Coen t\u00f6bbnyelv\u0171 ingatlank\u00f6zvet\u00edt\u0151 Somogy megy\u00e9ben. Magyar, holland, n\u00e9met \u00e9s angol nyelven seg\u00edti a hazai \u00e9s k\u00fclf\u00f6ldi \u00fcgyfeleket.\" \/>\n<meta name=\"robots\" content=\"index, follow, max-snippet:-1, max-image-preview:large, max-video-preview:-1\" \/>\n<link rel=\"canonical\" href=\"https:\/\/hagemanestate.com\/en\/about\/\" \/>\n<meta property=\"og:locale\" content=\"en_GB\" \/>\n<meta property=\"og:type\" content=\"article\" \/>\n<meta property=\"og:title\" content=\"Ingatlank\u00f6zvet\u00edt\u0151 Somogy megy\u00e9ben 4 nyelven - Hageman Estate\" \/>\n<meta property=\"og:description\" content=\"Hageman Coen t\u00f6bbnyelv\u0171 ingatlank\u00f6zvet\u00edt\u0151 Somogy megy\u00e9ben. Magyar, holland, n\u00e9met \u00e9s angol nyelven seg\u00edti a hazai \u00e9s k\u00fclf\u00f6ldi \u00fcgyfeleket.\" \/>\n<meta property=\"og:url\" content=\"https:\/\/hagemanestate.com\/en\/about\/\" \/>\n<meta property=\"og:site_name\" content=\"Hageman Estate\" \/>\n<meta property=\"article:publisher\" content=\"https:\/\/www.facebook.com\/profile.php?id=61565078730431\" \/>\n<meta property=\"article:modified_time\" content=\"2026-05-11T17:56:46+00:00\" \/>\n<meta property=\"og:image\" content=\"https:\/\/hagemanestate.com\/wp-content\/uploads\/2026\/04\/Kepernyofoto-2026-04-24-14.01.01.png\" \/>\n<meta name=\"twitter:card\" content=\"summary_large_image\" \/>\n<meta name=\"twitter:label1\" content=\"Estimated reading time\" \/>\n\t<meta name=\"twitter:data1\" content=\"2 minutes\" \/>\n<script type=\"application\/ld+json\" class=\"yoast-schema-graph\">{\"@context\":\"https:\\\/\\\/schema.org\",\"@graph\":[{\"@type\":\"WebPage\",\"@id\":\"https:\\\/\\\/hagemanestate.com\\\/rolam\\\/\",\"url\":\"https:\\\/\\\/hagemanestate.com\\\/rolam\\\/\",\"name\":\"Ingatlank\u00f6zvet\u00edt\u0151 Somogy megy\u00e9ben 4 nyelven - Hageman Estate\",\"isPartOf\":{\"@id\":\"https:\\\/\\\/hagemanestate.com\\\/#website\"},\"primaryImageOfPage\":{\"@id\":\"https:\\\/\\\/hagemanestate.com\\\/rolam\\\/#primaryimage\"},\"image\":{\"@id\":\"https:\\\/\\\/hagemanestate.com\\\/rolam\\\/#primaryimage\"},\"thumbnailUrl\":\"https:\\\/\\\/hagemanestate.com\\\/wp-content\\\/uploads\\\/2026\\\/04\\\/Kepernyofoto-2026-04-24-14.01.01.png\",\"datePublished\":\"2026-04-24T15:04:09+00:00\",\"dateModified\":\"2026-05-11T17:56:46+00:00\",\"description\":\"Hageman Coen t\u00f6bbnyelv\u0171 ingatlank\u00f6zvet\u00edt\u0151 Somogy megy\u00e9ben. Magyar, holland, n\u00e9met \u00e9s angol nyelven seg\u00edti a hazai \u00e9s k\u00fclf\u00f6ldi \u00fcgyfeleket.\",\"breadcrumb\":{\"@id\":\"https:\\\/\\\/hagemanestate.com\\\/rolam\\\/#breadcrumb\"},\"inLanguage\":\"en-GB\",\"potentialAction\":[{\"@type\":\"ReadAction\",\"target\":[\"https:\\\/\\\/hagemanestate.com\\\/rolam\\\/\"]}]},{\"@type\":\"ImageObject\",\"inLanguage\":\"en-GB\",\"@id\":\"https:\\\/\\\/hagemanestate.com\\\/rolam\\\/#primaryimage\",\"url\":\"https:\\\/\\\/hagemanestate.com\\\/wp-content\\\/uploads\\\/2026\\\/04\\\/Kepernyofoto-2026-04-24-14.01.01.png\",\"contentUrl\":\"https:\\\/\\\/hagemanestate.com\\\/wp-content\\\/uploads\\\/2026\\\/04\\\/Kepernyofoto-2026-04-24-14.01.01.png\"},{\"@type\":\"BreadcrumbList\",\"@id\":\"https:\\\/\\\/hagemanestate.com\\\/rolam\\\/#breadcrumb\",\"itemListElement\":[{\"@type\":\"ListItem\",\"position\":1,\"name\":\"Kezd\u0151lap\",\"item\":\"https:\\\/\\\/hagemanestate.com\\\/\"},{\"@type\":\"ListItem\",\"position\":2,\"name\":\"R\u00f3lam\"}]},{\"@type\":\"WebSite\",\"@id\":\"https:\\\/\\\/hagemanestate.com\\\/#website\",\"url\":\"https:\\\/\\\/hagemanestate.com\\\/\",\"name\":\"Hageman Estate ingatlank\u00f6zvet\u00edt\u00e9s\",\"description\":\"\",\"publisher\":{\"@id\":\"https:\\\/\\\/hagemanestate.com\\\/#organization\"},\"potentialAction\":[{\"@type\":\"SearchAction\",\"target\":{\"@type\":\"EntryPoint\",\"urlTemplate\":\"https:\\\/\\\/hagemanestate.com\\\/?s={search_term_string}\"},\"query-input\":{\"@type\":\"PropertyValueSpecification\",\"valueRequired\":true,\"valueName\":\"search_term_string\"}}],\"inLanguage\":\"en-GB\"},{\"@type\":\"Organization\",\"@id\":\"https:\\\/\\\/hagemanestate.com\\\/#organization\",\"name\":\"Hageman Estate ingatlank\u00f6zvet\u00edt\u00e9s\",\"url\":\"https:\\\/\\\/hagemanestate.com\\\/\",\"logo\":{\"@type\":\"ImageObject\",\"inLanguage\":\"en-GB\",\"@id\":\"https:\\\/\\\/hagemanestate.com\\\/#\\\/schema\\\/logo\\\/image\\\/\",\"url\":\"https:\\\/\\\/hagemanestate.com\\\/wp-content\\\/uploads\\\/2026\\\/05\\\/hegemanestate-logo-szines.png\",\"contentUrl\":\"https:\\\/\\\/hagemanestate.com\\\/wp-content\\\/uploads\\\/2026\\\/05\\\/hegemanestate-logo-szines.png\",\"width\":1500,\"height\":1178,\"caption\":\"Hageman Estate ingatlank\u00f6zvet\u00edt\u00e9s\"},\"image\":{\"@id\":\"https:\\\/\\\/hagemanestate.com\\\/#\\\/schema\\\/logo\\\/image\\\/\"},\"sameAs\":[\"https:\\\/\\\/www.facebook.com\\\/profile.php?id=61565078730431\"]}]}<\/script>\n<!-- \/ Yoast SEO plugin. -->","yoast_head_json":{"title":"Real estate agent in Somogy county in 4 languages - Hageman Estate","description":"Hageman Coen is a multilingual real estate agent in Somogy County. He assists domestic and international clients in Hungarian, Dutch, German and English.","robots":{"index":"index","follow":"follow","max-snippet":"max-snippet:-1","max-image-preview":"max-image-preview:large","max-video-preview":"max-video-preview:-1"},"canonical":"https:\/\/hagemanestate.com\/en\/about\/","og_locale":"en_GB","og_type":"article","og_title":"Ingatlank\u00f6zvet\u00edt\u0151 Somogy megy\u00e9ben 4 nyelven - Hageman Estate","og_description":"Hageman Coen t\u00f6bbnyelv\u0171 ingatlank\u00f6zvet\u00edt\u0151 Somogy megy\u00e9ben. Magyar, holland, n\u00e9met \u00e9s angol nyelven seg\u00edti a hazai \u00e9s k\u00fclf\u00f6ldi \u00fcgyfeleket.","og_url":"https:\/\/hagemanestate.com\/en\/about\/","og_site_name":"Hageman Estate","article_publisher":"https:\/\/www.facebook.com\/profile.php?id=61565078730431","article_modified_time":"2026-05-11T17:56:46+00:00","og_image":[{"url":"https:\/\/hagemanestate.com\/wp-content\/uploads\/2026\/04\/Kepernyofoto-2026-04-24-14.01.01.png","type":"","width":"","height":""}],"twitter_card":"summary_large_image","twitter_misc":{"Estimated reading time":"2 minutes"},"schema":{"@context":"https:\/\/schema.org","@graph":[{"@type":"WebPage","@id":"https:\/\/hagemanestate.com\/rolam\/","url":"https:\/\/hagemanestate.com\/rolam\/","name":"Real estate agent in Somogy county in 4 languages - Hageman Estate","isPartOf":{"@id":"https:\/\/hagemanestate.com\/#website"},"primaryImageOfPage":{"@id":"https:\/\/hagemanestate.com\/rolam\/#primaryimage"},"image":{"@id":"https:\/\/hagemanestate.com\/rolam\/#primaryimage"},"thumbnailUrl":"https:\/\/hagemanestate.com\/wp-content\/uploads\/2026\/04\/Kepernyofoto-2026-04-24-14.01.01.png","datePublished":"2026-04-24T15:04:09+00:00","dateModified":"2026-05-11T17:56:46+00:00","description":"Hageman Coen is a multilingual real estate agent in Somogy County. He assists domestic and international clients in Hungarian, Dutch, German and English.","breadcrumb":{"@id":"https:\/\/hagemanestate.com\/rolam\/#breadcrumb"},"inLanguage":"en-GB","potentialAction":[{"@type":"ReadAction","target":["https:\/\/hagemanestate.com\/rolam\/"]}]},{"@type":"ImageObject","inLanguage":"en-GB","@id":"https:\/\/hagemanestate.com\/rolam\/#primaryimage","url":"https:\/\/hagemanestate.com\/wp-content\/uploads\/2026\/04\/Kepernyofoto-2026-04-24-14.01.01.png","contentUrl":"https:\/\/hagemanestate.com\/wp-content\/uploads\/2026\/04\/Kepernyofoto-2026-04-24-14.01.01.png"},{"@type":"BreadcrumbList","@id":"https:\/\/hagemanestate.com\/rolam\/#breadcrumb","itemListElement":[{"@type":"ListItem","position":1,"name":"Kezd\u0151lap","item":"https:\/\/hagemanestate.com\/"},{"@type":"ListItem","position":2,"name":"R\u00f3lam"}]},{"@type":"WebSite","@id":"https:\/\/hagemanestate.com\/#website","url":"https:\/\/hagemanestate.com\/","name":"Hageman Estate real estate agency","description":"","publisher":{"@id":"https:\/\/hagemanestate.com\/#organization"},"potentialAction":[{"@type":"SearchAction","target":{"@type":"EntryPoint","urlTemplate":"https:\/\/hagemanestate.com\/?s={search_term_string}"},"query-input":{"@type":"PropertyValueSpecification","valueRequired":true,"valueName":"search_term_string"}}],"inLanguage":"en-GB"},{"@type":"Organization","@id":"https:\/\/hagemanestate.com\/#organization","name":"Hageman Estate real estate agency","url":"https:\/\/hagemanestate.com\/","logo":{"@type":"ImageObject","inLanguage":"en-GB","@id":"https:\/\/hagemanestate.com\/#\/schema\/logo\/image\/","url":"https:\/\/hagemanestate.com\/wp-content\/uploads\/2026\/05\/hegemanestate-logo-szines.png","contentUrl":"https:\/\/hagemanestate.com\/wp-content\/uploads\/2026\/05\/hegemanestate-logo-szines.png","width":1500,"height":1178,"caption":"Hageman Estate ingatlank\u00f6zvet\u00edt\u00e9s"},"image":{"@id":"https:\/\/hagemanestate.com\/#\/schema\/logo\/image\/"},"sameAs":["https:\/\/www.facebook.com\/profile.php?id=61565078730431"]}]}},"_links":{"self":[{"href":"https:\/\/hagemanestate.com\/en\/wp-json\/wp\/v2\/pages\/18516","targetHints":{"allow":["GET"]}}],"collection":[{"href":"https:\/\/hagemanestate.com\/en\/wp-json\/wp\/v2\/pages"}],"about":[{"href":"https:\/\/hagemanestate.com\/en\/wp-json\/wp\/v2\/types\/page"}],"author":[{"embeddable":true,"href":"https:\/\/hagemanestate.com\/en\/wp-json\/wp\/v2\/users\/1"}],"replies":[{"embeddable":true,"href":"https:\/\/hagemanestate.com\/en\/wp-json\/wp\/v2\/comments?post=18516"}],"version-history":[{"count":17,"href":"https:\/\/hagemanestate.com\/en\/wp-json\/wp\/v2\/pages\/18516\/revisions"}],"predecessor-version":[{"id":20314,"href":"https:\/\/hagemanestate.com\/en\/wp-json\/wp\/v2\/pages\/18516\/revisions\/20314"}],"wp:attachment":[{"href":"https:\/\/hagemanestate.com\/en\/wp-json\/wp\/v2\/media?parent=18516"}],"curies":[{"name":"wp","href":"https:\/\/api.w.org\/{rel}","templated":true}]}}