{"id":2677,"date":"2025-07-20T13:58:02","date_gmt":"2025-07-20T13:58:02","guid":{"rendered":"https:\/\/hagemanestate.com\/?page_id=2677"},"modified":"2025-08-19T22:49:20","modified_gmt":"2025-08-19T22:49:20","slug":"kulfoldi-vasarloimnak","status":"publish","type":"page","link":"https:\/\/hagemanestate.com\/de\/kulfoldi-vasarloimnak\/","title":{"rendered":"F\u00fcr meine ausl\u00e4ndischen Kunden"},"content":{"rendered":"<div data-elementor-type=\"wp-page\" data-elementor-id=\"2677\" class=\"elementor elementor-2677\" data-elementor-post-type=\"page\">\n\t\t\t\t<div class=\"elementor-element elementor-element-fa7da5b e-flex e-con-boxed e-con e-parent\" data-id=\"fa7da5b\" data-element_type=\"container\" data-e-type=\"container\" data-settings=\"{&quot;_ob_use_container_extras&quot;:&quot;no&quot;,&quot;_ob_column_hoveranimator&quot;:&quot;no&quot;,&quot;_ob_glider_is_slider&quot;:&quot;no&quot;,&quot;_ob_column_has_pseudo&quot;:&quot;no&quot;}\">\n\t\t\t\t\t<div class=\"e-con-inner\">\n\t\t<div class=\"elementor-element elementor-element-af34bf9 e-con-full e-flex e-con e-child\" data-id=\"af34bf9\" data-element_type=\"container\" data-e-type=\"container\" data-settings=\"{&quot;_ob_use_container_extras&quot;:&quot;no&quot;,&quot;_ob_column_hoveranimator&quot;:&quot;no&quot;,&quot;_ob_glider_is_slider&quot;:&quot;no&quot;,&quot;_ob_column_has_pseudo&quot;:&quot;no&quot;}\">\n\t\t\t\t<div class=\"elementor-element elementor-element-d3bba5b ob-has-background-overlay elementor-widget elementor-widget-image\" data-id=\"d3bba5b\" data-element_type=\"widget\" data-e-type=\"widget\" data-settings=\"{&quot;_ob_photomorph_use&quot;:&quot;no&quot;,&quot;_ob_perspektive_use&quot;:&quot;no&quot;,&quot;_ob_poopart_use&quot;:&quot;yes&quot;,&quot;_ob_shadough_use&quot;:&quot;no&quot;,&quot;_ob_allow_hoveranimator&quot;:&quot;no&quot;,&quot;_ob_widget_stalker_use&quot;:&quot;no&quot;}\" data-widget_type=\"image.default\">\n\t\t\t\t<div class=\"elementor-widget-container\">\n\t\t\t\t\t\t\t\t\t\t\t\t\t\t\t<img fetchpriority=\"high\" decoding=\"async\" width=\"739\" height=\"1024\" src=\"https:\/\/hagemanestate.com\/wp-content\/uploads\/2025\/07\/Coen-HagemanAlairttProfilkep-1-739x1024.png\" class=\"attachment-large size-large wp-image-1950\" alt=\"Coen Hageman, Gr\u00fcnder von Hageman Estate und mehrsprachiger Immobilienmakler\" srcset=\"https:\/\/hagemanestate.com\/wp-content\/uploads\/2025\/07\/Coen-HagemanAlairttProfilkep-1-739x1024.png 739w, https:\/\/hagemanestate.com\/wp-content\/uploads\/2025\/07\/Coen-HagemanAlairttProfilkep-1-216x300.png 216w, https:\/\/hagemanestate.com\/wp-content\/uploads\/2025\/07\/Coen-HagemanAlairttProfilkep-1-768x1065.png 768w, https:\/\/hagemanestate.com\/wp-content\/uploads\/2025\/07\/Coen-HagemanAlairttProfilkep-1-1108x1536.png 1108w, https:\/\/hagemanestate.com\/wp-content\/uploads\/2025\/07\/Coen-HagemanAlairttProfilkep-1.png 1242w\" sizes=\"(max-width: 739px) 100vw, 739px\" \/>\t\t\t\t\t\t\t\t\t\t\t\t\t\t\t<\/div>\n\t\t\t\t<\/div>\n\t\t\t\t<\/div>\n\t\t<div class=\"elementor-element elementor-element-741527d e-con-full e-flex e-con e-child\" data-id=\"741527d\" data-element_type=\"container\" data-e-type=\"container\" data-settings=\"{&quot;_ob_use_container_extras&quot;:&quot;no&quot;,&quot;_ob_column_hoveranimator&quot;:&quot;no&quot;,&quot;_ob_glider_is_slider&quot;:&quot;no&quot;,&quot;_ob_column_has_pseudo&quot;:&quot;no&quot;}\">\n\t\t\t\t<div class=\"elementor-element elementor-element-fa7e275 ob-harakiri-inherit ob-has-background-overlay elementor-widget elementor-widget-text-editor\" data-id=\"fa7e275\" data-element_type=\"widget\" data-e-type=\"widget\" data-settings=\"{&quot;_ob_use_harakiri&quot;:&quot;yes&quot;,&quot;_ob_harakiri_writing_mode&quot;:&quot;inherit&quot;,&quot;_ob_postman_use&quot;:&quot;no&quot;,&quot;_ob_perspektive_use&quot;:&quot;no&quot;,&quot;_ob_poopart_use&quot;:&quot;yes&quot;,&quot;_ob_shadough_use&quot;:&quot;no&quot;,&quot;_ob_allow_hoveranimator&quot;:&quot;no&quot;,&quot;_ob_widget_stalker_use&quot;:&quot;no&quot;}\" data-widget_type=\"text-editor.default\">\n\t\t\t\t<div class=\"elementor-widget-container\">\n\t\t\t\t\t\t\t\t\t<p>F\u00fcr ausl\u00e4ndische Kunden \u2013 provisionsfrei, nur mit flexiblen Dienstleistungen<\/p><p>Ich wei\u00df, dass der Immobilienkauf und die damit verbundenen Formalit\u00e4ten in Ungarn f\u00fcr ausl\u00e4ndische K\u00e4ufer oft kompliziert, zeitaufw\u00e4ndig und stressig sein k\u00f6nnen. Deshalb m\u00fcssen K\u00e4ufer bei mir keine Provision zahlen \u2013 so entstehen \u00fcber den Immobilienpreis hinaus keine versteckten Kosten oder unangenehmen \u00dcberraschungen.<\/p><p>Was ich stattdessen anbiete, ist ein optionales, anpassbares Dienstleistungspaket, das den Prozess erleichtert:<\/p><ul><li>Umfassende Unterst\u00fctzung beim Immobilienkauf<\/li><li>Kfz-Homologation<\/li><li>Beantragung von Adress- und Sozialversicherungskarte<\/li><li>Utility transfers and other administrative tasks<\/li><li>Hilfe bei \u00dcbersetzungen und Dolmetscherdiensten<\/li><li>Lokales Kontaktnetzwerk und pers\u00f6nliche administrative Unterst\u00fctzung<\/li><\/ul><p>Dieses Paket ist optional. Sie w\u00e4hlen es nur, wenn Sie m\u00f6chten, dass alles reibungslos, schnell und transparent abl\u00e4uft, ohne sprachliche oder administrative Hindernisse.<\/p><p>Warum Sie mich w\u00e4hlen sollten?<\/p><ul><li>Keine versteckten Provisionen oder zus\u00e4tzlichen Geb\u00fchren als K\u00e4ufer<\/li><li>Mehr als 10 Jahre Ortskenntnis und Erfahrung in den Komitaten Somogy und Transdanubien<\/li><li>Ich kommuniziere in mehreren Sprachen, sodass die Zusammenarbeit f\u00fcr alle klar und reibungslos ist.<\/li><li>Personalisierte, flexible L\u00f6sungen, zugeschnitten auf die Bed\u00fcrfnisse ausl\u00e4ndischer Kunden<\/li><\/ul><p>\ud83d\udcde Haben Sie eine Frage? Kontaktieren Sie mich!<\/p>\t\t\t\t\t\t\t\t<\/div>\n\t\t\t\t<\/div>\n\t\t\t\t<\/div>\n\t\t\t\t\t<\/div>\n\t\t\t\t<\/div>\n\t\t\t\t<\/div>","protected":false},"excerpt":{"rendered":"<p>K\u00fclf\u00f6ldi \u00fcgyfeleknek \u2013 jutal\u00e9k n\u00e9lk\u00fcl, csak rugalmas szolg\u00e1ltat\u00e1sokkal Tudom, hogy a k\u00fclf\u00f6ldi v\u00e1s\u00e1rl\u00f3k sz\u00e1m\u00e1ra Magyarorsz\u00e1gon az ingatlanv\u00e1s\u00e1rl\u00e1s \u00e9s az \u00fcgyint\u00e9z\u00e9s sokszor bonyolult, id\u0151ig\u00e9nyes \u00e9s stresszes lehet. \u00c9ppen ez\u00e9rt n\u00e1lam a vev\u0151knek semmilyen jutal\u00e9kot nem kell fizetni\u00fck \u2013 \u00edgy az ingatlan \u00e1r\u00e1n t\u00fal nincs rejtett k\u00f6lts\u00e9g vagy kellemetlen meglepet\u00e9s. Amit k\u00edn\u00e1lok helyette: egy opcion\u00e1lis, testreszabhat\u00f3 szolg\u00e1ltat\u00e1scsomagot, &#8230; <a title=\"F\u00fcr meine ausl\u00e4ndischen Kunden\" class=\"read-more\" href=\"https:\/\/hagemanestate.com\/de\/kulfoldi-vasarloimnak\/\" aria-label=\"Mehr Informationen \u00fcber K\u00fclf\u00f6ldi v\u00e1s\u00e1rl\u00f3imnak\">Mehr lesen<\/a><\/p>","protected":false},"author":1,"featured_media":0,"parent":0,"menu_order":0,"comment_status":"closed","ping_status":"closed","template":"elementor_header_footer","meta":{"footnotes":""},"class_list":["post-2677","page","type-page","status-publish"],"yoast_head":"<!-- This site is optimized with the Yoast SEO Premium plugin v27.3 (Yoast SEO v27.3) - https:\/\/yoast.com\/product\/yoast-seo-premium-wordpress\/ -->\n<title>Ingatlanv\u00e1s\u00e1rl\u00e1s k\u00fclf\u00f6ldieknek jutal\u00e9k n\u00e9lk\u00fcl | Hageman Estate<\/title>\n<meta name=\"description\" content=\"K\u00fclf\u00f6ldi \u00fcgyfeleknek seg\u00edt\u00fcnk jutal\u00e9k n\u00e9lk\u00fcl, \u00e1tl\u00e1that\u00f3 felt\u00e9telekkel megtal\u00e1lni \u00e1lmaik ingatlan\u00e1t Somogy megy\u00e9ben. Rugalmas \u00e9s szem\u00e9lyre szabott szolg\u00e1ltat\u00e1sok, a teljes \u00fcgyint\u00e9z\u00e9shez.\" \/>\n<meta name=\"robots\" content=\"index, follow, max-snippet:-1, max-image-preview:large, max-video-preview:-1\" \/>\n<link rel=\"canonical\" href=\"https:\/\/hagemanestate.com\/de\/kulfoldi-vasarloimnak\/\" \/>\n<meta property=\"og:locale\" content=\"de_DE\" \/>\n<meta property=\"og:type\" content=\"article\" \/>\n<meta property=\"og:title\" content=\"K\u00fclf\u00f6ldi v\u00e1s\u00e1rl\u00f3imnak\" \/>\n<meta property=\"og:description\" content=\"K\u00fclf\u00f6ldi \u00fcgyfeleknek seg\u00edt\u00fcnk jutal\u00e9k n\u00e9lk\u00fcl, \u00e1tl\u00e1that\u00f3 felt\u00e9telekkel megtal\u00e1lni \u00e1lmaik ingatlan\u00e1t Somogy megy\u00e9ben. Rugalmas \u00e9s szem\u00e9lyre szabott szolg\u00e1ltat\u00e1sok, a teljes \u00fcgyint\u00e9z\u00e9shez.\" \/>\n<meta property=\"og:url\" content=\"https:\/\/hagemanestate.com\/de\/kulfoldi-vasarloimnak\/\" \/>\n<meta property=\"og:site_name\" content=\"hagemanestate.com\" \/>\n<meta property=\"article:publisher\" content=\"https:\/\/www.facebook.com\/coen.hageman\" \/>\n<meta property=\"article:modified_time\" content=\"2025-08-19T22:49:20+00:00\" \/>\n<meta property=\"og:image\" content=\"https:\/\/hagemanestate.com\/wp-content\/uploads\/2025\/07\/Coen-HagemanAlairttProfilkep-1-739x1024.png\" \/>\n<meta name=\"twitter:card\" content=\"summary_large_image\" \/>\n<meta name=\"twitter:label1\" content=\"Gesch\u00e4tzte Lesezeit\" \/>\n\t<meta name=\"twitter:data1\" content=\"2\u00a0Minuten\" \/>\n<script type=\"application\/ld+json\" class=\"yoast-schema-graph\">{\"@context\":\"https:\\\/\\\/schema.org\",\"@graph\":[{\"@type\":\"WebPage\",\"@id\":\"https:\\\/\\\/hagemanestate.com\\\/kulfoldi-vasarloimnak\\\/\",\"url\":\"https:\\\/\\\/hagemanestate.com\\\/kulfoldi-vasarloimnak\\\/\",\"name\":\"Ingatlanv\u00e1s\u00e1rl\u00e1s k\u00fclf\u00f6ldieknek jutal\u00e9k n\u00e9lk\u00fcl | Hageman Estate\",\"isPartOf\":{\"@id\":\"https:\\\/\\\/hagemanestate.com\\\/#website\"},\"primaryImageOfPage\":{\"@id\":\"https:\\\/\\\/hagemanestate.com\\\/kulfoldi-vasarloimnak\\\/#primaryimage\"},\"image\":{\"@id\":\"https:\\\/\\\/hagemanestate.com\\\/kulfoldi-vasarloimnak\\\/#primaryimage\"},\"thumbnailUrl\":\"https:\\\/\\\/hagemanestate.com\\\/wp-content\\\/uploads\\\/2025\\\/07\\\/Coen-HagemanAlairttProfilkep-1-739x1024.png\",\"datePublished\":\"2025-07-20T13:58:02+00:00\",\"dateModified\":\"2025-08-19T22:49:20+00:00\",\"description\":\"K\u00fclf\u00f6ldi \u00fcgyfeleknek seg\u00edt\u00fcnk jutal\u00e9k n\u00e9lk\u00fcl, \u00e1tl\u00e1that\u00f3 felt\u00e9telekkel megtal\u00e1lni \u00e1lmaik ingatlan\u00e1t Somogy megy\u00e9ben. Rugalmas \u00e9s szem\u00e9lyre szabott szolg\u00e1ltat\u00e1sok, a teljes \u00fcgyint\u00e9z\u00e9shez.\",\"breadcrumb\":{\"@id\":\"https:\\\/\\\/hagemanestate.com\\\/kulfoldi-vasarloimnak\\\/#breadcrumb\"},\"inLanguage\":\"de\",\"potentialAction\":[{\"@type\":\"ReadAction\",\"target\":[\"https:\\\/\\\/hagemanestate.com\\\/kulfoldi-vasarloimnak\\\/\"]}]},{\"@type\":\"ImageObject\",\"inLanguage\":\"de\",\"@id\":\"https:\\\/\\\/hagemanestate.com\\\/kulfoldi-vasarloimnak\\\/#primaryimage\",\"url\":\"https:\\\/\\\/hagemanestate.com\\\/wp-content\\\/uploads\\\/2025\\\/07\\\/Coen-HagemanAlairttProfilkep-1-739x1024.png\",\"contentUrl\":\"https:\\\/\\\/hagemanestate.com\\\/wp-content\\\/uploads\\\/2025\\\/07\\\/Coen-HagemanAlairttProfilkep-1-739x1024.png\"},{\"@type\":\"BreadcrumbList\",\"@id\":\"https:\\\/\\\/hagemanestate.com\\\/kulfoldi-vasarloimnak\\\/#breadcrumb\",\"itemListElement\":[{\"@type\":\"ListItem\",\"position\":1,\"name\":\"Kezd\u0151lap\",\"item\":\"https:\\\/\\\/hagemanestate.com\\\/\"},{\"@type\":\"ListItem\",\"position\":2,\"name\":\"K\u00fclf\u00f6ldi v\u00e1s\u00e1rl\u00f3imnak\"}]},{\"@type\":\"WebSite\",\"@id\":\"https:\\\/\\\/hagemanestate.com\\\/#website\",\"url\":\"https:\\\/\\\/hagemanestate.com\\\/\",\"name\":\"hagemanestate.com\",\"description\":\"\ud83c\udded\ud83c\uddfa Magyar: Ingatlank\u00f6zvet\u00edt\u0151 Somogyban \u2013 Elad\u00f3 \u00e9s kiad\u00f3 h\u00e1zak, lak\u00e1sok | Hageman Estate   \ud83c\uddec\ud83c\udde7 English: Real Estate Hungary \u2013 Buy or rent property in Somogy | Hageman Estate   \ud83c\udde9\ud83c\uddea Immobilien Ungarn \u2013 Kaufen oder mieten in der Region Somogy | Hageman Estate   \ud83c\uddf3\ud83c\uddf1 Nederlands: Makelaar Hongarije \u2013 Koop of huur vastgoed in Somogy | Hageman Estate\",\"publisher\":{\"@id\":\"https:\\\/\\\/hagemanestate.com\\\/#organization\"},\"potentialAction\":[{\"@type\":\"SearchAction\",\"target\":{\"@type\":\"EntryPoint\",\"urlTemplate\":\"https:\\\/\\\/hagemanestate.com\\\/?s={search_term_string}\"},\"query-input\":{\"@type\":\"PropertyValueSpecification\",\"valueRequired\":true,\"valueName\":\"search_term_string\"}}],\"inLanguage\":\"de\"},{\"@type\":\"Organization\",\"@id\":\"https:\\\/\\\/hagemanestate.com\\\/#organization\",\"name\":\"hagemanestate.com\",\"url\":\"https:\\\/\\\/hagemanestate.com\\\/\",\"logo\":{\"@type\":\"ImageObject\",\"inLanguage\":\"de\",\"@id\":\"https:\\\/\\\/hagemanestate.com\\\/#\\\/schema\\\/logo\\\/image\\\/\",\"url\":\"https:\\\/\\\/hagemanestate.com\\\/wp-content\\\/uploads\\\/2025\\\/05\\\/2025.-01.-30.-17_18_09-1024x575.png\",\"contentUrl\":\"https:\\\/\\\/hagemanestate.com\\\/wp-content\\\/uploads\\\/2025\\\/05\\\/2025.-01.-30.-17_18_09-1024x575.png\",\"width\":1024,\"height\":575,\"caption\":\"hagemanestate.com\"},\"image\":{\"@id\":\"https:\\\/\\\/hagemanestate.com\\\/#\\\/schema\\\/logo\\\/image\\\/\"},\"sameAs\":[\"https:\\\/\\\/www.facebook.com\\\/coen.hageman\",\"https:\\\/\\\/www.instagram.com\\\/coenhagemanestate\\\/\",\"https:\\\/\\\/www.tiktok.com\\\/@coenhagemaningatlan\"],\"description\":\"Hageman Estate is een gecertificeerd makelaarskantoor in de provincie Somogy, Hongarije. Wij zijn gespecialiseerd in de aan- en verkoop van landelijk vastgoed en begeleiden buitenlandse kopers \u2013 voornamelijk uit Nederland en West-Europa \u2013 persoonlijk van de eerste bezichtiging tot de sleuteloverdracht.\",\"email\":\"coenhageman@gmail.com\",\"telephone\":\"+36 30 391 9975\",\"legalName\":\"Hageman Estate\",\"foundingDate\":\"2025-07-04\",\"numberOfEmployees\":{\"@type\":\"QuantitativeValue\",\"minValue\":\"1\",\"maxValue\":\"10\"}}]}<\/script>\n<!-- \/ Yoast SEO Premium plugin. -->","yoast_head_json":{"title":"Kauf von Immobilien f\u00fcr Ausl\u00e4nder ohne Provision | Hageman Estate","description":"Wir helfen ausl\u00e4ndischen Kunden, ihre Traumimmobilie im Komitat Somogy ohne Provision und zu transparenten Bedingungen zu finden. Flexible und personalisierte Dienstleistungen f\u00fcr die gesamte Transaktion.","robots":{"index":"index","follow":"follow","max-snippet":"max-snippet:-1","max-image-preview":"max-image-preview:large","max-video-preview":"max-video-preview:-1"},"canonical":"https:\/\/hagemanestate.com\/de\/kulfoldi-vasarloimnak\/","og_locale":"de_DE","og_type":"article","og_title":"K\u00fclf\u00f6ldi v\u00e1s\u00e1rl\u00f3imnak","og_description":"K\u00fclf\u00f6ldi \u00fcgyfeleknek seg\u00edt\u00fcnk jutal\u00e9k n\u00e9lk\u00fcl, \u00e1tl\u00e1that\u00f3 felt\u00e9telekkel megtal\u00e1lni \u00e1lmaik ingatlan\u00e1t Somogy megy\u00e9ben. Rugalmas \u00e9s szem\u00e9lyre szabott szolg\u00e1ltat\u00e1sok, a teljes \u00fcgyint\u00e9z\u00e9shez.","og_url":"https:\/\/hagemanestate.com\/de\/kulfoldi-vasarloimnak\/","og_site_name":"hagemanestate.com","article_publisher":"https:\/\/www.facebook.com\/coen.hageman","article_modified_time":"2025-08-19T22:49:20+00:00","og_image":[{"url":"https:\/\/hagemanestate.com\/wp-content\/uploads\/2025\/07\/Coen-HagemanAlairttProfilkep-1-739x1024.png","type":"","width":"","height":""}],"twitter_card":"summary_large_image","twitter_misc":{"Gesch\u00e4tzte Lesezeit":"2\u00a0Minuten"},"schema":{"@context":"https:\/\/schema.org","@graph":[{"@type":"WebPage","@id":"https:\/\/hagemanestate.com\/kulfoldi-vasarloimnak\/","url":"https:\/\/hagemanestate.com\/kulfoldi-vasarloimnak\/","name":"Kauf von Immobilien f\u00fcr Ausl\u00e4nder ohne Provision | Hageman Estate","isPartOf":{"@id":"https:\/\/hagemanestate.com\/#website"},"primaryImageOfPage":{"@id":"https:\/\/hagemanestate.com\/kulfoldi-vasarloimnak\/#primaryimage"},"image":{"@id":"https:\/\/hagemanestate.com\/kulfoldi-vasarloimnak\/#primaryimage"},"thumbnailUrl":"https:\/\/hagemanestate.com\/wp-content\/uploads\/2025\/07\/Coen-HagemanAlairttProfilkep-1-739x1024.png","datePublished":"2025-07-20T13:58:02+00:00","dateModified":"2025-08-19T22:49:20+00:00","description":"Wir helfen ausl\u00e4ndischen Kunden, ihre Traumimmobilie im Komitat Somogy ohne Provision und zu transparenten Bedingungen zu finden. Flexible und personalisierte Dienstleistungen f\u00fcr die gesamte Transaktion.","breadcrumb":{"@id":"https:\/\/hagemanestate.com\/kulfoldi-vasarloimnak\/#breadcrumb"},"inLanguage":"de","potentialAction":[{"@type":"ReadAction","target":["https:\/\/hagemanestate.com\/kulfoldi-vasarloimnak\/"]}]},{"@type":"ImageObject","inLanguage":"de","@id":"https:\/\/hagemanestate.com\/kulfoldi-vasarloimnak\/#primaryimage","url":"https:\/\/hagemanestate.com\/wp-content\/uploads\/2025\/07\/Coen-HagemanAlairttProfilkep-1-739x1024.png","contentUrl":"https:\/\/hagemanestate.com\/wp-content\/uploads\/2025\/07\/Coen-HagemanAlairttProfilkep-1-739x1024.png"},{"@type":"BreadcrumbList","@id":"https:\/\/hagemanestate.com\/kulfoldi-vasarloimnak\/#breadcrumb","itemListElement":[{"@type":"ListItem","position":1,"name":"Kezd\u0151lap","item":"https:\/\/hagemanestate.com\/"},{"@type":"ListItem","position":2,"name":"K\u00fclf\u00f6ldi v\u00e1s\u00e1rl\u00f3imnak"}]},{"@type":"WebSite","@id":"https:\/\/hagemanestate.com\/#website","url":"https:\/\/hagemanestate.com\/","name":"hagemanestate.com","description":"\ud83c\udded\ud83c\uddfa Englisch: Real Estate Hungary - Kaufen oder mieten Sie eine Immobilie in Somogy | Hageman Estate \ud83c\uddec\ud83c\udde7 Englisch: Real Estate Hungary - Kaufen oder mieten Sie eine Immobilie in Somogy | Hageman Estate \ud83c\udde9\ud83c\uddea Ungarn, Immobilien - Kaufen oder mieten in Somogy | Hageman Estate \ud83c\uddf3\ud83c\uddf1 Nederlands: Makelaar Hongarije - Koop of huur vastgoed in Somogy | Hageman Estate","publisher":{"@id":"https:\/\/hagemanestate.com\/#organization"},"potentialAction":[{"@type":"SearchAction","target":{"@type":"EntryPoint","urlTemplate":"https:\/\/hagemanestate.com\/?s={search_term_string}"},"query-input":{"@type":"PropertyValueSpecification","valueRequired":true,"valueName":"search_term_string"}}],"inLanguage":"de"},{"@type":"Organization","@id":"https:\/\/hagemanestate.com\/#organization","name":"hagemanestate.com","url":"https:\/\/hagemanestate.com\/","logo":{"@type":"ImageObject","inLanguage":"de","@id":"https:\/\/hagemanestate.com\/#\/schema\/logo\/image\/","url":"https:\/\/hagemanestate.com\/wp-content\/uploads\/2025\/05\/2025.-01.-30.-17_18_09-1024x575.png","contentUrl":"https:\/\/hagemanestate.com\/wp-content\/uploads\/2025\/05\/2025.-01.-30.-17_18_09-1024x575.png","width":1024,"height":575,"caption":"hagemanestate.com"},"image":{"@id":"https:\/\/hagemanestate.com\/#\/schema\/logo\/image\/"},"sameAs":["https:\/\/www.facebook.com\/coen.hageman","https:\/\/www.instagram.com\/coenhagemanestate\/","https:\/\/www.tiktok.com\/@coenhagemaningatlan"],"description":"Hageman Estate ist eine gepr\u00fcfte Maklerfirma in der Provinz Somogy, Hongkarije. Wir sind spezialisiert auf die Vermittlung und den Verkauf von Landg\u00fctern und betreuen Kunden aus den Niederlanden und Westeuropa - von der ersten Besichtigung bis zur Nachforschung.","email":"coenhageman@gmail.com","telephone":"+36 30 391 9975","legalName":"Hageman Estate","foundingDate":"2025-07-04","numberOfEmployees":{"@type":"QuantitativeValue","minValue":"1","maxValue":"10"}}]}},"_links":{"self":[{"href":"https:\/\/hagemanestate.com\/de\/wp-json\/wp\/v2\/pages\/2677","targetHints":{"allow":["GET"]}}],"collection":[{"href":"https:\/\/hagemanestate.com\/de\/wp-json\/wp\/v2\/pages"}],"about":[{"href":"https:\/\/hagemanestate.com\/de\/wp-json\/wp\/v2\/types\/page"}],"author":[{"embeddable":true,"href":"https:\/\/hagemanestate.com\/de\/wp-json\/wp\/v2\/users\/1"}],"replies":[{"embeddable":true,"href":"https:\/\/hagemanestate.com\/de\/wp-json\/wp\/v2\/comments?post=2677"}],"version-history":[{"count":0,"href":"https:\/\/hagemanestate.com\/de\/wp-json\/wp\/v2\/pages\/2677\/revisions"}],"wp:attachment":[{"href":"https:\/\/hagemanestate.com\/de\/wp-json\/wp\/v2\/media?parent=2677"}],"curies":[{"name":"wp","href":"https:\/\/api.w.org\/{rel}","templated":true}]}}