{"id":2628,"date":"2025-07-18T21:57:53","date_gmt":"2025-07-18T21:57:53","guid":{"rendered":"https:\/\/hagemanestate.com\/?page_id=2628"},"modified":"2025-08-19T22:36:32","modified_gmt":"2025-08-19T22:36:32","slug":"ubersetzt-von","status":"publish","type":"page","link":"https:\/\/hagemanestate.com\/de\/forditas\/","title":{"rendered":"\u00dcbersetzung"},"content":{"rendered":"<div data-elementor-type=\"wp-page\" data-elementor-id=\"2628\" class=\"elementor elementor-2628\" data-elementor-post-type=\"page\">\n\t\t\t\t<div class=\"elementor-element elementor-element-8d6f45d e-flex e-con-boxed e-con e-parent\" data-id=\"8d6f45d\" data-element_type=\"container\" data-e-type=\"container\" data-settings=\"{&quot;_ob_use_container_extras&quot;:&quot;no&quot;,&quot;_ob_column_hoveranimator&quot;:&quot;no&quot;,&quot;_ob_glider_is_slider&quot;:&quot;no&quot;,&quot;_ob_column_has_pseudo&quot;:&quot;no&quot;}\">\n\t\t\t\t\t<div class=\"e-con-inner\">\n\t\t<div class=\"elementor-element elementor-element-6318750 e-con-full e-flex e-con e-child\" data-id=\"6318750\" data-element_type=\"container\" data-e-type=\"container\" data-settings=\"{&quot;_ob_use_container_extras&quot;:&quot;no&quot;,&quot;_ob_column_hoveranimator&quot;:&quot;no&quot;,&quot;_ob_glider_is_slider&quot;:&quot;no&quot;,&quot;_ob_column_has_pseudo&quot;:&quot;no&quot;}\">\n\t\t\t\t<div class=\"elementor-element elementor-element-9b5c64e ob-has-background-overlay elementor-widget elementor-widget-image\" data-id=\"9b5c64e\" data-element_type=\"widget\" data-e-type=\"widget\" data-settings=\"{&quot;_ob_photomorph_use&quot;:&quot;no&quot;,&quot;_ob_perspektive_use&quot;:&quot;no&quot;,&quot;_ob_poopart_use&quot;:&quot;yes&quot;,&quot;_ob_shadough_use&quot;:&quot;no&quot;,&quot;_ob_allow_hoveranimator&quot;:&quot;no&quot;,&quot;_ob_widget_stalker_use&quot;:&quot;no&quot;}\" data-widget_type=\"image.default\">\n\t\t\t\t<div class=\"elementor-widget-container\">\n\t\t\t\t\t\t\t\t\t\t\t\t\t\t\t<img fetchpriority=\"high\" decoding=\"async\" width=\"739\" height=\"1024\" src=\"https:\/\/hagemanestate.com\/wp-content\/uploads\/2025\/07\/Coen-HagemanAlairttProfilkep-739x1024.png\" class=\"attachment-large size-large wp-image-1836\" alt=\"Coen Hageman, Gr\u00fcnder von Hageman Estate und mehrsprachiger Immobilienmakler\" srcset=\"https:\/\/hagemanestate.com\/wp-content\/uploads\/2025\/07\/Coen-HagemanAlairttProfilkep-739x1024.png 739w, https:\/\/hagemanestate.com\/wp-content\/uploads\/2025\/07\/Coen-HagemanAlairttProfilkep-216x300.png 216w, https:\/\/hagemanestate.com\/wp-content\/uploads\/2025\/07\/Coen-HagemanAlairttProfilkep-768x1065.png 768w, https:\/\/hagemanestate.com\/wp-content\/uploads\/2025\/07\/Coen-HagemanAlairttProfilkep-1108x1536.png 1108w, https:\/\/hagemanestate.com\/wp-content\/uploads\/2025\/07\/Coen-HagemanAlairttProfilkep.png 1242w\" sizes=\"(max-width: 739px) 100vw, 739px\" \/>\t\t\t\t\t\t\t\t\t\t\t\t\t\t\t<\/div>\n\t\t\t\t<\/div>\n\t\t\t\t<\/div>\n\t\t<div class=\"elementor-element elementor-element-bfede08 e-con-full e-flex e-con e-child\" data-id=\"bfede08\" data-element_type=\"container\" data-e-type=\"container\" data-settings=\"{&quot;_ob_use_container_extras&quot;:&quot;no&quot;,&quot;_ob_column_hoveranimator&quot;:&quot;no&quot;,&quot;_ob_glider_is_slider&quot;:&quot;no&quot;,&quot;_ob_column_has_pseudo&quot;:&quot;no&quot;}\">\n\t\t\t\t<div class=\"elementor-element elementor-element-5c3c80f ob-harakiri-inherit ob-has-background-overlay elementor-widget elementor-widget-text-editor\" data-id=\"5c3c80f\" data-element_type=\"widget\" data-e-type=\"widget\" data-settings=\"{&quot;_ob_use_harakiri&quot;:&quot;yes&quot;,&quot;_ob_harakiri_writing_mode&quot;:&quot;inherit&quot;,&quot;_ob_postman_use&quot;:&quot;no&quot;,&quot;_ob_perspektive_use&quot;:&quot;no&quot;,&quot;_ob_poopart_use&quot;:&quot;yes&quot;,&quot;_ob_shadough_use&quot;:&quot;no&quot;,&quot;_ob_allow_hoveranimator&quot;:&quot;no&quot;,&quot;_ob_widget_stalker_use&quot;:&quot;no&quot;}\" data-widget_type=\"text-editor.default\">\n\t\t\t\t<div class=\"elementor-widget-container\">\n\t\t\t\t\t\t\t\t\t<p>Praktische Sprachhilfe f\u00fcr Immobilien und Verwaltung in vier Sprachen<\/p><p>Sprachbarrieren sind in Ungarn keine Seltenheit, vor allem dann nicht, wenn sprachliche Unterst\u00fctzung in Immobilienangelegenheiten erforderlich ist. Ich kann Ihnen in diesem Bereich effektive, menschliche und praktische Hilfe anbieten. Ich bin weder ein offizieller Dolmetscher noch ein beglaubigter \u00dcbersetzer, aber Sie erhalten professionelle Unterst\u00fctzung bei der Verst\u00e4ndigung und Kommunikation mit mir.<\/p><p>Ich kommuniziere in vier Sprachen: Ungarisch, Niederl\u00e4ndisch, Deutsch und Englisch. Dadurch kann ich kulturelle und sprachliche Unterschiede leicht \u00fcberbr\u00fccken, insbesondere im Umgang mit ausl\u00e4ndischen Kunden und in B\u00fcrosituationen.<\/p><p>In welchen Bereichen k\u00f6nnen Sie auf meine Hilfe z\u00e4hlen?<\/p><ul><li><p>Immobilien\u00fcbersetzung: Ich biete fachkundige Unterst\u00fctzung bei der \u00dcbersetzung von Vertr\u00e4gen, Vollmachten, Versorgungsunterlagen, Adressausweisen und Fahrzeugscheinen.<\/p><\/li><li><p>Pers\u00f6nliche Begleitung und sprachliche Unterst\u00fctzung: Ich begleite Sie zu \u00c4mtern, Beh\u00f6rden, Notaren, Anw\u00e4lten, Versicherungen oder Banken. Ich helfe Ihnen bei der Interpretation der Situation und \u00fcbersetze das Gespr\u00e4ch vor Ort.<\/p><\/li><li><p>Schriftliche \u00dcbersetzungen: Ich erstelle klare und gut geschriebene Texte in Ungarisch, Niederl\u00e4ndisch, Deutsch oder Englisch f\u00fcr offizielle Angelegenheiten, E-Mails und Angebote.<\/p><\/li><\/ul><p>Wie viel kostet der Dienst?<\/p><p>Das Honorar betr\u00e4gt 10.000 HUF \/ Stunde, bei einem Mindestaufwand von zwei Stunden. F\u00fcr einfachere schriftliche Texte sind nach Absprache auch \u00dcbersetzungen zum Festpreis m\u00f6glich. Wenn Sie regelm\u00e4\u00dfig sprachliche Unterst\u00fctzung ben\u00f6tigen (z. B. Verwaltung, Immobilienkauf, Autoimport), fordern Sie bitte ein individuelles Angebot an.<\/p><p>Kontakt<\/p><p>Ich stehe auch pers\u00f6nlich in den Komitaten Somogy, Tolna, Zala und Baranya zur Verf\u00fcgung, aber auch eine Online-Beratung ist m\u00f6glich.<\/p>\t\t\t\t\t\t\t\t<\/div>\n\t\t\t\t<\/div>\n\t\t\t\t<\/div>\n\t\t\t\t\t<\/div>\n\t\t\t\t<\/div>\n\t\t\t\t<\/div>","protected":false},"excerpt":{"rendered":"<p>Gyakorlati nyelvi seg\u00edts\u00e9g ingatlan\u00fcgyekhez \u00e9s \u00fcgyint\u00e9z\u00e9shez, n\u00e9gy nyelven A nyelvi akad\u00e1lyok gyakoriak Magyarorsz\u00e1gon, k\u00fcl\u00f6n\u00f6sen ha ingatlan \u00fcgyekhez van sz\u00fcks\u00e9g nyelvi seg\u00edts\u00e9gre. Neked k\u00edn\u00e1lok hat\u00e9kony, emberi \u00e9s gyakorlati seg\u00edts\u00e9get ezen a ter\u00fcleten. Nem vagyok hivatalos tolm\u00e1cs vagy okleveles ford\u00edt\u00f3, de a feladatod meg\u00e9rt\u00e9s\u00e9ben \u00e9s a kommunik\u00e1ci\u00f3ban szakmai t\u00e1mogat\u00e1st kapsz. N\u00e9gy nyelven kommunik\u00e1lok: magyar, holland, n\u00e9met \u00e9s &#8230; <a title=\"\u00dcbersetzung\" class=\"read-more\" href=\"https:\/\/hagemanestate.com\/de\/forditas\/\" aria-label=\"Mehr Informationen \u00fcber Ford\u00edt\u00e1s\">Mehr lesen<\/a><\/p>","protected":false},"author":1,"featured_media":0,"parent":0,"menu_order":0,"comment_status":"closed","ping_status":"closed","template":"elementor_header_footer","meta":{"footnotes":""},"class_list":["post-2628","page","type-page","status-publish"],"yoast_head":"<!-- This site is optimized with the Yoast SEO Premium plugin v27.3 (Yoast SEO v27.3) - https:\/\/yoast.com\/product\/yoast-seo-premium-wordpress\/ -->\n<title>Nyelvi seg\u00edts\u00e9g ingatlan\u00fcgyekhez | Hageman Estate<\/title>\n<meta name=\"description\" content=\"Gyakorlati nyelvi seg\u00edts\u00e9g ingatlan\u00fcgyekhez, \u00fcgyint\u00e9z\u00e9shez \u00e9s dokumentumok ford\u00edt\u00e1s\u00e1hoz 4 nyelven (magyar, holland, n\u00e9met, angol). El\u00e9rhet\u0151 szem\u00e9lyesen a Hageman Estate-t\u0151l.\" \/>\n<meta name=\"robots\" content=\"index, follow, max-snippet:-1, max-image-preview:large, max-video-preview:-1\" \/>\n<link rel=\"canonical\" href=\"https:\/\/hagemanestate.com\/de\/ubersetzt-von\/\" \/>\n<meta property=\"og:locale\" content=\"de_DE\" \/>\n<meta property=\"og:type\" content=\"article\" \/>\n<meta property=\"og:title\" content=\"Ford\u00edt\u00e1s\" \/>\n<meta property=\"og:description\" content=\"Gyakorlati nyelvi seg\u00edts\u00e9g ingatlan\u00fcgyekhez, \u00fcgyint\u00e9z\u00e9shez \u00e9s dokumentumok ford\u00edt\u00e1s\u00e1hoz 4 nyelven (magyar, holland, n\u00e9met, angol). El\u00e9rhet\u0151 szem\u00e9lyesen a Hageman Estate-t\u0151l.\" \/>\n<meta property=\"og:url\" content=\"https:\/\/hagemanestate.com\/de\/ubersetzt-von\/\" \/>\n<meta property=\"og:site_name\" content=\"hagemanestate.com\" \/>\n<meta property=\"article:publisher\" content=\"https:\/\/www.facebook.com\/coen.hageman\" \/>\n<meta property=\"article:modified_time\" content=\"2025-08-19T22:36:32+00:00\" \/>\n<meta property=\"og:image\" content=\"https:\/\/hagemanestate.com\/wp-content\/uploads\/2025\/07\/Coen-HagemanAlairttProfilkep-739x1024.png\" \/>\n<meta name=\"twitter:card\" content=\"summary_large_image\" \/>\n<meta name=\"twitter:label1\" content=\"Gesch\u00e4tzte Lesezeit\" \/>\n\t<meta name=\"twitter:data1\" content=\"2\u00a0Minuten\" \/>\n<script type=\"application\/ld+json\" class=\"yoast-schema-graph\">{\"@context\":\"https:\\\/\\\/schema.org\",\"@graph\":[{\"@type\":\"WebPage\",\"@id\":\"https:\\\/\\\/hagemanestate.com\\\/forditas\\\/\",\"url\":\"https:\\\/\\\/hagemanestate.com\\\/forditas\\\/\",\"name\":\"Nyelvi seg\u00edts\u00e9g ingatlan\u00fcgyekhez | Hageman Estate\",\"isPartOf\":{\"@id\":\"https:\\\/\\\/hagemanestate.com\\\/#website\"},\"primaryImageOfPage\":{\"@id\":\"https:\\\/\\\/hagemanestate.com\\\/forditas\\\/#primaryimage\"},\"image\":{\"@id\":\"https:\\\/\\\/hagemanestate.com\\\/forditas\\\/#primaryimage\"},\"thumbnailUrl\":\"https:\\\/\\\/hagemanestate.com\\\/wp-content\\\/uploads\\\/2025\\\/07\\\/Coen-HagemanAlairttProfilkep-739x1024.png\",\"datePublished\":\"2025-07-18T21:57:53+00:00\",\"dateModified\":\"2025-08-19T22:36:32+00:00\",\"description\":\"Gyakorlati nyelvi seg\u00edts\u00e9g ingatlan\u00fcgyekhez, \u00fcgyint\u00e9z\u00e9shez \u00e9s dokumentumok ford\u00edt\u00e1s\u00e1hoz 4 nyelven (magyar, holland, n\u00e9met, angol). El\u00e9rhet\u0151 szem\u00e9lyesen a Hageman Estate-t\u0151l.\",\"breadcrumb\":{\"@id\":\"https:\\\/\\\/hagemanestate.com\\\/forditas\\\/#breadcrumb\"},\"inLanguage\":\"de\",\"potentialAction\":[{\"@type\":\"ReadAction\",\"target\":[\"https:\\\/\\\/hagemanestate.com\\\/forditas\\\/\"]}]},{\"@type\":\"ImageObject\",\"inLanguage\":\"de\",\"@id\":\"https:\\\/\\\/hagemanestate.com\\\/forditas\\\/#primaryimage\",\"url\":\"https:\\\/\\\/hagemanestate.com\\\/wp-content\\\/uploads\\\/2025\\\/07\\\/Coen-HagemanAlairttProfilkep-739x1024.png\",\"contentUrl\":\"https:\\\/\\\/hagemanestate.com\\\/wp-content\\\/uploads\\\/2025\\\/07\\\/Coen-HagemanAlairttProfilkep-739x1024.png\"},{\"@type\":\"BreadcrumbList\",\"@id\":\"https:\\\/\\\/hagemanestate.com\\\/forditas\\\/#breadcrumb\",\"itemListElement\":[{\"@type\":\"ListItem\",\"position\":1,\"name\":\"Kezd\u0151lap\",\"item\":\"https:\\\/\\\/hagemanestate.com\\\/\"},{\"@type\":\"ListItem\",\"position\":2,\"name\":\"Ford\u00edt\u00e1s\"}]},{\"@type\":\"WebSite\",\"@id\":\"https:\\\/\\\/hagemanestate.com\\\/#website\",\"url\":\"https:\\\/\\\/hagemanestate.com\\\/\",\"name\":\"hagemanestate.com\",\"description\":\"\ud83c\udded\ud83c\uddfa Magyar: Ingatlank\u00f6zvet\u00edt\u0151 Somogyban \u2013 Elad\u00f3 \u00e9s kiad\u00f3 h\u00e1zak, lak\u00e1sok | Hageman Estate   \ud83c\uddec\ud83c\udde7 English: Real Estate Hungary \u2013 Buy or rent property in Somogy | Hageman Estate   \ud83c\udde9\ud83c\uddea Immobilien Ungarn \u2013 Kaufen oder mieten in der Region Somogy | Hageman Estate   \ud83c\uddf3\ud83c\uddf1 Nederlands: Makelaar Hongarije \u2013 Koop of huur vastgoed in Somogy | Hageman Estate\",\"publisher\":{\"@id\":\"https:\\\/\\\/hagemanestate.com\\\/#organization\"},\"potentialAction\":[{\"@type\":\"SearchAction\",\"target\":{\"@type\":\"EntryPoint\",\"urlTemplate\":\"https:\\\/\\\/hagemanestate.com\\\/?s={search_term_string}\"},\"query-input\":{\"@type\":\"PropertyValueSpecification\",\"valueRequired\":true,\"valueName\":\"search_term_string\"}}],\"inLanguage\":\"de\"},{\"@type\":\"Organization\",\"@id\":\"https:\\\/\\\/hagemanestate.com\\\/#organization\",\"name\":\"hagemanestate.com\",\"url\":\"https:\\\/\\\/hagemanestate.com\\\/\",\"logo\":{\"@type\":\"ImageObject\",\"inLanguage\":\"de\",\"@id\":\"https:\\\/\\\/hagemanestate.com\\\/#\\\/schema\\\/logo\\\/image\\\/\",\"url\":\"https:\\\/\\\/hagemanestate.com\\\/wp-content\\\/uploads\\\/2025\\\/05\\\/2025.-01.-30.-17_18_09-1024x575.png\",\"contentUrl\":\"https:\\\/\\\/hagemanestate.com\\\/wp-content\\\/uploads\\\/2025\\\/05\\\/2025.-01.-30.-17_18_09-1024x575.png\",\"width\":1024,\"height\":575,\"caption\":\"hagemanestate.com\"},\"image\":{\"@id\":\"https:\\\/\\\/hagemanestate.com\\\/#\\\/schema\\\/logo\\\/image\\\/\"},\"sameAs\":[\"https:\\\/\\\/www.facebook.com\\\/coen.hageman\",\"https:\\\/\\\/www.instagram.com\\\/coenhagemanestate\\\/\",\"https:\\\/\\\/www.tiktok.com\\\/@coenhagemaningatlan\"],\"description\":\"Hageman Estate is een gecertificeerd makelaarskantoor in de provincie Somogy, Hongarije. Wij zijn gespecialiseerd in de aan- en verkoop van landelijk vastgoed en begeleiden buitenlandse kopers \u2013 voornamelijk uit Nederland en West-Europa \u2013 persoonlijk van de eerste bezichtiging tot de sleuteloverdracht.\",\"email\":\"coenhageman@gmail.com\",\"telephone\":\"+36 30 391 9975\",\"legalName\":\"Hageman Estate\",\"foundingDate\":\"2025-07-04\",\"numberOfEmployees\":{\"@type\":\"QuantitativeValue\",\"minValue\":\"1\",\"maxValue\":\"10\"}}]}<\/script>\n<!-- \/ Yoast SEO Premium plugin. -->","yoast_head_json":{"title":"Sprachhilfe f\u00fcr Immobilien | Hageman Estate","description":"Praktische sprachliche Unterst\u00fctzung f\u00fcr Immobilien, Verwaltung und \u00dcbersetzung von Dokumenten in 4 Sprachen (Ungarisch, Niederl\u00e4ndisch, Deutsch, Englisch), pers\u00f6nlich erh\u00e4ltlich bei Hageman Estate.","robots":{"index":"index","follow":"follow","max-snippet":"max-snippet:-1","max-image-preview":"max-image-preview:large","max-video-preview":"max-video-preview:-1"},"canonical":"https:\/\/hagemanestate.com\/de\/ubersetzt-von\/","og_locale":"de_DE","og_type":"article","og_title":"Ford\u00edt\u00e1s","og_description":"Gyakorlati nyelvi seg\u00edts\u00e9g ingatlan\u00fcgyekhez, \u00fcgyint\u00e9z\u00e9shez \u00e9s dokumentumok ford\u00edt\u00e1s\u00e1hoz 4 nyelven (magyar, holland, n\u00e9met, angol). El\u00e9rhet\u0151 szem\u00e9lyesen a Hageman Estate-t\u0151l.","og_url":"https:\/\/hagemanestate.com\/de\/ubersetzt-von\/","og_site_name":"hagemanestate.com","article_publisher":"https:\/\/www.facebook.com\/coen.hageman","article_modified_time":"2025-08-19T22:36:32+00:00","og_image":[{"url":"https:\/\/hagemanestate.com\/wp-content\/uploads\/2025\/07\/Coen-HagemanAlairttProfilkep-739x1024.png","type":"","width":"","height":""}],"twitter_card":"summary_large_image","twitter_misc":{"Gesch\u00e4tzte Lesezeit":"2\u00a0Minuten"},"schema":{"@context":"https:\/\/schema.org","@graph":[{"@type":"WebPage","@id":"https:\/\/hagemanestate.com\/forditas\/","url":"https:\/\/hagemanestate.com\/forditas\/","name":"Sprachhilfe f\u00fcr Immobilien | Hageman Estate","isPartOf":{"@id":"https:\/\/hagemanestate.com\/#website"},"primaryImageOfPage":{"@id":"https:\/\/hagemanestate.com\/forditas\/#primaryimage"},"image":{"@id":"https:\/\/hagemanestate.com\/forditas\/#primaryimage"},"thumbnailUrl":"https:\/\/hagemanestate.com\/wp-content\/uploads\/2025\/07\/Coen-HagemanAlairttProfilkep-739x1024.png","datePublished":"2025-07-18T21:57:53+00:00","dateModified":"2025-08-19T22:36:32+00:00","description":"Praktische sprachliche Unterst\u00fctzung f\u00fcr Immobilien, Verwaltung und \u00dcbersetzung von Dokumenten in 4 Sprachen (Ungarisch, Niederl\u00e4ndisch, Deutsch, Englisch), pers\u00f6nlich erh\u00e4ltlich bei Hageman Estate.","breadcrumb":{"@id":"https:\/\/hagemanestate.com\/forditas\/#breadcrumb"},"inLanguage":"de","potentialAction":[{"@type":"ReadAction","target":["https:\/\/hagemanestate.com\/forditas\/"]}]},{"@type":"ImageObject","inLanguage":"de","@id":"https:\/\/hagemanestate.com\/forditas\/#primaryimage","url":"https:\/\/hagemanestate.com\/wp-content\/uploads\/2025\/07\/Coen-HagemanAlairttProfilkep-739x1024.png","contentUrl":"https:\/\/hagemanestate.com\/wp-content\/uploads\/2025\/07\/Coen-HagemanAlairttProfilkep-739x1024.png"},{"@type":"BreadcrumbList","@id":"https:\/\/hagemanestate.com\/forditas\/#breadcrumb","itemListElement":[{"@type":"ListItem","position":1,"name":"Kezd\u0151lap","item":"https:\/\/hagemanestate.com\/"},{"@type":"ListItem","position":2,"name":"Ford\u00edt\u00e1s"}]},{"@type":"WebSite","@id":"https:\/\/hagemanestate.com\/#website","url":"https:\/\/hagemanestate.com\/","name":"hagemanestate.com","description":"\ud83c\udded\ud83c\uddfa Englisch: Real Estate Hungary - Kaufen oder mieten Sie eine Immobilie in Somogy | Hageman Estate \ud83c\uddec\ud83c\udde7 Englisch: Real Estate Hungary - Kaufen oder mieten Sie eine Immobilie in Somogy | Hageman Estate \ud83c\udde9\ud83c\uddea Ungarn, Immobilien - Kaufen oder mieten in Somogy | Hageman Estate \ud83c\uddf3\ud83c\uddf1 Nederlands: Makelaar Hongarije - Koop of huur vastgoed in Somogy | Hageman Estate","publisher":{"@id":"https:\/\/hagemanestate.com\/#organization"},"potentialAction":[{"@type":"SearchAction","target":{"@type":"EntryPoint","urlTemplate":"https:\/\/hagemanestate.com\/?s={search_term_string}"},"query-input":{"@type":"PropertyValueSpecification","valueRequired":true,"valueName":"search_term_string"}}],"inLanguage":"de"},{"@type":"Organization","@id":"https:\/\/hagemanestate.com\/#organization","name":"hagemanestate.com","url":"https:\/\/hagemanestate.com\/","logo":{"@type":"ImageObject","inLanguage":"de","@id":"https:\/\/hagemanestate.com\/#\/schema\/logo\/image\/","url":"https:\/\/hagemanestate.com\/wp-content\/uploads\/2025\/05\/2025.-01.-30.-17_18_09-1024x575.png","contentUrl":"https:\/\/hagemanestate.com\/wp-content\/uploads\/2025\/05\/2025.-01.-30.-17_18_09-1024x575.png","width":1024,"height":575,"caption":"hagemanestate.com"},"image":{"@id":"https:\/\/hagemanestate.com\/#\/schema\/logo\/image\/"},"sameAs":["https:\/\/www.facebook.com\/coen.hageman","https:\/\/www.instagram.com\/coenhagemanestate\/","https:\/\/www.tiktok.com\/@coenhagemaningatlan"],"description":"Hageman Estate ist eine gepr\u00fcfte Maklerfirma in der Provinz Somogy, Hongkarije. Wir sind spezialisiert auf die Vermittlung und den Verkauf von Landg\u00fctern und betreuen Kunden aus den Niederlanden und Westeuropa - von der ersten Besichtigung bis zur Nachforschung.","email":"coenhageman@gmail.com","telephone":"+36 30 391 9975","legalName":"Hageman Estate","foundingDate":"2025-07-04","numberOfEmployees":{"@type":"QuantitativeValue","minValue":"1","maxValue":"10"}}]}},"_links":{"self":[{"href":"https:\/\/hagemanestate.com\/de\/wp-json\/wp\/v2\/pages\/2628","targetHints":{"allow":["GET"]}}],"collection":[{"href":"https:\/\/hagemanestate.com\/de\/wp-json\/wp\/v2\/pages"}],"about":[{"href":"https:\/\/hagemanestate.com\/de\/wp-json\/wp\/v2\/types\/page"}],"author":[{"embeddable":true,"href":"https:\/\/hagemanestate.com\/de\/wp-json\/wp\/v2\/users\/1"}],"replies":[{"embeddable":true,"href":"https:\/\/hagemanestate.com\/de\/wp-json\/wp\/v2\/comments?post=2628"}],"version-history":[{"count":0,"href":"https:\/\/hagemanestate.com\/de\/wp-json\/wp\/v2\/pages\/2628\/revisions"}],"wp:attachment":[{"href":"https:\/\/hagemanestate.com\/de\/wp-json\/wp\/v2\/media?parent=2628"}],"curies":[{"name":"wp","href":"https:\/\/api.w.org\/{rel}","templated":true}]}}