{"id":2622,"date":"2025-07-18T21:58:42","date_gmt":"2025-07-18T21:58:42","guid":{"rendered":"https:\/\/hagemanestate.com\/?page_id=2622"},"modified":"2025-08-13T20:25:23","modified_gmt":"2025-08-13T20:25:23","slug":"immobilien-zur-miete","status":"publish","type":"page","link":"https:\/\/hagemanestate.com\/de\/ingatlan-kiadas\/","title":{"rendered":"Immobilien zur Miete"},"content":{"rendered":"<div data-elementor-type=\"wp-page\" data-elementor-id=\"2622\" class=\"elementor elementor-2622\" data-elementor-post-type=\"page\">\n\t\t\t\t<div class=\"elementor-element elementor-element-9a799aa e-flex e-con-boxed e-con e-parent\" data-id=\"9a799aa\" data-element_type=\"container\" data-e-type=\"container\" data-settings=\"{&quot;_ob_use_container_extras&quot;:&quot;no&quot;,&quot;_ob_column_hoveranimator&quot;:&quot;no&quot;,&quot;_ob_glider_is_slider&quot;:&quot;no&quot;,&quot;_ob_column_has_pseudo&quot;:&quot;no&quot;}\">\n\t\t\t\t\t<div class=\"e-con-inner\">\n\t\t<div class=\"elementor-element elementor-element-7dcc552 e-con-full e-flex e-con e-child\" data-id=\"7dcc552\" data-element_type=\"container\" data-e-type=\"container\" data-settings=\"{&quot;_ob_use_container_extras&quot;:&quot;no&quot;,&quot;_ob_column_hoveranimator&quot;:&quot;no&quot;,&quot;_ob_glider_is_slider&quot;:&quot;no&quot;,&quot;_ob_column_has_pseudo&quot;:&quot;no&quot;}\">\n\t\t\t\t<div class=\"elementor-element elementor-element-396f71b ob-has-background-overlay elementor-widget elementor-widget-image\" data-id=\"396f71b\" data-element_type=\"widget\" data-e-type=\"widget\" data-settings=\"{&quot;_ob_photomorph_use&quot;:&quot;no&quot;,&quot;_ob_perspektive_use&quot;:&quot;no&quot;,&quot;_ob_poopart_use&quot;:&quot;yes&quot;,&quot;_ob_shadough_use&quot;:&quot;no&quot;,&quot;_ob_allow_hoveranimator&quot;:&quot;no&quot;,&quot;_ob_widget_stalker_use&quot;:&quot;no&quot;}\" data-widget_type=\"image.default\">\n\t\t\t\t<div class=\"elementor-widget-container\">\n\t\t\t\t\t\t\t\t\t\t\t\t\t\t\t<img fetchpriority=\"high\" decoding=\"async\" width=\"739\" height=\"1024\" src=\"https:\/\/hagemanestate.com\/wp-content\/uploads\/2025\/07\/Coen-HagemanAlairttProfilkep-739x1024.png\" class=\"attachment-large size-large wp-image-1836\" alt=\"Coen Hageman, Gr\u00fcnder von Hageman Estate und mehrsprachiger Immobilienmakler\" srcset=\"https:\/\/hagemanestate.com\/wp-content\/uploads\/2025\/07\/Coen-HagemanAlairttProfilkep-739x1024.png 739w, https:\/\/hagemanestate.com\/wp-content\/uploads\/2025\/07\/Coen-HagemanAlairttProfilkep-216x300.png 216w, https:\/\/hagemanestate.com\/wp-content\/uploads\/2025\/07\/Coen-HagemanAlairttProfilkep-768x1065.png 768w, https:\/\/hagemanestate.com\/wp-content\/uploads\/2025\/07\/Coen-HagemanAlairttProfilkep-1108x1536.png 1108w, https:\/\/hagemanestate.com\/wp-content\/uploads\/2025\/07\/Coen-HagemanAlairttProfilkep.png 1242w\" sizes=\"(max-width: 739px) 100vw, 739px\" \/>\t\t\t\t\t\t\t\t\t\t\t\t\t\t\t<\/div>\n\t\t\t\t<\/div>\n\t\t\t\t<\/div>\n\t\t<div class=\"elementor-element elementor-element-edae455 e-con-full e-flex e-con e-child\" data-id=\"edae455\" data-element_type=\"container\" data-e-type=\"container\" data-settings=\"{&quot;_ob_use_container_extras&quot;:&quot;no&quot;,&quot;_ob_column_hoveranimator&quot;:&quot;no&quot;,&quot;_ob_glider_is_slider&quot;:&quot;no&quot;,&quot;_ob_column_has_pseudo&quot;:&quot;no&quot;}\">\n\t\t\t\t<div class=\"elementor-element elementor-element-6155756 ob-harakiri-inherit ob-has-background-overlay elementor-widget elementor-widget-text-editor\" data-id=\"6155756\" data-element_type=\"widget\" data-e-type=\"widget\" data-settings=\"{&quot;_ob_use_harakiri&quot;:&quot;yes&quot;,&quot;_ob_harakiri_writing_mode&quot;:&quot;inherit&quot;,&quot;_ob_postman_use&quot;:&quot;no&quot;,&quot;_ob_perspektive_use&quot;:&quot;no&quot;,&quot;_ob_poopart_use&quot;:&quot;yes&quot;,&quot;_ob_shadough_use&quot;:&quot;no&quot;,&quot;_ob_allow_hoveranimator&quot;:&quot;no&quot;,&quot;_ob_widget_stalker_use&quot;:&quot;no&quot;}\" data-widget_type=\"text-editor.default\">\n\t\t\t\t<div class=\"elementor-widget-container\">\n\t\t\t\t\t\t\t\t\t<h3 data-start=\"220\" data-end=\"277\">Immobilienvermietung \u2013 sicher, stressfrei<\/h3><p data-start=\"279\" data-end=\"644\">Die Vermietung einer Immobilie mag auf den ersten Blick einfach erscheinen, doch in der Praxis gibt es viele Fragen, Fallstricke und Unannehmlichkeiten. Ich kann Ihnen helfen, diese zu vermeiden und den bestm\u00f6glichen Mieter zu finden - schnell, sicher und langfristig. Der Schl\u00fcssel zu einer sicheren Immobilienvermietung ist die Wahl eines zuverl\u00e4ssigen Mieters und ein reibungsloser, transparenter Prozess.<\/p><hr data-start=\"646\" data-end=\"649\" \/><h3 data-start=\"651\" data-end=\"674\">Was ich biete<\/h3><p data-start=\"676\" data-end=\"712\">Auswahl von zuverl\u00e4ssigen Mietern<\/p><ul><li data-start=\"715\" data-end=\"820\">Ich werde nicht an den ersten Bewerber vermieten, sondern nur an den, der sich wirklich qualifiziert.<\/li><li data-start=\"823\" data-end=\"934\">Hintergrund\u00fcberpr\u00fcfungen, Referenzanfragen und mehrsprachige Kommunikation sorgen f\u00fcr eine problemlose Vermietung von Immobilien.<\/li><li data-start=\"937\" data-end=\"1021\">Dies verringert das Risiko, dass ein problematischer Mieter in die Wohnung oder das Haus einzieht.<\/li><\/ul><p data-start=\"1023\" data-end=\"1065\">Vollst\u00e4ndige Verwaltung des Ver\u00f6ffentlichungsprozesses<\/p><ul><li data-start=\"1068\" data-end=\"1165\">Fotografieren, Werben, Anfragen bearbeiten, Vorf\u00fchren und Vermitteln - das alles mache ich f\u00fcr Sie.<\/li><li data-start=\"1168\" data-end=\"1276\">Falls erforderlich, kann ich mit einem Anwalt, einem Versicherer oder einem \u00dcbersetzer f\u00fcr einen reibungslosen Ablauf bei der Vermietung von Immobilien sorgen.<\/li><li data-start=\"1279\" data-end=\"1351\">Mit meinen Verbindungen brauchen Sie nicht zu suchen oder sich zu stressen.<\/li><\/ul><p data-start=\"1353\" data-end=\"1378\">Transparente Tarife<\/p><ul><li data-start=\"1381\" data-end=\"1427\">Ich berechne nur die vereinbarte Provision.<\/li><li data-start=\"1430\" data-end=\"1495\">Es gibt keine versteckten Geb\u00fchren, Folgekosten oder zus\u00e4tzliche Posten.<\/li><li data-start=\"1498\" data-end=\"1565\">Meine Arbeit wird bezahlt, wenn die Vermietung erfolgreich abgeschlossen ist.<\/li><li data-start=\"1567\" data-end=\"1597\">Verwaltung ausl\u00e4ndischer Mieter<\/li><li>Ich spreche Ungarisch, Deutsch, Niederl\u00e4ndisch und Englisch, so dass die Kommunikation ohne Sprachbarrieren verl\u00e4uft.<\/li><li data-start=\"1707\" data-end=\"1778\">Ich habe Erfahrung mit der Vermietung von Expats, Firmenwohnungen und Diplomatenwohnungen.<\/li><li data-start=\"1781\" data-end=\"1918\">Ich fungiere als sprachliche und kulturelle Br\u00fccke zwischen Mieter und Vermieter und sorge daf\u00fcr, dass der Vermietungsprozess reibungslos und stressfrei verl\u00e4uft.<\/li><\/ul><hr data-start=\"1920\" data-end=\"1923\" \/><h3 data-start=\"1925\" data-end=\"1955\">Warum mich w\u00e4hlen?<\/h3><p data-start=\"1957\" data-end=\"2281\">Viele Hausbesitzer denken, dass der Verkauf eines Hauses eine einfache Aufgabe ist. Das stimmt so lange, bis man mit einem problematischen Mieter konfrontiert wird.<br data-start=\"2079\" data-end=\"2082\" \/>Ich arbeite daran, dass Sie sich keine Sorgen machen, nicht anrufen und keinen Stress haben m\u00fcssen.<br data-start=\"2166\" data-end=\"2169\" \/>F\u00fcr mich misst sich der Erfolg nicht nur an der H\u00f6he der Ausgaben, sondern auch daran, dass alles noch Monate sp\u00e4ter gut funktioniert.<\/p><p data-start=\"2283\" data-end=\"2430\">Wenn Sie auf der Suche nach einer zuverl\u00e4ssigen und stressfreien Immobilienvermietung, einem transparenten Prozess und einem umfassenden Service sind, w\u00fcrde ich mich freuen, mit Ihnen zusammenzuarbeiten.<\/p>\t\t\t\t\t\t\t\t<\/div>\n\t\t\t\t<\/div>\n\t\t\t\t<\/div>\n\t\t\t\t\t<\/div>\n\t\t\t\t<\/div>\n\t\t\t\t<\/div>","protected":false},"excerpt":{"rendered":"<p>Ingatlan b\u00e9rbead\u00e1s \u2013 biztons\u00e1gban, stressz n\u00e9lk\u00fcl Az ingatlan b\u00e9rbead\u00e1s els\u0151re egyszer\u0171nek t\u0171nhet, de a gyakorlatban sz\u00e1mos k\u00e9rd\u00e9s, buktat\u00f3 \u00e9s kellemetlens\u00e9g mer\u00fclhet fel. \u00c9n abban seg\u00edtek, hogy ezeket megel\u0151zz\u00fck, \u00e9s a lehet\u0151 legjobb b\u00e9rl\u0151t tal\u00e1ljuk meg \u2013 gyorsan, biztons\u00e1gosan \u00e9s hossz\u00fa t\u00e1vra. A biztons\u00e1gos ingatlan b\u00e9rbead\u00e1s kulcsa a megb\u00edzhat\u00f3 b\u00e9rl\u0151 kiv\u00e1laszt\u00e1sa \u00e9s a g\u00f6rd\u00fcl\u00e9keny, \u00e1tl\u00e1that\u00f3 folyamat. &#8230; <a title=\"Immobilien zur Miete\" class=\"read-more\" href=\"https:\/\/hagemanestate.com\/de\/ingatlan-kiadas\/\" aria-label=\"Mehr Informationen \u00fcber Ingatlan Kiad\u00e1s\">Mehr lesen<\/a><\/p>","protected":false},"author":1,"featured_media":0,"parent":0,"menu_order":0,"comment_status":"closed","ping_status":"closed","template":"elementor_header_footer","meta":{"footnotes":""},"class_list":["post-2622","page","type-page","status-publish"],"yoast_head":"<!-- This site is optimized with the Yoast SEO Premium plugin v27.3 (Yoast SEO v27.3) - https:\/\/yoast.com\/product\/yoast-seo-premium-wordpress\/ -->\n<title>Ingatlan b\u00e9rbead\u00e1s \u2013 Megb\u00edzhat\u00f3 b\u00e9rl\u0151k \u00e9s stresszmentes folyamat hagemanestate.com<\/title>\n<meta name=\"description\" content=\"Ingatlan b\u00e9rbead\u00e1s gyorsan, biztons\u00e1gosan \u00e9s stressz n\u00e9lk\u00fcl. Megb\u00edzhat\u00f3 b\u00e9rl\u0151k, teljes k\u00f6r\u0171 \u00fcgyint\u00e9z\u00e9s, t\u00f6bbnyelv\u0171 kommunik\u00e1ci\u00f3.\" \/>\n<meta name=\"robots\" content=\"index, follow, max-snippet:-1, max-image-preview:large, max-video-preview:-1\" \/>\n<link rel=\"canonical\" href=\"https:\/\/hagemanestate.com\/de\/immobilien-zur-miete\/\" \/>\n<meta property=\"og:locale\" content=\"de_DE\" \/>\n<meta property=\"og:type\" content=\"article\" \/>\n<meta property=\"og:title\" content=\"Ingatlan Kiad\u00e1s\" \/>\n<meta property=\"og:description\" content=\"Ingatlan b\u00e9rbead\u00e1s gyorsan, biztons\u00e1gosan \u00e9s stressz n\u00e9lk\u00fcl. Megb\u00edzhat\u00f3 b\u00e9rl\u0151k, teljes k\u00f6r\u0171 \u00fcgyint\u00e9z\u00e9s, t\u00f6bbnyelv\u0171 kommunik\u00e1ci\u00f3.\" \/>\n<meta property=\"og:url\" content=\"https:\/\/hagemanestate.com\/de\/immobilien-zur-miete\/\" \/>\n<meta property=\"og:site_name\" content=\"hagemanestate.com\" \/>\n<meta property=\"article:publisher\" content=\"https:\/\/www.facebook.com\/coen.hageman\" \/>\n<meta property=\"article:modified_time\" content=\"2025-08-13T20:25:23+00:00\" \/>\n<meta property=\"og:image\" content=\"https:\/\/hagemanestate.com\/wp-content\/uploads\/2025\/07\/Coen-HagemanAlairttProfilkep-739x1024.png\" \/>\n<meta name=\"twitter:card\" content=\"summary_large_image\" \/>\n<meta name=\"twitter:label1\" content=\"Gesch\u00e4tzte Lesezeit\" \/>\n\t<meta name=\"twitter:data1\" content=\"2\u00a0Minuten\" \/>\n<script type=\"application\/ld+json\" class=\"yoast-schema-graph\">{\"@context\":\"https:\\\/\\\/schema.org\",\"@graph\":[{\"@type\":\"WebPage\",\"@id\":\"https:\\\/\\\/hagemanestate.com\\\/ingatlan-kiadas\\\/\",\"url\":\"https:\\\/\\\/hagemanestate.com\\\/ingatlan-kiadas\\\/\",\"name\":\"Ingatlan b\u00e9rbead\u00e1s \u2013 Megb\u00edzhat\u00f3 b\u00e9rl\u0151k \u00e9s stresszmentes folyamat hagemanestate.com\",\"isPartOf\":{\"@id\":\"https:\\\/\\\/hagemanestate.com\\\/#website\"},\"primaryImageOfPage\":{\"@id\":\"https:\\\/\\\/hagemanestate.com\\\/ingatlan-kiadas\\\/#primaryimage\"},\"image\":{\"@id\":\"https:\\\/\\\/hagemanestate.com\\\/ingatlan-kiadas\\\/#primaryimage\"},\"thumbnailUrl\":\"https:\\\/\\\/hagemanestate.com\\\/wp-content\\\/uploads\\\/2025\\\/07\\\/Coen-HagemanAlairttProfilkep-739x1024.png\",\"datePublished\":\"2025-07-18T21:58:42+00:00\",\"dateModified\":\"2025-08-13T20:25:23+00:00\",\"description\":\"Ingatlan b\u00e9rbead\u00e1s gyorsan, biztons\u00e1gosan \u00e9s stressz n\u00e9lk\u00fcl. Megb\u00edzhat\u00f3 b\u00e9rl\u0151k, teljes k\u00f6r\u0171 \u00fcgyint\u00e9z\u00e9s, t\u00f6bbnyelv\u0171 kommunik\u00e1ci\u00f3.\",\"breadcrumb\":{\"@id\":\"https:\\\/\\\/hagemanestate.com\\\/ingatlan-kiadas\\\/#breadcrumb\"},\"inLanguage\":\"de\",\"potentialAction\":[{\"@type\":\"ReadAction\",\"target\":[\"https:\\\/\\\/hagemanestate.com\\\/ingatlan-kiadas\\\/\"]}]},{\"@type\":\"ImageObject\",\"inLanguage\":\"de\",\"@id\":\"https:\\\/\\\/hagemanestate.com\\\/ingatlan-kiadas\\\/#primaryimage\",\"url\":\"https:\\\/\\\/hagemanestate.com\\\/wp-content\\\/uploads\\\/2025\\\/07\\\/Coen-HagemanAlairttProfilkep-739x1024.png\",\"contentUrl\":\"https:\\\/\\\/hagemanestate.com\\\/wp-content\\\/uploads\\\/2025\\\/07\\\/Coen-HagemanAlairttProfilkep-739x1024.png\"},{\"@type\":\"BreadcrumbList\",\"@id\":\"https:\\\/\\\/hagemanestate.com\\\/ingatlan-kiadas\\\/#breadcrumb\",\"itemListElement\":[{\"@type\":\"ListItem\",\"position\":1,\"name\":\"Kezd\u0151lap\",\"item\":\"https:\\\/\\\/hagemanestate.com\\\/\"},{\"@type\":\"ListItem\",\"position\":2,\"name\":\"Ingatlan Kiad\u00e1s\"}]},{\"@type\":\"WebSite\",\"@id\":\"https:\\\/\\\/hagemanestate.com\\\/#website\",\"url\":\"https:\\\/\\\/hagemanestate.com\\\/\",\"name\":\"hagemanestate.com\",\"description\":\"\ud83c\udded\ud83c\uddfa Magyar: Ingatlank\u00f6zvet\u00edt\u0151 Somogyban \u2013 Elad\u00f3 \u00e9s kiad\u00f3 h\u00e1zak, lak\u00e1sok | Hageman Estate   \ud83c\uddec\ud83c\udde7 English: Real Estate Hungary \u2013 Buy or rent property in Somogy | Hageman Estate   \ud83c\udde9\ud83c\uddea Immobilien Ungarn \u2013 Kaufen oder mieten in der Region Somogy | Hageman Estate   \ud83c\uddf3\ud83c\uddf1 Nederlands: Makelaar Hongarije \u2013 Koop of huur vastgoed in Somogy | Hageman Estate\",\"publisher\":{\"@id\":\"https:\\\/\\\/hagemanestate.com\\\/#organization\"},\"potentialAction\":[{\"@type\":\"SearchAction\",\"target\":{\"@type\":\"EntryPoint\",\"urlTemplate\":\"https:\\\/\\\/hagemanestate.com\\\/?s={search_term_string}\"},\"query-input\":{\"@type\":\"PropertyValueSpecification\",\"valueRequired\":true,\"valueName\":\"search_term_string\"}}],\"inLanguage\":\"de\"},{\"@type\":\"Organization\",\"@id\":\"https:\\\/\\\/hagemanestate.com\\\/#organization\",\"name\":\"hagemanestate.com\",\"url\":\"https:\\\/\\\/hagemanestate.com\\\/\",\"logo\":{\"@type\":\"ImageObject\",\"inLanguage\":\"de\",\"@id\":\"https:\\\/\\\/hagemanestate.com\\\/#\\\/schema\\\/logo\\\/image\\\/\",\"url\":\"https:\\\/\\\/hagemanestate.com\\\/wp-content\\\/uploads\\\/2025\\\/05\\\/2025.-01.-30.-17_18_09-1024x575.png\",\"contentUrl\":\"https:\\\/\\\/hagemanestate.com\\\/wp-content\\\/uploads\\\/2025\\\/05\\\/2025.-01.-30.-17_18_09-1024x575.png\",\"width\":1024,\"height\":575,\"caption\":\"hagemanestate.com\"},\"image\":{\"@id\":\"https:\\\/\\\/hagemanestate.com\\\/#\\\/schema\\\/logo\\\/image\\\/\"},\"sameAs\":[\"https:\\\/\\\/www.facebook.com\\\/coen.hageman\",\"https:\\\/\\\/www.instagram.com\\\/coenhagemanestate\\\/\",\"https:\\\/\\\/www.tiktok.com\\\/@coenhagemaningatlan\"],\"description\":\"Hageman Estate is een gecertificeerd makelaarskantoor in de provincie Somogy, Hongarije. Wij zijn gespecialiseerd in de aan- en verkoop van landelijk vastgoed en begeleiden buitenlandse kopers \u2013 voornamelijk uit Nederland en West-Europa \u2013 persoonlijk van de eerste bezichtiging tot de sleuteloverdracht.\",\"email\":\"coenhageman@gmail.com\",\"telephone\":\"+36 30 391 9975\",\"legalName\":\"Hageman Estate\",\"foundingDate\":\"2025-07-04\",\"numberOfEmployees\":{\"@type\":\"QuantitativeValue\",\"minValue\":\"1\",\"maxValue\":\"10\"}}]}<\/script>\n<!-- \/ Yoast SEO Premium plugin. -->","yoast_head_json":{"title":"Immobilienvermietung - Zuverl\u00e4ssige Mieter und ein stressfreier Prozess hagemanestate.com","description":"Mieten Sie eine Immobilie schnell, sicher und ohne Stress. Zuverl\u00e4ssige Mieter, umfassender Service, mehrsprachige Kommunikation.","robots":{"index":"index","follow":"follow","max-snippet":"max-snippet:-1","max-image-preview":"max-image-preview:large","max-video-preview":"max-video-preview:-1"},"canonical":"https:\/\/hagemanestate.com\/de\/immobilien-zur-miete\/","og_locale":"de_DE","og_type":"article","og_title":"Ingatlan Kiad\u00e1s","og_description":"Ingatlan b\u00e9rbead\u00e1s gyorsan, biztons\u00e1gosan \u00e9s stressz n\u00e9lk\u00fcl. Megb\u00edzhat\u00f3 b\u00e9rl\u0151k, teljes k\u00f6r\u0171 \u00fcgyint\u00e9z\u00e9s, t\u00f6bbnyelv\u0171 kommunik\u00e1ci\u00f3.","og_url":"https:\/\/hagemanestate.com\/de\/immobilien-zur-miete\/","og_site_name":"hagemanestate.com","article_publisher":"https:\/\/www.facebook.com\/coen.hageman","article_modified_time":"2025-08-13T20:25:23+00:00","og_image":[{"url":"https:\/\/hagemanestate.com\/wp-content\/uploads\/2025\/07\/Coen-HagemanAlairttProfilkep-739x1024.png","type":"","width":"","height":""}],"twitter_card":"summary_large_image","twitter_misc":{"Gesch\u00e4tzte Lesezeit":"2\u00a0Minuten"},"schema":{"@context":"https:\/\/schema.org","@graph":[{"@type":"WebPage","@id":"https:\/\/hagemanestate.com\/ingatlan-kiadas\/","url":"https:\/\/hagemanestate.com\/ingatlan-kiadas\/","name":"Immobilienvermietung - Zuverl\u00e4ssige Mieter und ein stressfreier Prozess hagemanestate.com","isPartOf":{"@id":"https:\/\/hagemanestate.com\/#website"},"primaryImageOfPage":{"@id":"https:\/\/hagemanestate.com\/ingatlan-kiadas\/#primaryimage"},"image":{"@id":"https:\/\/hagemanestate.com\/ingatlan-kiadas\/#primaryimage"},"thumbnailUrl":"https:\/\/hagemanestate.com\/wp-content\/uploads\/2025\/07\/Coen-HagemanAlairttProfilkep-739x1024.png","datePublished":"2025-07-18T21:58:42+00:00","dateModified":"2025-08-13T20:25:23+00:00","description":"Mieten Sie eine Immobilie schnell, sicher und ohne Stress. Zuverl\u00e4ssige Mieter, umfassender Service, mehrsprachige Kommunikation.","breadcrumb":{"@id":"https:\/\/hagemanestate.com\/ingatlan-kiadas\/#breadcrumb"},"inLanguage":"de","potentialAction":[{"@type":"ReadAction","target":["https:\/\/hagemanestate.com\/ingatlan-kiadas\/"]}]},{"@type":"ImageObject","inLanguage":"de","@id":"https:\/\/hagemanestate.com\/ingatlan-kiadas\/#primaryimage","url":"https:\/\/hagemanestate.com\/wp-content\/uploads\/2025\/07\/Coen-HagemanAlairttProfilkep-739x1024.png","contentUrl":"https:\/\/hagemanestate.com\/wp-content\/uploads\/2025\/07\/Coen-HagemanAlairttProfilkep-739x1024.png"},{"@type":"BreadcrumbList","@id":"https:\/\/hagemanestate.com\/ingatlan-kiadas\/#breadcrumb","itemListElement":[{"@type":"ListItem","position":1,"name":"Kezd\u0151lap","item":"https:\/\/hagemanestate.com\/"},{"@type":"ListItem","position":2,"name":"Ingatlan Kiad\u00e1s"}]},{"@type":"WebSite","@id":"https:\/\/hagemanestate.com\/#website","url":"https:\/\/hagemanestate.com\/","name":"hagemanestate.com","description":"\ud83c\udded\ud83c\uddfa Englisch: Real Estate Hungary - Kaufen oder mieten Sie eine Immobilie in Somogy | Hageman Estate \ud83c\uddec\ud83c\udde7 Englisch: Real Estate Hungary - Kaufen oder mieten Sie eine Immobilie in Somogy | Hageman Estate \ud83c\udde9\ud83c\uddea Ungarn, Immobilien - Kaufen oder mieten in Somogy | Hageman Estate \ud83c\uddf3\ud83c\uddf1 Nederlands: Makelaar Hongarije - Koop of huur vastgoed in Somogy | Hageman Estate","publisher":{"@id":"https:\/\/hagemanestate.com\/#organization"},"potentialAction":[{"@type":"SearchAction","target":{"@type":"EntryPoint","urlTemplate":"https:\/\/hagemanestate.com\/?s={search_term_string}"},"query-input":{"@type":"PropertyValueSpecification","valueRequired":true,"valueName":"search_term_string"}}],"inLanguage":"de"},{"@type":"Organization","@id":"https:\/\/hagemanestate.com\/#organization","name":"hagemanestate.com","url":"https:\/\/hagemanestate.com\/","logo":{"@type":"ImageObject","inLanguage":"de","@id":"https:\/\/hagemanestate.com\/#\/schema\/logo\/image\/","url":"https:\/\/hagemanestate.com\/wp-content\/uploads\/2025\/05\/2025.-01.-30.-17_18_09-1024x575.png","contentUrl":"https:\/\/hagemanestate.com\/wp-content\/uploads\/2025\/05\/2025.-01.-30.-17_18_09-1024x575.png","width":1024,"height":575,"caption":"hagemanestate.com"},"image":{"@id":"https:\/\/hagemanestate.com\/#\/schema\/logo\/image\/"},"sameAs":["https:\/\/www.facebook.com\/coen.hageman","https:\/\/www.instagram.com\/coenhagemanestate\/","https:\/\/www.tiktok.com\/@coenhagemaningatlan"],"description":"Hageman Estate ist eine gepr\u00fcfte Maklerfirma in der Provinz Somogy, Hongkarije. Wir sind spezialisiert auf die Vermittlung und den Verkauf von Landg\u00fctern und betreuen Kunden aus den Niederlanden und Westeuropa - von der ersten Besichtigung bis zur Nachforschung.","email":"coenhageman@gmail.com","telephone":"+36 30 391 9975","legalName":"Hageman Estate","foundingDate":"2025-07-04","numberOfEmployees":{"@type":"QuantitativeValue","minValue":"1","maxValue":"10"}}]}},"_links":{"self":[{"href":"https:\/\/hagemanestate.com\/de\/wp-json\/wp\/v2\/pages\/2622","targetHints":{"allow":["GET"]}}],"collection":[{"href":"https:\/\/hagemanestate.com\/de\/wp-json\/wp\/v2\/pages"}],"about":[{"href":"https:\/\/hagemanestate.com\/de\/wp-json\/wp\/v2\/types\/page"}],"author":[{"embeddable":true,"href":"https:\/\/hagemanestate.com\/de\/wp-json\/wp\/v2\/users\/1"}],"replies":[{"embeddable":true,"href":"https:\/\/hagemanestate.com\/de\/wp-json\/wp\/v2\/comments?post=2622"}],"version-history":[{"count":0,"href":"https:\/\/hagemanestate.com\/de\/wp-json\/wp\/v2\/pages\/2622\/revisions"}],"wp:attachment":[{"href":"https:\/\/hagemanestate.com\/de\/wp-json\/wp\/v2\/media?parent=2622"}],"curies":[{"name":"wp","href":"https:\/\/api.w.org\/{rel}","templated":true}]}}