{"id":2620,"date":"2025-07-18T21:58:36","date_gmt":"2025-07-18T21:58:36","guid":{"rendered":"https:\/\/hagemanestate.com\/?page_id=2620"},"modified":"2025-08-19T22:57:59","modified_gmt":"2025-08-19T22:57:59","slug":"ingatlankozvetites","status":"publish","type":"page","link":"https:\/\/hagemanestate.com\/de\/ingatlankozvetites\/","title":{"rendered":"Immobilienvermittlung"},"content":{"rendered":"<div data-elementor-type=\"wp-page\" data-elementor-id=\"2620\" class=\"elementor elementor-2620\" data-elementor-post-type=\"page\">\n\t\t\t\t<div class=\"elementor-element elementor-element-2daeda9 e-flex e-con-boxed e-con e-parent\" data-id=\"2daeda9\" data-element_type=\"container\" data-e-type=\"container\" data-settings=\"{&quot;_ob_use_container_extras&quot;:&quot;no&quot;,&quot;_ob_column_hoveranimator&quot;:&quot;no&quot;,&quot;_ob_glider_is_slider&quot;:&quot;no&quot;,&quot;_ob_column_has_pseudo&quot;:&quot;no&quot;}\">\n\t\t\t\t\t<div class=\"e-con-inner\">\n\t\t<div class=\"elementor-element elementor-element-6f217ae e-con-full e-flex e-con e-child\" data-id=\"6f217ae\" data-element_type=\"container\" data-e-type=\"container\" data-settings=\"{&quot;_ob_use_container_extras&quot;:&quot;no&quot;,&quot;_ob_column_hoveranimator&quot;:&quot;no&quot;,&quot;_ob_glider_is_slider&quot;:&quot;no&quot;,&quot;_ob_column_has_pseudo&quot;:&quot;no&quot;}\">\n\t\t\t\t<div class=\"elementor-element elementor-element-9843b9b ob-has-background-overlay elementor-widget elementor-widget-image\" data-id=\"9843b9b\" data-element_type=\"widget\" data-e-type=\"widget\" data-settings=\"{&quot;_ob_photomorph_use&quot;:&quot;no&quot;,&quot;_ob_perspektive_use&quot;:&quot;no&quot;,&quot;_ob_poopart_use&quot;:&quot;yes&quot;,&quot;_ob_shadough_use&quot;:&quot;no&quot;,&quot;_ob_allow_hoveranimator&quot;:&quot;no&quot;,&quot;_ob_widget_stalker_use&quot;:&quot;no&quot;}\" data-widget_type=\"image.default\">\n\t\t\t\t<div class=\"elementor-widget-container\">\n\t\t\t\t\t\t\t\t\t\t\t\t\t\t\t<img fetchpriority=\"high\" decoding=\"async\" width=\"739\" height=\"1024\" src=\"https:\/\/hagemanestate.com\/wp-content\/uploads\/2025\/07\/Coen-HagemanAlairttProfilkep-739x1024.png\" class=\"attachment-large size-large wp-image-1836\" alt=\"Coen Hageman, Gr\u00fcnder von Hageman Estate und mehrsprachiger Immobilienmakler\" srcset=\"https:\/\/hagemanestate.com\/wp-content\/uploads\/2025\/07\/Coen-HagemanAlairttProfilkep-739x1024.png 739w, https:\/\/hagemanestate.com\/wp-content\/uploads\/2025\/07\/Coen-HagemanAlairttProfilkep-216x300.png 216w, https:\/\/hagemanestate.com\/wp-content\/uploads\/2025\/07\/Coen-HagemanAlairttProfilkep-768x1065.png 768w, https:\/\/hagemanestate.com\/wp-content\/uploads\/2025\/07\/Coen-HagemanAlairttProfilkep-1108x1536.png 1108w, https:\/\/hagemanestate.com\/wp-content\/uploads\/2025\/07\/Coen-HagemanAlairttProfilkep.png 1242w\" sizes=\"(max-width: 739px) 100vw, 739px\" \/>\t\t\t\t\t\t\t\t\t\t\t\t\t\t\t<\/div>\n\t\t\t\t<\/div>\n\t\t\t\t<\/div>\n\t\t<div class=\"elementor-element elementor-element-2b443db e-con-full e-flex e-con e-child\" data-id=\"2b443db\" data-element_type=\"container\" data-e-type=\"container\" data-settings=\"{&quot;_ob_use_container_extras&quot;:&quot;no&quot;,&quot;_ob_column_hoveranimator&quot;:&quot;no&quot;,&quot;_ob_glider_is_slider&quot;:&quot;no&quot;,&quot;_ob_column_has_pseudo&quot;:&quot;no&quot;}\">\n\t\t\t\t<div class=\"elementor-element elementor-element-c45a06e ob-harakiri-inherit ob-has-background-overlay elementor-widget elementor-widget-text-editor\" data-id=\"c45a06e\" data-element_type=\"widget\" data-e-type=\"widget\" data-settings=\"{&quot;_ob_use_harakiri&quot;:&quot;yes&quot;,&quot;_ob_harakiri_writing_mode&quot;:&quot;inherit&quot;,&quot;_ob_postman_use&quot;:&quot;no&quot;,&quot;_ob_perspektive_use&quot;:&quot;no&quot;,&quot;_ob_poopart_use&quot;:&quot;yes&quot;,&quot;_ob_shadough_use&quot;:&quot;no&quot;,&quot;_ob_allow_hoveranimator&quot;:&quot;no&quot;,&quot;_ob_widget_stalker_use&quot;:&quot;no&quot;}\" data-widget_type=\"text-editor.default\">\n\t\t\t\t<div class=\"elementor-widget-container\">\n\t\t\t\t\t\t\t\t\t<p>Immobilienvermittlung \u2013 transparent, professionell, ohne versteckte Kosten<\/p><p>Die Grundlage meiner Arbeit als Immobilienmakler sind Ehrlichkeit, Transparenz und echter Mehrwert.<\/p><p>Ich behaupte nicht, der Erfahrenste auf dem Markt zu sein \u2013 mit 25 Jahren w\u00e4re das auch nicht glaubw\u00fcrdig. Was ich jedoch bieten kann: ein hohes Ma\u00df an Marketing-Denken, internationale Marktkenntnisse und f\u00fcr jeden meiner Kunden Aufmerksamkeit, Flexibilit\u00e4t und echte Arbeit.<\/p><p>Was ich biete:<\/p><p>\u2705 Ma\u00dfgeschneiderte Marketingstrategie<br \/>\u2013 Ich wende sie nur dann an, wenn sie wirklich sinnvoll ist: Fotografie, Drohnenvideo, hervorgehobene Portaleintr\u00e4ge, Social-Media-Targeting usw.<br \/>\u2013 Dies geschieht meist auf meine eigenen Kosten, denn ich glaube an meine Arbeit.<\/p><p>\u2705 Keine versteckten Kosten<br \/>\u2013 Es gibt keine \u00dcberraschungen oder Tricks im Kleingedruckten.<br \/>\u2013 Die Vermittlungsgeb\u00fchr beinhaltet alles, was wir vorher besprechen.<\/p><p>\u2705 Internationale Vernetzung und gezielter Verkauf<br \/>- Ich kommuniziere in vier Sprachen: Ungarisch, Niederl\u00e4ndisch, Deutsch und Englisch<br \/>\u2013 Ich bin aktiv auf dem ungarischen, niederl\u00e4ndischen, deutschen und \u00f6sterreichischen Immobilienmarkt und daher auch beim Erreichen ausl\u00e4ndischer K\u00e4ufer effektiv.<\/p><p>\u2705 Ortskenntnis und Kontaktnetzwerk<br \/>\u2013 Ich lebe seit meinem 10. Lebensjahr im Komitat Somogy, daher kenne ich die Region, die Marktbedingungen und die lokalen Akteure gut.<br \/>\u2013 Ich arbeite haupts\u00e4chlich in den Komitaten Somogy, Tolna, Baranya und Zala, aber bei besonderen Immobilien \u00fcbernehme ich Auftr\u00e4ge im gesamten Transdanubien.<\/p><p>Ein paar Worte zur Realit\u00e4t<\/p><p>Viele denken, dass meine niederl\u00e4ndische Herkunft allein garantiert, dass eine Immobilie \u201eim Handumdrehen\u201c an einen ausl\u00e4ndischen K\u00e4ufer verkauft wird. Das funktioniert nicht so. Ich bin kein Wahrsager, aber:<\/p><p>\u27a1\ufe0f Was ich garantieren kann: Ich hole das Maximum aus der Immobilie heraus, zum besten Preis, in der k\u00fcrzestm\u00f6glichen Zeit.<br \/>\u27a1\ufe0f Ich kommuniziere jedem meiner Kunden die Marktsituation ehrlich und bin bei jedem Schritt des Prozesses dabei.<\/p><p>Wenn Sie einen Makler suchen, der wirklich aufmerksam ist und Ihre Immobilie nicht am Flie\u00dfband bearbeitet, stehe ich Ihnen gerne zur Verf\u00fcgung.<\/p>\t\t\t\t\t\t\t\t<\/div>\n\t\t\t\t<\/div>\n\t\t\t\t<\/div>\n\t\t\t\t\t<\/div>\n\t\t\t\t<\/div>\n\t\t\t\t<\/div>","protected":false},"excerpt":{"rendered":"<p>Ingatlank\u00f6zvet\u00edt\u00e9s \u2013 \u00e1tl\u00e1that\u00f3an, profin, rejtett k\u00f6lts\u00e9gek n\u00e9lk\u00fcl Az ingatlank\u00f6zvet\u00edt\u0151i munk\u00e1m alapja az \u0151szintes\u00e9g, \u00e1tl\u00e1that\u00f3s\u00e1g \u00e9s val\u00f3di hozz\u00e1adott \u00e9rt\u00e9k. Nem \u00e1ll\u00edtom, hogy \u00e9n vagyok a legtapasztaltabb a piacon \u2013 25 \u00e9vesen ez nem is lenne hiteles. Amit viszont biztos\u00edtani tudok: magas szint\u0171 marketinges gondolkod\u00e1s, nemzetk\u00f6zi piacismeret, \u00e9s minden \u00fcgyfelem sz\u00e1m\u00e1ra figyelem, rugalmass\u00e1g \u00e9s val\u00f3di munka. Amit &#8230; <a title=\"Immobilienvermittlung\" class=\"read-more\" href=\"https:\/\/hagemanestate.com\/de\/ingatlankozvetites\/\" aria-label=\"Mehr Informationen \u00fcber Ingatlank\u00f6zvet\u00edt\u00e9s\">Mehr lesen<\/a><\/p>","protected":false},"author":1,"featured_media":0,"parent":0,"menu_order":0,"comment_status":"closed","ping_status":"closed","template":"elementor_header_footer","meta":{"footnotes":""},"class_list":["post-2620","page","type-page","status-publish"],"yoast_head":"<!-- This site is optimized with the Yoast SEO Premium plugin v27.3 (Yoast SEO v27.3) - https:\/\/yoast.com\/product\/yoast-seo-premium-wordpress\/ -->\n<title>Ingatlank\u00f6zvet\u00edt\u00e9s Somogyban | Profi, \u00e1tl\u00e1that\u00f3 szolg\u00e1ltat\u00e1sok<\/title>\n<meta name=\"description\" content=\"\u00c1tl\u00e1that\u00f3 ingatlank\u00f6zvet\u00edt\u00e9s Somogy, Tolna, Baranya \u00e9s Zala megy\u00e9kben. Szem\u00e9lyre szabott marketing, nemzetk\u00f6zi kapcsolatok \u00e9s rejtett k\u00f6lts\u00e9gek n\u00e9lk\u00fcli szolg\u00e1ltat\u00e1sok.\" \/>\n<meta name=\"robots\" content=\"index, follow, max-snippet:-1, max-image-preview:large, max-video-preview:-1\" \/>\n<link rel=\"canonical\" href=\"https:\/\/hagemanestate.com\/de\/ingatlankozvetites\/\" \/>\n<meta property=\"og:locale\" content=\"de_DE\" \/>\n<meta property=\"og:type\" content=\"article\" \/>\n<meta property=\"og:title\" content=\"Ingatlank\u00f6zvet\u00edt\u00e9s\" \/>\n<meta property=\"og:description\" content=\"\u00c1tl\u00e1that\u00f3 ingatlank\u00f6zvet\u00edt\u00e9s Somogy, Tolna, Baranya \u00e9s Zala megy\u00e9kben. Szem\u00e9lyre szabott marketing, nemzetk\u00f6zi kapcsolatok \u00e9s rejtett k\u00f6lts\u00e9gek n\u00e9lk\u00fcli szolg\u00e1ltat\u00e1sok.\" \/>\n<meta property=\"og:url\" content=\"https:\/\/hagemanestate.com\/de\/ingatlankozvetites\/\" \/>\n<meta property=\"og:site_name\" content=\"hagemanestate.com\" \/>\n<meta property=\"article:publisher\" content=\"https:\/\/www.facebook.com\/coen.hageman\" \/>\n<meta property=\"article:modified_time\" content=\"2025-08-19T22:57:59+00:00\" \/>\n<meta property=\"og:image\" content=\"https:\/\/hagemanestate.com\/wp-content\/uploads\/2025\/07\/Coen-HagemanAlairttProfilkep-739x1024.png\" \/>\n<meta name=\"twitter:card\" content=\"summary_large_image\" \/>\n<meta name=\"twitter:label1\" content=\"Gesch\u00e4tzte Lesezeit\" \/>\n\t<meta name=\"twitter:data1\" content=\"2\u00a0Minuten\" \/>\n<script type=\"application\/ld+json\" class=\"yoast-schema-graph\">{\"@context\":\"https:\\\/\\\/schema.org\",\"@graph\":[{\"@type\":\"WebPage\",\"@id\":\"https:\\\/\\\/hagemanestate.com\\\/ingatlankozvetites\\\/\",\"url\":\"https:\\\/\\\/hagemanestate.com\\\/ingatlankozvetites\\\/\",\"name\":\"Ingatlank\u00f6zvet\u00edt\u00e9s Somogyban | Profi, \u00e1tl\u00e1that\u00f3 szolg\u00e1ltat\u00e1sok\",\"isPartOf\":{\"@id\":\"https:\\\/\\\/hagemanestate.com\\\/#website\"},\"primaryImageOfPage\":{\"@id\":\"https:\\\/\\\/hagemanestate.com\\\/ingatlankozvetites\\\/#primaryimage\"},\"image\":{\"@id\":\"https:\\\/\\\/hagemanestate.com\\\/ingatlankozvetites\\\/#primaryimage\"},\"thumbnailUrl\":\"https:\\\/\\\/hagemanestate.com\\\/wp-content\\\/uploads\\\/2025\\\/07\\\/Coen-HagemanAlairttProfilkep-739x1024.png\",\"datePublished\":\"2025-07-18T21:58:36+00:00\",\"dateModified\":\"2025-08-19T22:57:59+00:00\",\"description\":\"\u00c1tl\u00e1that\u00f3 ingatlank\u00f6zvet\u00edt\u00e9s Somogy, Tolna, Baranya \u00e9s Zala megy\u00e9kben. Szem\u00e9lyre szabott marketing, nemzetk\u00f6zi kapcsolatok \u00e9s rejtett k\u00f6lts\u00e9gek n\u00e9lk\u00fcli szolg\u00e1ltat\u00e1sok.\",\"breadcrumb\":{\"@id\":\"https:\\\/\\\/hagemanestate.com\\\/ingatlankozvetites\\\/#breadcrumb\"},\"inLanguage\":\"de\",\"potentialAction\":[{\"@type\":\"ReadAction\",\"target\":[\"https:\\\/\\\/hagemanestate.com\\\/ingatlankozvetites\\\/\"]}]},{\"@type\":\"ImageObject\",\"inLanguage\":\"de\",\"@id\":\"https:\\\/\\\/hagemanestate.com\\\/ingatlankozvetites\\\/#primaryimage\",\"url\":\"https:\\\/\\\/hagemanestate.com\\\/wp-content\\\/uploads\\\/2025\\\/07\\\/Coen-HagemanAlairttProfilkep-739x1024.png\",\"contentUrl\":\"https:\\\/\\\/hagemanestate.com\\\/wp-content\\\/uploads\\\/2025\\\/07\\\/Coen-HagemanAlairttProfilkep-739x1024.png\"},{\"@type\":\"BreadcrumbList\",\"@id\":\"https:\\\/\\\/hagemanestate.com\\\/ingatlankozvetites\\\/#breadcrumb\",\"itemListElement\":[{\"@type\":\"ListItem\",\"position\":1,\"name\":\"Kezd\u0151lap\",\"item\":\"https:\\\/\\\/hagemanestate.com\\\/\"},{\"@type\":\"ListItem\",\"position\":2,\"name\":\"Ingatlank\u00f6zvet\u00edt\u00e9s\"}]},{\"@type\":\"WebSite\",\"@id\":\"https:\\\/\\\/hagemanestate.com\\\/#website\",\"url\":\"https:\\\/\\\/hagemanestate.com\\\/\",\"name\":\"hagemanestate.com\",\"description\":\"\ud83c\udded\ud83c\uddfa Magyar: Ingatlank\u00f6zvet\u00edt\u0151 Somogyban \u2013 Elad\u00f3 \u00e9s kiad\u00f3 h\u00e1zak, lak\u00e1sok | Hageman Estate   \ud83c\uddec\ud83c\udde7 English: Real Estate Hungary \u2013 Buy or rent property in Somogy | Hageman Estate   \ud83c\udde9\ud83c\uddea Immobilien Ungarn \u2013 Kaufen oder mieten in der Region Somogy | Hageman Estate   \ud83c\uddf3\ud83c\uddf1 Nederlands: Makelaar Hongarije \u2013 Koop of huur vastgoed in Somogy | Hageman Estate\",\"publisher\":{\"@id\":\"https:\\\/\\\/hagemanestate.com\\\/#organization\"},\"potentialAction\":[{\"@type\":\"SearchAction\",\"target\":{\"@type\":\"EntryPoint\",\"urlTemplate\":\"https:\\\/\\\/hagemanestate.com\\\/?s={search_term_string}\"},\"query-input\":{\"@type\":\"PropertyValueSpecification\",\"valueRequired\":true,\"valueName\":\"search_term_string\"}}],\"inLanguage\":\"de\"},{\"@type\":\"Organization\",\"@id\":\"https:\\\/\\\/hagemanestate.com\\\/#organization\",\"name\":\"hagemanestate.com\",\"url\":\"https:\\\/\\\/hagemanestate.com\\\/\",\"logo\":{\"@type\":\"ImageObject\",\"inLanguage\":\"de\",\"@id\":\"https:\\\/\\\/hagemanestate.com\\\/#\\\/schema\\\/logo\\\/image\\\/\",\"url\":\"https:\\\/\\\/hagemanestate.com\\\/wp-content\\\/uploads\\\/2025\\\/05\\\/2025.-01.-30.-17_18_09-1024x575.png\",\"contentUrl\":\"https:\\\/\\\/hagemanestate.com\\\/wp-content\\\/uploads\\\/2025\\\/05\\\/2025.-01.-30.-17_18_09-1024x575.png\",\"width\":1024,\"height\":575,\"caption\":\"hagemanestate.com\"},\"image\":{\"@id\":\"https:\\\/\\\/hagemanestate.com\\\/#\\\/schema\\\/logo\\\/image\\\/\"},\"sameAs\":[\"https:\\\/\\\/www.facebook.com\\\/coen.hageman\",\"https:\\\/\\\/www.instagram.com\\\/coenhagemanestate\\\/\",\"https:\\\/\\\/www.tiktok.com\\\/@coenhagemaningatlan\"],\"description\":\"Hageman Estate is een gecertificeerd makelaarskantoor in de provincie Somogy, Hongarije. Wij zijn gespecialiseerd in de aan- en verkoop van landelijk vastgoed en begeleiden buitenlandse kopers \u2013 voornamelijk uit Nederland en West-Europa \u2013 persoonlijk van de eerste bezichtiging tot de sleuteloverdracht.\",\"email\":\"coenhageman@gmail.com\",\"telephone\":\"+36 30 391 9975\",\"legalName\":\"Hageman Estate\",\"foundingDate\":\"2025-07-04\",\"numberOfEmployees\":{\"@type\":\"QuantitativeValue\",\"minValue\":\"1\",\"maxValue\":\"10\"}}]}<\/script>\n<!-- \/ Yoast SEO Premium plugin. -->","yoast_head_json":{"title":"Immobilienb\u00fcro in Somogy | Professionelle und transparente Dienstleistungen","description":"Transparente Vermittlung von Immobilien in den Komitaten Somogy, Tolna, Baranya und Zala. Personalisiertes Marketing, internationale Kontakte und Dienstleistungen ohne versteckte Kosten.","robots":{"index":"index","follow":"follow","max-snippet":"max-snippet:-1","max-image-preview":"max-image-preview:large","max-video-preview":"max-video-preview:-1"},"canonical":"https:\/\/hagemanestate.com\/de\/ingatlankozvetites\/","og_locale":"de_DE","og_type":"article","og_title":"Ingatlank\u00f6zvet\u00edt\u00e9s","og_description":"\u00c1tl\u00e1that\u00f3 ingatlank\u00f6zvet\u00edt\u00e9s Somogy, Tolna, Baranya \u00e9s Zala megy\u00e9kben. Szem\u00e9lyre szabott marketing, nemzetk\u00f6zi kapcsolatok \u00e9s rejtett k\u00f6lts\u00e9gek n\u00e9lk\u00fcli szolg\u00e1ltat\u00e1sok.","og_url":"https:\/\/hagemanestate.com\/de\/ingatlankozvetites\/","og_site_name":"hagemanestate.com","article_publisher":"https:\/\/www.facebook.com\/coen.hageman","article_modified_time":"2025-08-19T22:57:59+00:00","og_image":[{"url":"https:\/\/hagemanestate.com\/wp-content\/uploads\/2025\/07\/Coen-HagemanAlairttProfilkep-739x1024.png","type":"","width":"","height":""}],"twitter_card":"summary_large_image","twitter_misc":{"Gesch\u00e4tzte Lesezeit":"2\u00a0Minuten"},"schema":{"@context":"https:\/\/schema.org","@graph":[{"@type":"WebPage","@id":"https:\/\/hagemanestate.com\/ingatlankozvetites\/","url":"https:\/\/hagemanestate.com\/ingatlankozvetites\/","name":"Immobilienb\u00fcro in Somogy | Professionelle und transparente Dienstleistungen","isPartOf":{"@id":"https:\/\/hagemanestate.com\/#website"},"primaryImageOfPage":{"@id":"https:\/\/hagemanestate.com\/ingatlankozvetites\/#primaryimage"},"image":{"@id":"https:\/\/hagemanestate.com\/ingatlankozvetites\/#primaryimage"},"thumbnailUrl":"https:\/\/hagemanestate.com\/wp-content\/uploads\/2025\/07\/Coen-HagemanAlairttProfilkep-739x1024.png","datePublished":"2025-07-18T21:58:36+00:00","dateModified":"2025-08-19T22:57:59+00:00","description":"Transparente Vermittlung von Immobilien in den Komitaten Somogy, Tolna, Baranya und Zala. Personalisiertes Marketing, internationale Kontakte und Dienstleistungen ohne versteckte Kosten.","breadcrumb":{"@id":"https:\/\/hagemanestate.com\/ingatlankozvetites\/#breadcrumb"},"inLanguage":"de","potentialAction":[{"@type":"ReadAction","target":["https:\/\/hagemanestate.com\/ingatlankozvetites\/"]}]},{"@type":"ImageObject","inLanguage":"de","@id":"https:\/\/hagemanestate.com\/ingatlankozvetites\/#primaryimage","url":"https:\/\/hagemanestate.com\/wp-content\/uploads\/2025\/07\/Coen-HagemanAlairttProfilkep-739x1024.png","contentUrl":"https:\/\/hagemanestate.com\/wp-content\/uploads\/2025\/07\/Coen-HagemanAlairttProfilkep-739x1024.png"},{"@type":"BreadcrumbList","@id":"https:\/\/hagemanestate.com\/ingatlankozvetites\/#breadcrumb","itemListElement":[{"@type":"ListItem","position":1,"name":"Kezd\u0151lap","item":"https:\/\/hagemanestate.com\/"},{"@type":"ListItem","position":2,"name":"Ingatlank\u00f6zvet\u00edt\u00e9s"}]},{"@type":"WebSite","@id":"https:\/\/hagemanestate.com\/#website","url":"https:\/\/hagemanestate.com\/","name":"hagemanestate.com","description":"\ud83c\udded\ud83c\uddfa Englisch: Real Estate Hungary - Kaufen oder mieten Sie eine Immobilie in Somogy | Hageman Estate \ud83c\uddec\ud83c\udde7 Englisch: Real Estate Hungary - Kaufen oder mieten Sie eine Immobilie in Somogy | Hageman Estate \ud83c\udde9\ud83c\uddea Ungarn, Immobilien - Kaufen oder mieten in Somogy | Hageman Estate \ud83c\uddf3\ud83c\uddf1 Nederlands: Makelaar Hongarije - Koop of huur vastgoed in Somogy | Hageman Estate","publisher":{"@id":"https:\/\/hagemanestate.com\/#organization"},"potentialAction":[{"@type":"SearchAction","target":{"@type":"EntryPoint","urlTemplate":"https:\/\/hagemanestate.com\/?s={search_term_string}"},"query-input":{"@type":"PropertyValueSpecification","valueRequired":true,"valueName":"search_term_string"}}],"inLanguage":"de"},{"@type":"Organization","@id":"https:\/\/hagemanestate.com\/#organization","name":"hagemanestate.com","url":"https:\/\/hagemanestate.com\/","logo":{"@type":"ImageObject","inLanguage":"de","@id":"https:\/\/hagemanestate.com\/#\/schema\/logo\/image\/","url":"https:\/\/hagemanestate.com\/wp-content\/uploads\/2025\/05\/2025.-01.-30.-17_18_09-1024x575.png","contentUrl":"https:\/\/hagemanestate.com\/wp-content\/uploads\/2025\/05\/2025.-01.-30.-17_18_09-1024x575.png","width":1024,"height":575,"caption":"hagemanestate.com"},"image":{"@id":"https:\/\/hagemanestate.com\/#\/schema\/logo\/image\/"},"sameAs":["https:\/\/www.facebook.com\/coen.hageman","https:\/\/www.instagram.com\/coenhagemanestate\/","https:\/\/www.tiktok.com\/@coenhagemaningatlan"],"description":"Hageman Estate ist eine gepr\u00fcfte Maklerfirma in der Provinz Somogy, Hongkarije. Wir sind spezialisiert auf die Vermittlung und den Verkauf von Landg\u00fctern und betreuen Kunden aus den Niederlanden und Westeuropa - von der ersten Besichtigung bis zur Nachforschung.","email":"coenhageman@gmail.com","telephone":"+36 30 391 9975","legalName":"Hageman Estate","foundingDate":"2025-07-04","numberOfEmployees":{"@type":"QuantitativeValue","minValue":"1","maxValue":"10"}}]}},"_links":{"self":[{"href":"https:\/\/hagemanestate.com\/de\/wp-json\/wp\/v2\/pages\/2620","targetHints":{"allow":["GET"]}}],"collection":[{"href":"https:\/\/hagemanestate.com\/de\/wp-json\/wp\/v2\/pages"}],"about":[{"href":"https:\/\/hagemanestate.com\/de\/wp-json\/wp\/v2\/types\/page"}],"author":[{"embeddable":true,"href":"https:\/\/hagemanestate.com\/de\/wp-json\/wp\/v2\/users\/1"}],"replies":[{"embeddable":true,"href":"https:\/\/hagemanestate.com\/de\/wp-json\/wp\/v2\/comments?post=2620"}],"version-history":[{"count":0,"href":"https:\/\/hagemanestate.com\/de\/wp-json\/wp\/v2\/pages\/2620\/revisions"}],"wp:attachment":[{"href":"https:\/\/hagemanestate.com\/de\/wp-json\/wp\/v2\/media?parent=2620"}],"curies":[{"name":"wp","href":"https:\/\/api.w.org\/{rel}","templated":true}]}}