{"id":1518,"date":"2025-05-21T08:03:23","date_gmt":"2025-05-21T08:03:23","guid":{"rendered":"https:\/\/hagemanestate.com\/?page_id=1518"},"modified":"2025-08-05T20:35:26","modified_gmt":"2025-08-05T20:35:26","slug":"kontakte","status":"publish","type":"page","link":"https:\/\/hagemanestate.com\/de\/kapcsolatok\/","title":{"rendered":"Kontakte"},"content":{"rendered":"<div data-elementor-type=\"wp-page\" data-elementor-id=\"1518\" class=\"elementor elementor-1518\" data-elementor-post-type=\"page\">\n\t\t\t\t<div class=\"elementor-element elementor-element-e4d1156 e-flex e-con-boxed e-con e-parent\" data-id=\"e4d1156\" data-element_type=\"container\" data-e-type=\"container\" data-settings=\"{&quot;_ob_use_container_extras&quot;:&quot;no&quot;,&quot;_ob_column_hoveranimator&quot;:&quot;no&quot;,&quot;_ob_glider_is_slider&quot;:&quot;no&quot;,&quot;_ob_column_has_pseudo&quot;:&quot;no&quot;}\">\n\t\t\t\t\t<div class=\"e-con-inner\">\n\t\t<div class=\"elementor-element elementor-element-d78bfb0 e-con-full e-flex e-con e-child\" data-id=\"d78bfb0\" data-element_type=\"container\" data-e-type=\"container\" data-settings=\"{&quot;_ob_use_container_extras&quot;:&quot;no&quot;,&quot;_ob_column_hoveranimator&quot;:&quot;no&quot;,&quot;_ob_glider_is_slider&quot;:&quot;no&quot;,&quot;_ob_column_has_pseudo&quot;:&quot;no&quot;}\">\n\t\t\t\t<div class=\"elementor-element elementor-element-68ca53c ob-has-background-overlay elementor-widget elementor-widget-image\" data-id=\"68ca53c\" data-element_type=\"widget\" data-e-type=\"widget\" data-settings=\"{&quot;_ob_photomorph_use&quot;:&quot;no&quot;,&quot;_ob_perspektive_use&quot;:&quot;no&quot;,&quot;_ob_poopart_use&quot;:&quot;yes&quot;,&quot;_ob_shadough_use&quot;:&quot;no&quot;,&quot;_ob_allow_hoveranimator&quot;:&quot;no&quot;,&quot;_ob_widget_stalker_use&quot;:&quot;no&quot;}\" data-widget_type=\"image.default\">\n\t\t\t\t<div class=\"elementor-widget-container\">\n\t\t\t\t\t\t\t\t\t\t\t\t\t\t\t<img fetchpriority=\"high\" decoding=\"async\" width=\"924\" height=\"1024\" src=\"https:\/\/hagemanestate.com\/wp-content\/uploads\/2025\/05\/CH-szemelyesen-2.0-1-924x1024.jpg\" class=\"attachment-large size-large wp-image-1469\" alt=\"\" srcset=\"https:\/\/hagemanestate.com\/wp-content\/uploads\/2025\/05\/CH-szemelyesen-2.0-1-924x1024.jpg 924w, https:\/\/hagemanestate.com\/wp-content\/uploads\/2025\/05\/CH-szemelyesen-2.0-1-271x300.jpg 271w, https:\/\/hagemanestate.com\/wp-content\/uploads\/2025\/05\/CH-szemelyesen-2.0-1-768x851.jpg 768w, https:\/\/hagemanestate.com\/wp-content\/uploads\/2025\/05\/CH-szemelyesen-2.0-1.jpg 1242w\" sizes=\"(max-width: 924px) 100vw, 924px\" \/>\t\t\t\t\t\t\t\t\t\t\t\t\t\t\t<\/div>\n\t\t\t\t<\/div>\n\t\t\t\t<\/div>\n\t\t<div class=\"elementor-element elementor-element-7abba69 e-con-full e-flex e-con e-child\" data-id=\"7abba69\" data-element_type=\"container\" data-e-type=\"container\" data-settings=\"{&quot;_ob_use_container_extras&quot;:&quot;no&quot;,&quot;_ob_column_hoveranimator&quot;:&quot;no&quot;,&quot;_ob_glider_is_slider&quot;:&quot;no&quot;,&quot;_ob_column_has_pseudo&quot;:&quot;no&quot;}\">\n\t\t\t\t<div class=\"elementor-element elementor-element-75f6eec ob-harakiri-inherit ob-has-background-overlay elementor-widget elementor-widget-heading\" data-id=\"75f6eec\" data-element_type=\"widget\" data-e-type=\"widget\" data-settings=\"{&quot;_ob_use_harakiri&quot;:&quot;yes&quot;,&quot;_ob_harakiri_writing_mode&quot;:&quot;inherit&quot;,&quot;_ob_harakiri_text_clip&quot;:&quot;none&quot;,&quot;_ob_perspektive_use&quot;:&quot;no&quot;,&quot;_ob_poopart_use&quot;:&quot;yes&quot;,&quot;_ob_shadough_use&quot;:&quot;no&quot;,&quot;_ob_allow_hoveranimator&quot;:&quot;no&quot;,&quot;_ob_widget_stalker_use&quot;:&quot;no&quot;}\" data-widget_type=\"heading.default\">\n\t\t\t\t<div class=\"elementor-widget-container\">\n\t\t\t\t\t<h2 class=\"elementor-heading-title elementor-size-default\">Kontakte<\/h2>\t\t\t\t<\/div>\n\t\t\t\t<\/div>\n\t\t\t\t<div class=\"elementor-element elementor-element-b08d321 ob-harakiri-inherit ob-has-background-overlay elementor-widget elementor-widget-text-editor\" data-id=\"b08d321\" data-element_type=\"widget\" data-e-type=\"widget\" data-settings=\"{&quot;_ob_use_harakiri&quot;:&quot;yes&quot;,&quot;_ob_harakiri_writing_mode&quot;:&quot;inherit&quot;,&quot;_ob_postman_use&quot;:&quot;no&quot;,&quot;_ob_perspektive_use&quot;:&quot;no&quot;,&quot;_ob_poopart_use&quot;:&quot;yes&quot;,&quot;_ob_shadough_use&quot;:&quot;no&quot;,&quot;_ob_allow_hoveranimator&quot;:&quot;no&quot;,&quot;_ob_widget_stalker_use&quot;:&quot;no&quot;}\" data-widget_type=\"text-editor.default\">\n\t\t\t\t<div class=\"elementor-widget-container\">\n\t\t\t\t\t\t\t\t\t<p>Lorem ipsum dolor sit amet, consectetur adipiscing elit. Ut elit tellus, luctus nec ullamcorper mattis, pulvinar dapibus leo.<\/p>\t\t\t\t\t\t\t\t<\/div>\n\t\t\t\t<\/div>\n\t\t\t\t<div class=\"elementor-element elementor-element-3b2821d elementor-icon-list--layout-traditional elementor-list-item-link-full_width ob-has-background-overlay elementor-widget elementor-widget-icon-list\" data-id=\"3b2821d\" data-element_type=\"widget\" data-e-type=\"widget\" data-settings=\"{&quot;_ob_perspektive_use&quot;:&quot;no&quot;,&quot;_ob_poopart_use&quot;:&quot;yes&quot;,&quot;_ob_shadough_use&quot;:&quot;no&quot;,&quot;_ob_allow_hoveranimator&quot;:&quot;no&quot;,&quot;_ob_widget_stalker_use&quot;:&quot;no&quot;}\" data-widget_type=\"icon-list.default\">\n\t\t\t\t<div class=\"elementor-widget-container\">\n\t\t\t\t\t\t\t<ul class=\"elementor-icon-list-items\">\n\t\t\t\t\t\t\t<li class=\"elementor-icon-list-item\">\n\t\t\t\t\t\t\t\t\t\t\t<span class=\"elementor-icon-list-icon\">\n\t\t\t\t\t\t\t<svg aria-hidden=\"true\" class=\"e-font-icon-svg e-fas-phone-alt\" viewbox=\"0 0 512 512\" xmlns=\"http:\/\/www.w3.org\/2000\/svg\"><path d=\"M497.39 361.8l-112-48a24 24 0 0 0-28 6.9l-49.6 60.6A370.66 370.66 0 0 1 130.6 204.11l60.6-49.6a23.94 23.94 0 0 0 6.9-28l-48-112A24.16 24.16 0 0 0 122.6.61l-104 24A24 24 0 0 0 0 48c0 256.5 207.9 464 464 464a24 24 0 0 0 23.4-18.6l24-104a24.29 24.29 0 0 0-14.01-27.6z\"><\/path><\/svg>\t\t\t\t\t\t<\/span>\n\t\t\t\t\t\t\t\t\t\t<span class=\"elementor-icon-list-text\">List Item #3<\/span>\n\t\t\t\t\t\t\t\t\t<\/li>\n\t\t\t\t\t\t\t\t<li class=\"elementor-icon-list-item\">\n\t\t\t\t\t\t\t\t\t\t\t<span class=\"elementor-icon-list-icon\">\n\t\t\t\t\t\t\t<svg aria-hidden=\"true\" class=\"e-font-icon-svg e-fas-mail-bulk\" viewbox=\"0 0 576 512\" xmlns=\"http:\/\/www.w3.org\/2000\/svg\"><path d=\"M160 448c-25.6 0-51.2-22.4-64-32-64-44.8-83.2-60.8-96-70.4V480c0 17.67 14.33 32 32 32h256c17.67 0 32-14.33 32-32V345.6c-12.8 9.6-32 25.6-96 70.4-12.8 9.6-38.4 32-64 32zm128-192H32c-17.67 0-32 14.33-32 32v16c25.6 19.2 22.4 19.2 115.2 86.4 9.6 6.4 28.8 25.6 44.8 25.6s35.2-19.2 44.8-22.4c92.8-67.2 89.6-67.2 115.2-86.4V288c0-17.67-14.33-32-32-32zm256-96H224c-17.67 0-32 14.33-32 32v32h96c33.21 0 60.59 25.42 63.71 57.82l.29-.22V416h192c17.67 0 32-14.33 32-32V192c0-17.67-14.33-32-32-32zm-32 128h-64v-64h64v64zm-352-96c0-35.29 28.71-64 64-64h224V32c0-17.67-14.33-32-32-32H96C78.33 0 64 14.33 64 32v192h96v-32z\"><\/path><\/svg>\t\t\t\t\t\t<\/span>\n\t\t\t\t\t\t\t\t\t\t<span class=\"elementor-icon-list-text\">Posten auflisten<\/span>\n\t\t\t\t\t\t\t\t\t<\/li>\n\t\t\t\t\t\t\t\t<li class=\"elementor-icon-list-item\">\n\t\t\t\t\t\t\t\t\t\t\t<span class=\"elementor-icon-list-icon\">\n\t\t\t\t\t\t\t<svg aria-hidden=\"true\" class=\"e-font-icon-svg e-fab-tiktok\" viewbox=\"0 0 448 512\" xmlns=\"http:\/\/www.w3.org\/2000\/svg\"><path d=\"M448,209.91a210.06,210.06,0,0,1-122.77-39.25V349.38A162.55,162.55,0,1,1,185,188.31V278.2a74.62,74.62,0,1,0,52.23,71.18V0l88,0a121.18,121.18,0,0,0,1.86,22.17h0A122.18,122.18,0,0,0,381,102.39a121.43,121.43,0,0,0,67,20.14Z\"><\/path><\/svg>\t\t\t\t\t\t<\/span>\n\t\t\t\t\t\t\t\t\t\t<span class=\"elementor-icon-list-text\">List Item #1<\/span>\n\t\t\t\t\t\t\t\t\t<\/li>\n\t\t\t\t\t\t\t\t<li class=\"elementor-icon-list-item\">\n\t\t\t\t\t\t\t\t\t\t\t<span class=\"elementor-icon-list-icon\">\n\t\t\t\t\t\t\t<svg aria-hidden=\"true\" class=\"e-font-icon-svg e-fab-instagram\" viewbox=\"0 0 448 512\" xmlns=\"http:\/\/www.w3.org\/2000\/svg\"><path d=\"M224.1 141c-63.6 0-114.9 51.3-114.9 114.9s51.3 114.9 114.9 114.9S339 319.5 339 255.9 287.7 141 224.1 141zm0 189.6c-41.1 0-74.7-33.5-74.7-74.7s33.5-74.7 74.7-74.7 74.7 33.5 74.7 74.7-33.6 74.7-74.7 74.7zm146.4-194.3c0 14.9-12 26.8-26.8 26.8-14.9 0-26.8-12-26.8-26.8s12-26.8 26.8-26.8 26.8 12 26.8 26.8zm76.1 27.2c-1.7-35.9-9.9-67.7-36.2-93.9-26.2-26.2-58-34.4-93.9-36.2-37-2.1-147.9-2.1-184.9 0-35.8 1.7-67.6 9.9-93.9 36.1s-34.4 58-36.2 93.9c-2.1 37-2.1 147.9 0 184.9 1.7 35.9 9.9 67.7 36.2 93.9s58 34.4 93.9 36.2c37 2.1 147.9 2.1 184.9 0 35.9-1.7 67.7-9.9 93.9-36.2 26.2-26.2 34.4-58 36.2-93.9 2.1-37 2.1-147.8 0-184.8zM398.8 388c-7.8 19.6-22.9 34.7-42.6 42.6-29.5 11.7-99.5 9-132.1 9s-102.7 2.6-132.1-9c-19.6-7.8-34.7-22.9-42.6-42.6-11.7-29.5-9-99.5-9-132.1s-2.6-102.7 9-132.1c7.8-19.6 22.9-34.7 42.6-42.6 29.5-11.7 99.5-9 132.1-9s102.7-2.6 132.1 9c19.6 7.8 34.7 22.9 42.6 42.6 11.7 29.5 9 99.5 9 132.1s2.7 102.7-9 132.1z\"><\/path><\/svg>\t\t\t\t\t\t<\/span>\n\t\t\t\t\t\t\t\t\t\t<span class=\"elementor-icon-list-text\">List Item #2<\/span>\n\t\t\t\t\t\t\t\t\t<\/li>\n\t\t\t\t\t\t\t\t<li class=\"elementor-icon-list-item\">\n\t\t\t\t\t\t\t\t\t\t\t<span class=\"elementor-icon-list-icon\">\n\t\t\t\t\t\t\t<svg aria-hidden=\"true\" class=\"e-font-icon-svg e-fab-facebook\" viewbox=\"0 0 512 512\" xmlns=\"http:\/\/www.w3.org\/2000\/svg\"><path d=\"M504 256C504 119 393 8 256 8S8 119 8 256c0 123.78 90.69 226.38 209.25 245V327.69h-63V256h63v-54.64c0-62.15 37-96.48 93.67-96.48 27.14 0 55.52 4.84 55.52 4.84v61h-31.28c-30.8 0-40.41 19.12-40.41 38.73V256h68.78l-11 71.69h-57.78V501C413.31 482.38 504 379.78 504 256z\"><\/path><\/svg>\t\t\t\t\t\t<\/span>\n\t\t\t\t\t\t\t\t\t\t<span class=\"elementor-icon-list-text\">Posten auflisten<\/span>\n\t\t\t\t\t\t\t\t\t<\/li>\n\t\t\t\t\t\t<\/ul>\n\t\t\t\t\t\t<\/div>\n\t\t\t\t<\/div>\n\t\t\t\t<\/div>\n\t\t\t\t\t<\/div>\n\t\t\t\t<\/div>\n\t\t\t\t<\/div>","protected":false},"excerpt":{"rendered":"<p>Beziehungen Lorem ipsum dolor sit amet, consectetur adipiscing elit. Ut elit tellus, luctus nec ullamcorper mattis, pulvinar dapibus leo. Liste Posten #3 Liste Posten Liste Posten Liste Posten #1 Liste Posten #2 Liste Posten<\/p>","protected":false},"author":1,"featured_media":0,"parent":0,"menu_order":0,"comment_status":"closed","ping_status":"closed","template":"","meta":{"footnotes":""},"class_list":["post-1518","page","type-page","status-publish"],"yoast_head":"<!-- This site is optimized with the Yoast SEO Premium plugin v27.3 (Yoast SEO v27.3) - https:\/\/yoast.com\/product\/yoast-seo-premium-wordpress\/ -->\n<title>L\u00e9pjen kapcsolatba az ingatlanossal | Hageman Estate Kapcsolat<\/title>\n<meta name=\"description\" content=\"L\u00e9pjen kapcsolatba Hageman Estate ingatlanossal telefonon vagy emailben! +36 30 391 9975, info@hagemanestate.com \u2013 Seg\u00edt\u00fcnk megtal\u00e1lni \u00e1lmai otthon\u00e1t.\" \/>\n<meta name=\"robots\" content=\"index, follow, max-snippet:-1, max-image-preview:large, max-video-preview:-1\" \/>\n<link rel=\"canonical\" href=\"https:\/\/hagemanestate.com\/de\/kontakte\/\" \/>\n<meta property=\"og:locale\" content=\"de_DE\" \/>\n<meta property=\"og:type\" content=\"article\" \/>\n<meta property=\"og:title\" content=\"Kapcsolatok\" \/>\n<meta property=\"og:description\" content=\"L\u00e9pjen kapcsolatba Hageman Estate ingatlanossal telefonon vagy emailben! +36 30 391 9975, info@hagemanestate.com \u2013 Seg\u00edt\u00fcnk megtal\u00e1lni \u00e1lmai otthon\u00e1t.\" \/>\n<meta property=\"og:url\" content=\"https:\/\/hagemanestate.com\/de\/kontakte\/\" \/>\n<meta property=\"og:site_name\" content=\"hagemanestate.com\" \/>\n<meta property=\"article:publisher\" content=\"https:\/\/www.facebook.com\/coen.hageman\" \/>\n<meta property=\"article:modified_time\" content=\"2025-08-05T20:35:26+00:00\" \/>\n<meta property=\"og:image\" content=\"https:\/\/hagemanestate.com\/wp-content\/uploads\/2025\/05\/CH-szemelyesen-2.0-1-924x1024.jpg\" \/>\n<meta name=\"twitter:card\" content=\"summary_large_image\" \/>\n<meta name=\"twitter:label1\" content=\"Gesch\u00e4tzte Lesezeit\" \/>\n\t<meta name=\"twitter:data1\" content=\"1\u00a0Minute\" \/>\n<script type=\"application\/ld+json\" class=\"yoast-schema-graph\">{\"@context\":\"https:\\\/\\\/schema.org\",\"@graph\":[{\"@type\":\"WebPage\",\"@id\":\"https:\\\/\\\/hagemanestate.com\\\/kapcsolatok\\\/\",\"url\":\"https:\\\/\\\/hagemanestate.com\\\/kapcsolatok\\\/\",\"name\":\"L\u00e9pjen kapcsolatba az ingatlanossal | Hageman Estate Kapcsolat\",\"isPartOf\":{\"@id\":\"https:\\\/\\\/hagemanestate.com\\\/#website\"},\"primaryImageOfPage\":{\"@id\":\"https:\\\/\\\/hagemanestate.com\\\/kapcsolatok\\\/#primaryimage\"},\"image\":{\"@id\":\"https:\\\/\\\/hagemanestate.com\\\/kapcsolatok\\\/#primaryimage\"},\"thumbnailUrl\":\"https:\\\/\\\/hagemanestate.com\\\/wp-content\\\/uploads\\\/2025\\\/05\\\/CH-szemelyesen-2.0-1-924x1024.jpg\",\"datePublished\":\"2025-05-21T08:03:23+00:00\",\"dateModified\":\"2025-08-05T20:35:26+00:00\",\"description\":\"L\u00e9pjen kapcsolatba Hageman Estate ingatlanossal telefonon vagy emailben! +36 30 391 9975, info@hagemanestate.com \u2013 Seg\u00edt\u00fcnk megtal\u00e1lni \u00e1lmai otthon\u00e1t.\",\"breadcrumb\":{\"@id\":\"https:\\\/\\\/hagemanestate.com\\\/kapcsolatok\\\/#breadcrumb\"},\"inLanguage\":\"de\",\"potentialAction\":[{\"@type\":\"ReadAction\",\"target\":[\"https:\\\/\\\/hagemanestate.com\\\/kapcsolatok\\\/\"]}]},{\"@type\":\"ImageObject\",\"inLanguage\":\"de\",\"@id\":\"https:\\\/\\\/hagemanestate.com\\\/kapcsolatok\\\/#primaryimage\",\"url\":\"https:\\\/\\\/hagemanestate.com\\\/wp-content\\\/uploads\\\/2025\\\/05\\\/CH-szemelyesen-2.0-1-924x1024.jpg\",\"contentUrl\":\"https:\\\/\\\/hagemanestate.com\\\/wp-content\\\/uploads\\\/2025\\\/05\\\/CH-szemelyesen-2.0-1-924x1024.jpg\"},{\"@type\":\"BreadcrumbList\",\"@id\":\"https:\\\/\\\/hagemanestate.com\\\/kapcsolatok\\\/#breadcrumb\",\"itemListElement\":[{\"@type\":\"ListItem\",\"position\":1,\"name\":\"Kezd\u0151lap\",\"item\":\"https:\\\/\\\/hagemanestate.com\\\/\"},{\"@type\":\"ListItem\",\"position\":2,\"name\":\"Kapcsolatok\"}]},{\"@type\":\"WebSite\",\"@id\":\"https:\\\/\\\/hagemanestate.com\\\/#website\",\"url\":\"https:\\\/\\\/hagemanestate.com\\\/\",\"name\":\"hagemanestate.com\",\"description\":\"\ud83c\udded\ud83c\uddfa Magyar: Ingatlank\u00f6zvet\u00edt\u0151 Somogyban \u2013 Elad\u00f3 \u00e9s kiad\u00f3 h\u00e1zak, lak\u00e1sok | Hageman Estate   \ud83c\uddec\ud83c\udde7 English: Real Estate Hungary \u2013 Buy or rent property in Somogy | Hageman Estate   \ud83c\udde9\ud83c\uddea Immobilien Ungarn \u2013 Kaufen oder mieten in der Region Somogy | Hageman Estate   \ud83c\uddf3\ud83c\uddf1 Nederlands: Makelaar Hongarije \u2013 Koop of huur vastgoed in Somogy | Hageman Estate\",\"publisher\":{\"@id\":\"https:\\\/\\\/hagemanestate.com\\\/#organization\"},\"potentialAction\":[{\"@type\":\"SearchAction\",\"target\":{\"@type\":\"EntryPoint\",\"urlTemplate\":\"https:\\\/\\\/hagemanestate.com\\\/?s={search_term_string}\"},\"query-input\":{\"@type\":\"PropertyValueSpecification\",\"valueRequired\":true,\"valueName\":\"search_term_string\"}}],\"inLanguage\":\"de\"},{\"@type\":\"Organization\",\"@id\":\"https:\\\/\\\/hagemanestate.com\\\/#organization\",\"name\":\"hagemanestate.com\",\"url\":\"https:\\\/\\\/hagemanestate.com\\\/\",\"logo\":{\"@type\":\"ImageObject\",\"inLanguage\":\"de\",\"@id\":\"https:\\\/\\\/hagemanestate.com\\\/#\\\/schema\\\/logo\\\/image\\\/\",\"url\":\"https:\\\/\\\/hagemanestate.com\\\/wp-content\\\/uploads\\\/2025\\\/05\\\/2025.-01.-30.-17_18_09-1024x575.png\",\"contentUrl\":\"https:\\\/\\\/hagemanestate.com\\\/wp-content\\\/uploads\\\/2025\\\/05\\\/2025.-01.-30.-17_18_09-1024x575.png\",\"width\":1024,\"height\":575,\"caption\":\"hagemanestate.com\"},\"image\":{\"@id\":\"https:\\\/\\\/hagemanestate.com\\\/#\\\/schema\\\/logo\\\/image\\\/\"},\"sameAs\":[\"https:\\\/\\\/www.facebook.com\\\/coen.hageman\",\"https:\\\/\\\/www.instagram.com\\\/coenhagemanestate\\\/\",\"https:\\\/\\\/www.tiktok.com\\\/@coenhagemaningatlan\"],\"description\":\"Hageman Estate is een gecertificeerd makelaarskantoor in de provincie Somogy, Hongarije. Wij zijn gespecialiseerd in de aan- en verkoop van landelijk vastgoed en begeleiden buitenlandse kopers \u2013 voornamelijk uit Nederland en West-Europa \u2013 persoonlijk van de eerste bezichtiging tot de sleuteloverdracht.\",\"email\":\"coenhageman@gmail.com\",\"telephone\":\"+36 30 391 9975\",\"legalName\":\"Hageman Estate\",\"foundingDate\":\"2025-07-04\",\"numberOfEmployees\":{\"@type\":\"QuantitativeValue\",\"minValue\":\"1\",\"maxValue\":\"10\"}}]}<\/script>\n<!-- \/ Yoast SEO Premium plugin. -->","yoast_head_json":{"title":"Kontakt zum Eigent\u00fcmer | Hageman Estate Kontaktieren Sie uns","description":"Kontaktieren Sie Hageman Estate per Telefon oder E-Mail +36 30 391 9975, info@hagemanestate.com - Wir k\u00f6nnen Ihnen helfen, Ihr Traumhaus zu finden.","robots":{"index":"index","follow":"follow","max-snippet":"max-snippet:-1","max-image-preview":"max-image-preview:large","max-video-preview":"max-video-preview:-1"},"canonical":"https:\/\/hagemanestate.com\/de\/kontakte\/","og_locale":"de_DE","og_type":"article","og_title":"Kapcsolatok","og_description":"L\u00e9pjen kapcsolatba Hageman Estate ingatlanossal telefonon vagy emailben! +36 30 391 9975, info@hagemanestate.com \u2013 Seg\u00edt\u00fcnk megtal\u00e1lni \u00e1lmai otthon\u00e1t.","og_url":"https:\/\/hagemanestate.com\/de\/kontakte\/","og_site_name":"hagemanestate.com","article_publisher":"https:\/\/www.facebook.com\/coen.hageman","article_modified_time":"2025-08-05T20:35:26+00:00","og_image":[{"url":"https:\/\/hagemanestate.com\/wp-content\/uploads\/2025\/05\/CH-szemelyesen-2.0-1-924x1024.jpg","type":"","width":"","height":""}],"twitter_card":"summary_large_image","twitter_misc":{"Gesch\u00e4tzte Lesezeit":"1\u00a0Minute"},"schema":{"@context":"https:\/\/schema.org","@graph":[{"@type":"WebPage","@id":"https:\/\/hagemanestate.com\/kapcsolatok\/","url":"https:\/\/hagemanestate.com\/kapcsolatok\/","name":"Kontakt zum Eigent\u00fcmer | Hageman Estate Kontaktieren Sie uns","isPartOf":{"@id":"https:\/\/hagemanestate.com\/#website"},"primaryImageOfPage":{"@id":"https:\/\/hagemanestate.com\/kapcsolatok\/#primaryimage"},"image":{"@id":"https:\/\/hagemanestate.com\/kapcsolatok\/#primaryimage"},"thumbnailUrl":"https:\/\/hagemanestate.com\/wp-content\/uploads\/2025\/05\/CH-szemelyesen-2.0-1-924x1024.jpg","datePublished":"2025-05-21T08:03:23+00:00","dateModified":"2025-08-05T20:35:26+00:00","description":"Kontaktieren Sie Hageman Estate per Telefon oder E-Mail +36 30 391 9975, info@hagemanestate.com - Wir k\u00f6nnen Ihnen helfen, Ihr Traumhaus zu finden.","breadcrumb":{"@id":"https:\/\/hagemanestate.com\/kapcsolatok\/#breadcrumb"},"inLanguage":"de","potentialAction":[{"@type":"ReadAction","target":["https:\/\/hagemanestate.com\/kapcsolatok\/"]}]},{"@type":"ImageObject","inLanguage":"de","@id":"https:\/\/hagemanestate.com\/kapcsolatok\/#primaryimage","url":"https:\/\/hagemanestate.com\/wp-content\/uploads\/2025\/05\/CH-szemelyesen-2.0-1-924x1024.jpg","contentUrl":"https:\/\/hagemanestate.com\/wp-content\/uploads\/2025\/05\/CH-szemelyesen-2.0-1-924x1024.jpg"},{"@type":"BreadcrumbList","@id":"https:\/\/hagemanestate.com\/kapcsolatok\/#breadcrumb","itemListElement":[{"@type":"ListItem","position":1,"name":"Kezd\u0151lap","item":"https:\/\/hagemanestate.com\/"},{"@type":"ListItem","position":2,"name":"Kapcsolatok"}]},{"@type":"WebSite","@id":"https:\/\/hagemanestate.com\/#website","url":"https:\/\/hagemanestate.com\/","name":"hagemanestate.com","description":"\ud83c\udded\ud83c\uddfa Englisch: Real Estate Hungary - Kaufen oder mieten Sie eine Immobilie in Somogy | Hageman Estate \ud83c\uddec\ud83c\udde7 Englisch: Real Estate Hungary - Kaufen oder mieten Sie eine Immobilie in Somogy | Hageman Estate \ud83c\udde9\ud83c\uddea Ungarn, Immobilien - Kaufen oder mieten in Somogy | Hageman Estate \ud83c\uddf3\ud83c\uddf1 Nederlands: Makelaar Hongarije - Koop of huur vastgoed in Somogy | Hageman Estate","publisher":{"@id":"https:\/\/hagemanestate.com\/#organization"},"potentialAction":[{"@type":"SearchAction","target":{"@type":"EntryPoint","urlTemplate":"https:\/\/hagemanestate.com\/?s={search_term_string}"},"query-input":{"@type":"PropertyValueSpecification","valueRequired":true,"valueName":"search_term_string"}}],"inLanguage":"de"},{"@type":"Organization","@id":"https:\/\/hagemanestate.com\/#organization","name":"hagemanestate.com","url":"https:\/\/hagemanestate.com\/","logo":{"@type":"ImageObject","inLanguage":"de","@id":"https:\/\/hagemanestate.com\/#\/schema\/logo\/image\/","url":"https:\/\/hagemanestate.com\/wp-content\/uploads\/2025\/05\/2025.-01.-30.-17_18_09-1024x575.png","contentUrl":"https:\/\/hagemanestate.com\/wp-content\/uploads\/2025\/05\/2025.-01.-30.-17_18_09-1024x575.png","width":1024,"height":575,"caption":"hagemanestate.com"},"image":{"@id":"https:\/\/hagemanestate.com\/#\/schema\/logo\/image\/"},"sameAs":["https:\/\/www.facebook.com\/coen.hageman","https:\/\/www.instagram.com\/coenhagemanestate\/","https:\/\/www.tiktok.com\/@coenhagemaningatlan"],"description":"Hageman Estate ist eine gepr\u00fcfte Maklerfirma in der Provinz Somogy, Hongkarije. Wir sind spezialisiert auf die Vermittlung und den Verkauf von Landg\u00fctern und betreuen Kunden aus den Niederlanden und Westeuropa - von der ersten Besichtigung bis zur Nachforschung.","email":"coenhageman@gmail.com","telephone":"+36 30 391 9975","legalName":"Hageman Estate","foundingDate":"2025-07-04","numberOfEmployees":{"@type":"QuantitativeValue","minValue":"1","maxValue":"10"}}]}},"_links":{"self":[{"href":"https:\/\/hagemanestate.com\/de\/wp-json\/wp\/v2\/pages\/1518","targetHints":{"allow":["GET"]}}],"collection":[{"href":"https:\/\/hagemanestate.com\/de\/wp-json\/wp\/v2\/pages"}],"about":[{"href":"https:\/\/hagemanestate.com\/de\/wp-json\/wp\/v2\/types\/page"}],"author":[{"embeddable":true,"href":"https:\/\/hagemanestate.com\/de\/wp-json\/wp\/v2\/users\/1"}],"replies":[{"embeddable":true,"href":"https:\/\/hagemanestate.com\/de\/wp-json\/wp\/v2\/comments?post=1518"}],"version-history":[{"count":0,"href":"https:\/\/hagemanestate.com\/de\/wp-json\/wp\/v2\/pages\/1518\/revisions"}],"wp:attachment":[{"href":"https:\/\/hagemanestate.com\/de\/wp-json\/wp\/v2\/media?parent=1518"}],"curies":[{"name":"wp","href":"https:\/\/api.w.org\/{rel}","templated":true}]}}